{"id":224729,"date":"2023-01-16T13:50:59","date_gmt":"2023-01-16T12:50:59","guid":{"rendered":"https:\/\/www.logocrea.com\/store\/?post_type=product&#038;p=224729"},"modified":"2024-07-01T21:13:31","modified_gmt":"2024-07-01T19:13:31","slug":"logoxpert-opcion-3-precio-para-particular","status":"publish","type":"product","link":"https:\/\/www.logocrea.com\/store\/producto\/logoxpert-opcion-3-precio-para-particular\/","title":{"rendered":"LogoXPERT\u00a9 Opci\u00f3n 3. Precio para particular"},"content":{"rendered":"<p>Dise\u00f1o de logotipo por encargo mediante propuestas ilimitadas.<br \/>\nVariantes ilimitadas de colores, tipograf\u00eda y composici\u00f3n incluidas en el plazo m\u00e1ximo del servicio<br \/>\nPapeler\u00eda incluida: Dise\u00f1o de tarjeta a 2 caras, Dise\u00f1o folio A4, Dise\u00f1o de logotipo con datos (sello).<br \/>\nPack redes sociales incluido: Portada de biograf\u00eda de Facebook, Imagen de perfil de Facebook o Twitter, favicon 32&#215;32 para web en JPG.<br \/>\nManual de identidad corporativa completo.<br \/>\nWeb de contacto de 1 secci\u00f3n con hasta 3 cuentas de email profesional.<\/p>\n<p style=\"text-align: left;\">Archivos entregados del logotipo:<br \/>\n&#8211; JPG\/PNG &#8211; 600px ancho.<br \/>\n&#8211; JPG\/PNG &#8211; 1600px ancho.<br \/>\n&#8211; JPG\/PNG &#8211; 4000px ancho.<br \/>\n&#8211; SVG &#8211; Vectorial incluido.<\/p>\n<p>Otras entregas:<br \/>\n&#8211; Dise\u00f1o de tarjeta 2 caras JPG\/PDF.<br \/>\n&#8211; Dise\u00f1o folio A4 JPG\/PDF\/Word.<br \/>\n&#8211; Dise\u00f1o de logotipo con datos (sello) JPG\/PDF.<br \/>\n&#8211; Portada de biograf\u00eda de Facebook JPG.<br \/>\n&#8211; Imagen de perfil de Facebook o Twitter JPG.<br \/>\n&#8211; Manual de identidad corporativa completo. PDF.<br \/>\n\u00b7\u00a0 \u00a0 Descripci\u00f3n del logo. Usos del logotipo: c\u00f3mo y cu\u00e1ndo usar cada tipo de archivo. Colores corporativos: RGB y su equivalencia a PANTONE. Tipograf\u00edas: Fuente o fuentes tipogr\u00e1ficas empleadas para el logotipo. Usos correctos del logotipo: Gu\u00eda para el impresor. Usos incorrectos del logotipo.<br \/>\n\u00b7\u00a0 \u00a0 Logotipo en monocromo 1: negro sobre blanco. Archivos EXTRA incluidos. JPG\/PNG\/SVG<br \/>\n\u00b7\u00a0 \u00a0 Logotipo en monocromo 2: blanco sobre negro. Archivos EXTRA incluidos. JPG\/PNG\/SVG<br \/>\n\u00b7\u00a0 \u00a0 Logotipo invertido o en negativo. Archivos EXTRA incluidos. JPG\/PNG\/SVG<br \/>\n\u00b7\u00a0 \u00a0 Certificado de cesi\u00f3n de derechos de explotaci\u00f3n en exclusiva firmado por dise\u00f1ador.<br \/>\n&#8211; Dise\u00f1o de sobre y carpeta corporativa JPG\/PDF.<br \/>\n&#8211; Web 1 secci\u00f3n con formulario de contacto, Google Maps e iconos con enlaces a redes sociales con hasta 3 cuentas de email profesional.<br \/>\n1 mes de hosting y dominio* incluidos. Despu\u00e9s <a href=\"https:\/\/www.logocrea.com\/hosting-landing-page\/#opciones\" target=\"_blank\" rel=\"noopener\">ver planes<\/a>.<\/p>\n<div>Plazos: propuestas en 4 d\u00edas laborables, las variantes en 3 d\u00edas laborables. Entrega de dise\u00f1o de papeler\u00eda en 4 d\u00edas laborables. Entrega de manual de identidad corporativa en 4 d\u00edas laborables. Entrega de web de contacto 5 d\u00edas. Plazo m\u00e1ximo de proyecto 50 d\u00edas.<\/div>\n<p style=\"text-align: left;\"><strong>Precio PVP exclusivamente particular.<\/strong> Incluye 21% de IVA.<\/p>\n<p style=\"text-align: left;\"><strong>\u00bfNecesitas m\u00e1s informaci\u00f3n sobre este servicio? <a href=\"https:\/\/www.logocrea.com\/diseno-de-logotipos\/logoxpert\/#opciones\" target=\"_blank\" rel=\"noopener\">Haz clic aqu\u00ed<\/a><br \/>\n<\/strong><\/p>\n","protected":false},"excerpt":{"rendered":"<p>Dise\u00f1o de logotipo por encargo mediante propuestas ilimitadas.<br \/>\nVariantes ilimitadas de colores, tipograf\u00eda y composici\u00f3n incluidas en el plazo m\u00e1ximo del servicio<br \/>\nPapeler\u00eda incluida: Dise\u00f1o de tarjeta a 2 caras, Dise\u00f1o folio A4, Dise\u00f1o de logotipo con datos (sello).<br \/>\nPack redes sociales incluido: Portada de biograf\u00eda de Facebook, Imagen de perfil de Facebook o Twitter, favicon 32&#215;32 para web en JPG.<br \/>\nManual de identidad corporativa completo.<br \/>\nDise\u00f1o de sobre y carpeta corporativa.<br \/>\nWeb de contacto de 1 secci\u00f3n con hasta 3 cuentas de email profesional.<\/p>\n","protected":false},"featured_media":224716,"template":"","meta":{"_et_pb_use_builder":"on","_et_pb_old_content":"Dise\u00f1o de logotipo por encargo mediante propuestas ilimitadas.\r\nVariantes ilimitadas de colores, tipograf\u00eda y composici\u00f3n incluidas en el plazo m\u00e1ximo del servicio\r\nPapeler\u00eda incluida: Dise\u00f1o de tarjeta a 2 caras, Dise\u00f1o folio A4, Dise\u00f1o de logotipo con datos (sello).\r\nPack redes sociales incluido: Portada de biograf\u00eda de Facebook, Imagen de perfil de Facebook o Twitter, favicon 32x32 para web en JPG.\r\nManual de identidad corporativa completo.\r\nWeb de contacto de 1 secci\u00f3n con hasta 3 cuentas de email profesional.\r\n<p style=\"text-align: left;\">Archivos entregados del logotipo:\r\n- JPG\/PNG - 600px ancho.\r\n- JPG\/PNG - 1600px ancho.\r\n- JPG\/PNG - 4000px ancho.\r\n- SVG - Vectorial incluido.<\/p>\r\nOtras entregas:\r\n- Dise\u00f1o de tarjeta 2 caras JPG\/PDF.\r\n- Dise\u00f1o folio A4 JPG\/PDF\/Word.\r\n- Dise\u00f1o de logotipo con datos (sello) JPG\/PDF.\r\n- Portada de biograf\u00eda de Facebook JPG.\r\n- Imagen de perfil de Facebook o Twitter JPG.\r\n- Manual de identidad corporativa completo. PDF.\r\n\u00b7\u00a0 \u00a0 Descripci\u00f3n del logo. Usos del logotipo: c\u00f3mo y cu\u00e1ndo usar cada tipo de archivo. Colores corporativos: RGB y su equivalencia a PANTONE. Tipograf\u00edas: Fuente o fuentes tipogr\u00e1ficas empleadas para el logotipo. Usos correctos del logotipo: Gu\u00eda para el impresor. Usos incorrectos del logotipo.\r\n\u00b7\u00a0 \u00a0 Logotipo en monocromo 1: negro sobre blanco. Archivos EXTRA incluidos. JPG\/PNG\/SVG\r\n\u00b7\u00a0 \u00a0 Logotipo en monocromo 2: blanco sobre negro. Archivos EXTRA incluidos. JPG\/PNG\/SVG\r\n\u00b7\u00a0 \u00a0 Logotipo invertido o en negativo. Archivos EXTRA incluidos. JPG\/PNG\/SVG\r\n\u00b7\u00a0 \u00a0 Certificado de cesi\u00f3n de derechos de explotaci\u00f3n en exclusiva firmado por dise\u00f1ador.\r\n- Dise\u00f1o de sobre y carpeta corporativa JPG\/PDF.\r\n- Web 1 secci\u00f3n con formulario de contacto, Google Maps e iconos con enlaces a redes sociales con hasta 3 cuentas de email profesional.\r\n1 mes de hosting y dominio* incluidos. Despu\u00e9s <a href=\"https:\/\/www.logocrea.com\/hosting-landing-page\/#opciones\" target=\"_blank\" rel=\"noopener\">ver planes<\/a>.\r\n<div>Plazos: propuestas en 4 d\u00edas laborables, las variantes en 3 d\u00edas laborables. Entrega de dise\u00f1o de papeler\u00eda en 4 d\u00edas laborables. Entrega de manual de identidad corporativa en 4 d\u00edas laborables. Entrega de web de contacto 5 d\u00edas. Plazo m\u00e1ximo de proyecto 50 d\u00edas.<\/div>\r\n<p style=\"text-align: left;\"><strong>Precio PVP exclusivamente particular.<\/strong> Incluye 21% de IVA.<\/p>\r\n<p style=\"text-align: left;\"><strong>\u00bfNecesitas m\u00e1s informaci\u00f3n sobre este servicio? <a href=\"https:\/\/www.logocrea.com\/diseno-de-logotipos\/logoxpert\/#opciones\" target=\"_blank\" rel=\"noopener\">Haz clic aqu\u00ed<\/a>\r\n<\/strong><\/p>","_et_gb_content_width":""},"product_brand":[],"product_cat":[26],"product_tag":[50,55,38,49,54,53,52,47,46],"class_list":{"0":"post-224729","1":"product","2":"type-product","3":"status-publish","4":"has-post-thumbnail","6":"product_cat-diseno-de-logotipos","7":"product_tag-adaptacion-a-redes-sociales","8":"product_tag-diseno-de-carpeta-corporativa","9":"product_tag-diseno-de-logotipos","10":"product_tag-diseno-de-papeleria","11":"product_tag-diseno-de-sobre-corporativo","12":"product_tag-logoxpert","13":"product_tag-manual-de-identidad-corporativa","14":"product_tag-web","15":"product_tag-web-de-contacto","17":"first","18":"instock","19":"downloadable","20":"virtual","21":"purchasable","22":"product-type-simple"},"yoast_head":"<!-- This site is optimized with the Yoast SEO plugin v27.4 - https:\/\/yoast.com\/product\/yoast-seo-wordpress\/ -->\n<title>\u27a4 LogoXPERT\u00a9 Opci\u00f3n 3. Precio para particular - Logocrea\u00ae Store<\/title>\n<meta name=\"description\" content=\"Dise\u00f1o de logotipos con propuestas ilimitadas. Con papeler\u00eda y adaptaci\u00f3n a redes sociales. Manual de identidad corporativa. Con landing page. Inf\u00f3rmate!\" \/>\n<meta name=\"robots\" content=\"index, follow, max-snippet:-1, max-image-preview:large, max-video-preview:-1\" \/>\n<link rel=\"canonical\" href=\"https:\/\/www.logocrea.com\/store\/producto\/logoxpert-opcion-3-precio-para-particular\/\" \/>\n<meta property=\"og:locale\" content=\"es_ES\" \/>\n<meta property=\"og:type\" content=\"article\" \/>\n<meta property=\"og:title\" content=\"\u27a4 LogoXPERT\u00a9 Opci\u00f3n 3. Precio para particular - Logocrea\u00ae Store\" \/>\n<meta property=\"og:description\" content=\"Dise\u00f1o de logotipos con propuestas ilimitadas. Con papeler\u00eda y adaptaci\u00f3n a redes sociales. Manual de identidad corporativa. Con landing page. Inf\u00f3rmate!\" \/>\n<meta property=\"og:url\" content=\"https:\/\/www.logocrea.com\/store\/producto\/logoxpert-opcion-3-precio-para-particular\/\" \/>\n<meta property=\"og:site_name\" content=\"Logocrea\u00ae Store\" \/>\n<meta property=\"article:publisher\" content=\"https:\/\/www.facebook.com\/logocrea\" \/>\n<meta property=\"article:modified_time\" content=\"2024-07-01T19:13:31+00:00\" \/>\n<meta property=\"og:image\" content=\"https:\/\/www.logocrea.com\/store\/wp-content\/uploads\/2023\/01\/logoxpert3-store.jpg\" \/>\n\t<meta property=\"og:image:width\" content=\"570\" \/>\n\t<meta property=\"og:image:height\" content=\"572\" \/>\n\t<meta property=\"og:image:type\" content=\"image\/jpeg\" \/>\n<meta name=\"twitter:card\" content=\"summary_large_image\" \/>\n<meta name=\"twitter:site\" content=\"@logocrea\" \/>\n<meta name=\"twitter:label1\" content=\"Tiempo de lectura\" \/>\n\t<meta name=\"twitter:data1\" content=\"2 minutos\" \/>\n<script type=\"application\/ld+json\" class=\"yoast-schema-graph\">{\"@context\":\"https:\\\/\\\/schema.org\",\"@graph\":[{\"@type\":\"WebPage\",\"@id\":\"https:\\\/\\\/www.logocrea.com\\\/store\\\/producto\\\/logoxpert-opcion-3-precio-para-particular\\\/\",\"url\":\"https:\\\/\\\/www.logocrea.com\\\/store\\\/producto\\\/logoxpert-opcion-3-precio-para-particular\\\/\",\"name\":\"\u27a4 LogoXPERT\u00a9 Opci\u00f3n 3. Precio para particular - Logocrea\u00ae Store\",\"isPartOf\":{\"@id\":\"https:\\\/\\\/www.logocrea.com\\\/store\\\/#website\"},\"primaryImageOfPage\":{\"@id\":\"https:\\\/\\\/www.logocrea.com\\\/store\\\/producto\\\/logoxpert-opcion-3-precio-para-particular\\\/#primaryimage\"},\"image\":{\"@id\":\"https:\\\/\\\/www.logocrea.com\\\/store\\\/producto\\\/logoxpert-opcion-3-precio-para-particular\\\/#primaryimage\"},\"thumbnailUrl\":\"https:\\\/\\\/www.logocrea.com\\\/store\\\/wp-content\\\/uploads\\\/2023\\\/01\\\/logoxpert3-store.jpg\",\"datePublished\":\"2023-01-16T12:50:59+00:00\",\"dateModified\":\"2024-07-01T19:13:31+00:00\",\"description\":\"Dise\u00f1o de logotipos con propuestas ilimitadas. Con papeler\u00eda y adaptaci\u00f3n a redes sociales. Manual de identidad corporativa. Con landing page. Inf\u00f3rmate!\",\"breadcrumb\":{\"@id\":\"https:\\\/\\\/www.logocrea.com\\\/store\\\/producto\\\/logoxpert-opcion-3-precio-para-particular\\\/#breadcrumb\"},\"inLanguage\":\"es\",\"potentialAction\":[{\"@type\":\"ReadAction\",\"target\":[\"https:\\\/\\\/www.logocrea.com\\\/store\\\/producto\\\/logoxpert-opcion-3-precio-para-particular\\\/\"]}]},{\"@type\":\"ImageObject\",\"inLanguage\":\"es\",\"@id\":\"https:\\\/\\\/www.logocrea.com\\\/store\\\/producto\\\/logoxpert-opcion-3-precio-para-particular\\\/#primaryimage\",\"url\":\"https:\\\/\\\/www.logocrea.com\\\/store\\\/wp-content\\\/uploads\\\/2023\\\/01\\\/logoxpert3-store.jpg\",\"contentUrl\":\"https:\\\/\\\/www.logocrea.com\\\/store\\\/wp-content\\\/uploads\\\/2023\\\/01\\\/logoxpert3-store.jpg\",\"width\":570,\"height\":572,\"caption\":\"LogoXPERT\u00a9 de Logocrea\u00ae\"},{\"@type\":\"BreadcrumbList\",\"@id\":\"https:\\\/\\\/www.logocrea.com\\\/store\\\/producto\\\/logoxpert-opcion-3-precio-para-particular\\\/#breadcrumb\",\"itemListElement\":[{\"@type\":\"ListItem\",\"position\":1,\"name\":\"Portada\",\"item\":\"https:\\\/\\\/www.logocrea.com\\\/store\\\/\"},{\"@type\":\"ListItem\",\"position\":2,\"name\":\"Tienda\",\"item\":\"https:\\\/\\\/www.logocrea.com\\\/store\\\/tienda\\\/\"},{\"@type\":\"ListItem\",\"position\":3,\"name\":\"LogoXPERT\u00a9 Opci\u00f3n 3. Precio para particular\"}]},{\"@type\":\"WebSite\",\"@id\":\"https:\\\/\\\/www.logocrea.com\\\/store\\\/#website\",\"url\":\"https:\\\/\\\/www.logocrea.com\\\/store\\\/\",\"name\":\"Logocrea\u00ae | Dise\u00f1o de logotipos, web y gr\u00e1fico | Agencia de Branding\",\"description\":\"Logocrea\u00ae es una agencia de dise\u00f1o profesional, especializada en imagen corporativa: dise\u00f1amos logos, webs y realizamos todo tipo de dise\u00f1o gr\u00e1fico desde 2003.\",\"publisher\":{\"@id\":\"https:\\\/\\\/www.logocrea.com\\\/store\\\/#organization\"},\"alternateName\":\"Logocrea\u00ae | Dise\u00f1o de logotipos, web y gr\u00e1fico | Agencia de Branding\",\"potentialAction\":[{\"@type\":\"SearchAction\",\"target\":{\"@type\":\"EntryPoint\",\"urlTemplate\":\"https:\\\/\\\/www.logocrea.com\\\/store\\\/?s={search_term_string}\"},\"query-input\":{\"@type\":\"PropertyValueSpecification\",\"valueRequired\":true,\"valueName\":\"search_term_string\"}}],\"inLanguage\":\"es\"},{\"@type\":\"Organization\",\"@id\":\"https:\\\/\\\/www.logocrea.com\\\/store\\\/#organization\",\"name\":\"Logocrea\u00ae | Dise\u00f1o de logotipos, web y gr\u00e1fico | Agencia de Branding\",\"url\":\"https:\\\/\\\/www.logocrea.com\\\/store\\\/\",\"logo\":{\"@type\":\"ImageObject\",\"inLanguage\":\"es\",\"@id\":\"https:\\\/\\\/www.logocrea.com\\\/store\\\/#\\\/schema\\\/logo\\\/image\\\/\",\"url\":\"https:\\\/\\\/www.logocrea.com\\\/store\\\/wp-content\\\/uploads\\\/2022\\\/11\\\/logocrea-2022-500.jpg\",\"contentUrl\":\"https:\\\/\\\/www.logocrea.com\\\/store\\\/wp-content\\\/uploads\\\/2022\\\/11\\\/logocrea-2022-500.jpg\",\"width\":500,\"height\":163,\"caption\":\"Logocrea\u00ae | Dise\u00f1o de logotipos, web y gr\u00e1fico | Agencia de Branding\"},\"image\":{\"@id\":\"https:\\\/\\\/www.logocrea.com\\\/store\\\/#\\\/schema\\\/logo\\\/image\\\/\"},\"sameAs\":[\"https:\\\/\\\/www.facebook.com\\\/logocrea\",\"https:\\\/\\\/x.com\\\/logocrea\",\"https:\\\/\\\/www.tiktok.com\\\/@logocrea\",\"https:\\\/\\\/www.instagram.com\\\/logocrea.es\"]}]}<\/script>\n<!-- \/ Yoast SEO plugin. -->","yoast_head_json":{"title":"\u27a4 LogoXPERT\u00a9 Opci\u00f3n 3. Precio para particular - Logocrea\u00ae Store","description":"Dise\u00f1o de logotipos con propuestas ilimitadas. Con papeler\u00eda y adaptaci\u00f3n a redes sociales. Manual de identidad corporativa. Con landing page. Inf\u00f3rmate!","robots":{"index":"index","follow":"follow","max-snippet":"max-snippet:-1","max-image-preview":"max-image-preview:large","max-video-preview":"max-video-preview:-1"},"canonical":"https:\/\/www.logocrea.com\/store\/producto\/logoxpert-opcion-3-precio-para-particular\/","og_locale":"es_ES","og_type":"article","og_title":"\u27a4 LogoXPERT\u00a9 Opci\u00f3n 3. Precio para particular - Logocrea\u00ae Store","og_description":"Dise\u00f1o de logotipos con propuestas ilimitadas. Con papeler\u00eda y adaptaci\u00f3n a redes sociales. Manual de identidad corporativa. Con landing page. Inf\u00f3rmate!","og_url":"https:\/\/www.logocrea.com\/store\/producto\/logoxpert-opcion-3-precio-para-particular\/","og_site_name":"Logocrea\u00ae Store","article_publisher":"https:\/\/www.facebook.com\/logocrea","article_modified_time":"2024-07-01T19:13:31+00:00","og_image":[{"width":570,"height":572,"url":"https:\/\/www.logocrea.com\/store\/wp-content\/uploads\/2023\/01\/logoxpert3-store.jpg","type":"image\/jpeg"}],"twitter_card":"summary_large_image","twitter_site":"@logocrea","twitter_misc":{"Tiempo de lectura":"2 minutos"},"schema":{"@context":"https:\/\/schema.org","@graph":[{"@type":"WebPage","@id":"https:\/\/www.logocrea.com\/store\/producto\/logoxpert-opcion-3-precio-para-particular\/","url":"https:\/\/www.logocrea.com\/store\/producto\/logoxpert-opcion-3-precio-para-particular\/","name":"\u27a4 LogoXPERT\u00a9 Opci\u00f3n 3. Precio para particular - Logocrea\u00ae Store","isPartOf":{"@id":"https:\/\/www.logocrea.com\/store\/#website"},"primaryImageOfPage":{"@id":"https:\/\/www.logocrea.com\/store\/producto\/logoxpert-opcion-3-precio-para-particular\/#primaryimage"},"image":{"@id":"https:\/\/www.logocrea.com\/store\/producto\/logoxpert-opcion-3-precio-para-particular\/#primaryimage"},"thumbnailUrl":"https:\/\/www.logocrea.com\/store\/wp-content\/uploads\/2023\/01\/logoxpert3-store.jpg","datePublished":"2023-01-16T12:50:59+00:00","dateModified":"2024-07-01T19:13:31+00:00","description":"Dise\u00f1o de logotipos con propuestas ilimitadas. Con papeler\u00eda y adaptaci\u00f3n a redes sociales. Manual de identidad corporativa. Con landing page. Inf\u00f3rmate!","breadcrumb":{"@id":"https:\/\/www.logocrea.com\/store\/producto\/logoxpert-opcion-3-precio-para-particular\/#breadcrumb"},"inLanguage":"es","potentialAction":[{"@type":"ReadAction","target":["https:\/\/www.logocrea.com\/store\/producto\/logoxpert-opcion-3-precio-para-particular\/"]}]},{"@type":"ImageObject","inLanguage":"es","@id":"https:\/\/www.logocrea.com\/store\/producto\/logoxpert-opcion-3-precio-para-particular\/#primaryimage","url":"https:\/\/www.logocrea.com\/store\/wp-content\/uploads\/2023\/01\/logoxpert3-store.jpg","contentUrl":"https:\/\/www.logocrea.com\/store\/wp-content\/uploads\/2023\/01\/logoxpert3-store.jpg","width":570,"height":572,"caption":"LogoXPERT\u00a9 de Logocrea\u00ae"},{"@type":"BreadcrumbList","@id":"https:\/\/www.logocrea.com\/store\/producto\/logoxpert-opcion-3-precio-para-particular\/#breadcrumb","itemListElement":[{"@type":"ListItem","position":1,"name":"Portada","item":"https:\/\/www.logocrea.com\/store\/"},{"@type":"ListItem","position":2,"name":"Tienda","item":"https:\/\/www.logocrea.com\/store\/tienda\/"},{"@type":"ListItem","position":3,"name":"LogoXPERT\u00a9 Opci\u00f3n 3. Precio para particular"}]},{"@type":"WebSite","@id":"https:\/\/www.logocrea.com\/store\/#website","url":"https:\/\/www.logocrea.com\/store\/","name":"Logocrea\u00ae | Dise\u00f1o de logotipos, web y gr\u00e1fico | Agencia de Branding","description":"Logocrea\u00ae es una agencia de dise\u00f1o profesional, especializada en imagen corporativa: dise\u00f1amos logos, webs y realizamos todo tipo de dise\u00f1o gr\u00e1fico desde 2003.","publisher":{"@id":"https:\/\/www.logocrea.com\/store\/#organization"},"alternateName":"Logocrea\u00ae | Dise\u00f1o de logotipos, web y gr\u00e1fico | Agencia de Branding","potentialAction":[{"@type":"SearchAction","target":{"@type":"EntryPoint","urlTemplate":"https:\/\/www.logocrea.com\/store\/?s={search_term_string}"},"query-input":{"@type":"PropertyValueSpecification","valueRequired":true,"valueName":"search_term_string"}}],"inLanguage":"es"},{"@type":"Organization","@id":"https:\/\/www.logocrea.com\/store\/#organization","name":"Logocrea\u00ae | Dise\u00f1o de logotipos, web y gr\u00e1fico | Agencia de Branding","url":"https:\/\/www.logocrea.com\/store\/","logo":{"@type":"ImageObject","inLanguage":"es","@id":"https:\/\/www.logocrea.com\/store\/#\/schema\/logo\/image\/","url":"https:\/\/www.logocrea.com\/store\/wp-content\/uploads\/2022\/11\/logocrea-2022-500.jpg","contentUrl":"https:\/\/www.logocrea.com\/store\/wp-content\/uploads\/2022\/11\/logocrea-2022-500.jpg","width":500,"height":163,"caption":"Logocrea\u00ae | Dise\u00f1o de logotipos, web y gr\u00e1fico | Agencia de Branding"},"image":{"@id":"https:\/\/www.logocrea.com\/store\/#\/schema\/logo\/image\/"},"sameAs":["https:\/\/www.facebook.com\/logocrea","https:\/\/x.com\/logocrea","https:\/\/www.tiktok.com\/@logocrea","https:\/\/www.instagram.com\/logocrea.es"]}]}},"_links":{"self":[{"href":"https:\/\/www.logocrea.com\/store\/wp-json\/wp\/v2\/product\/224729","targetHints":{"allow":["GET"]}}],"collection":[{"href":"https:\/\/www.logocrea.com\/store\/wp-json\/wp\/v2\/product"}],"about":[{"href":"https:\/\/www.logocrea.com\/store\/wp-json\/wp\/v2\/types\/product"}],"wp:featuredmedia":[{"embeddable":true,"href":"https:\/\/www.logocrea.com\/store\/wp-json\/wp\/v2\/media\/224716"}],"wp:attachment":[{"href":"https:\/\/www.logocrea.com\/store\/wp-json\/wp\/v2\/media?parent=224729"}],"wp:term":[{"taxonomy":"product_brand","embeddable":true,"href":"https:\/\/www.logocrea.com\/store\/wp-json\/wp\/v2\/product_brand?post=224729"},{"taxonomy":"product_cat","embeddable":true,"href":"https:\/\/www.logocrea.com\/store\/wp-json\/wp\/v2\/product_cat?post=224729"},{"taxonomy":"product_tag","embeddable":true,"href":"https:\/\/www.logocrea.com\/store\/wp-json\/wp\/v2\/product_tag?post=224729"}],"curies":[{"name":"wp","href":"https:\/\/api.w.org\/{rel}","templated":true}]}}