{"id":224949,"date":"2023-01-31T19:58:06","date_gmt":"2023-01-31T18:58:06","guid":{"rendered":"https:\/\/www.logocrea.com\/store\/?post_type=product&#038;p=224949"},"modified":"2024-09-04T17:27:59","modified_gmt":"2024-09-04T15:27:59","slug":"startmax-opcion-1-precio-para-empresa-o-autonomo","status":"publish","type":"product","link":"https:\/\/www.logocrea.com\/store\/producto\/startmax-opcion-1-precio-para-empresa-o-autonomo\/","title":{"rendered":"StartMAX\u00a9 Opci\u00f3n 1. Precio para empresa o a\u00fatonomo"},"content":{"rendered":"<p>Pack de dise\u00f1o que incluye:<\/p>\n<p>Dise\u00f1o de logotipo mediante mediante 4 propuestas en una fase.<br \/>\nDise\u00f1o de papeler\u00eda (tarjeta 1 cara) y adaptaci\u00f3n a redes sociales.<br \/>\nVariantes ilimitadas de colores, tipograf\u00eda y composici\u00f3n incluidas en el plazo m\u00e1ximo del servicio<br \/>\nPapeler\u00eda incluida: Dise\u00f1o de tarjeta de 1 cara (para 2 caras opci\u00f3n 2), Dise\u00f1o folio A4, Dise\u00f1o de logotipo con datos (sello).<br \/>\nPack redes sociales incluido: Portada de biograf\u00eda de Facebook, Imagen de perfil de Facebook o Twitter, favicon 32&#215;32 para web en JPG<br \/>\nArchivos entregados del logotipo:<br \/>\n&#8211; JPG\/PNG &#8211; 600px ancho.<br \/>\n&#8211; JPG\/PNG &#8211; 1600px ancho.<br \/>\n&#8211; JPG\/PNG &#8211; 4000px ancho.<br \/>\n&#8211; SVG &#8211; Vectorial incluido.<\/p>\n<p style=\"text-align: left;\">Otras entregas:<br \/>\n&#8211; Dise\u00f1o de tarjeta 1 cara JPG\/PDF.<br \/>\n&#8211; Dise\u00f1o folio A4 JPG\/PDF\/Word.<br \/>\n&#8211; Dise\u00f1o de logotipo con datos (sello) JPG\/PDF.<br \/>\n&#8211; Portada de biograf\u00eda de Facebook.<br \/>\n&#8211; Imagen de perfil de Facebook o Twitter JPG.<br \/>\n&#8211; Favicon 32&#215;32 para web JPG.<\/p>\n<p>Dise\u00f1o de p\u00e1gina web personalizada.<br \/>\nPanel de control autogestionable.<br \/>\nIncluye revisiones de dise\u00f1o.<br \/>\nContenido: La <strong>web<\/strong> se entrega con<strong> 15 secciones o p\u00e1ginas<\/strong> como m\u00e1ximo (inicio, quienes somos, servicios, contacto, etc).<br \/>\nResponsive. Adaptada a m\u00f3viles.<br \/>\nTextos y fotos a cargo del cliente.<br \/>\nNOTA: El cliente puede, posteriormente a la entrega insertar nuevo contenido y secciones por su cuenta a trav\u00e9s del panel de control.<br \/>\nGRATIS: Alojamiento (Hosting WordPress) y dominio de 3 meses*. Despu\u00e9s 100\u20ac\/a\u00f1o (precio profesional).<br \/>\nIncluye: hasta 3 cuentas de email profesionales.<br \/>\nCertificado https.<br \/>\nEl cliente podr\u00e1 editarla sin limitaciones, una vez entregada la web con las claves.<br \/>\nInstalaci\u00f3n del Google Maps en p\u00e1gina de contacto.<br \/>\nIconos con enlaces hacia las redes sociales.<br \/>\nCertificado de cifrado para HTTPS.<br \/>\nSi necesitas alojar la web en tu propio servidor, aplicaremos un suplemento adicional en concepto de instalaci\u00f3n: 30\u20ac (precio profesional). <strong><a href=\"https:\/\/www.logocrea.com\/store\/cart\/?add-to-cart=225010&amp;quantity=1\" target=\"_blank\" rel=\"noopener\">Contratar<\/a><\/strong><\/p>\n<p style=\"text-align: left;\">Plazos: En el plazo m\u00e1ximo del proyecto es de 45 d\u00edas en total desde la formalizaci\u00f3n del pago para poder solicitar los cambios oportunos.<br \/>\n<strong>Precio exclusivamente para empresas o aut\u00f3nomos. <\/strong>Incluye 21% de IVA y se aplica el 15% de IRPF.<\/p>\n<p style=\"text-align: left;\"><strong>\u00bfNecesitas m\u00e1s informaci\u00f3n sobre este servicio? <a href=\"https:\/\/www.logocrea.com\/packs-de-servicios\/startmax2020\/#opciones\" target=\"_blank\" rel=\"noopener\">Haz clic aqu\u00ed<\/a><br \/>\n<\/strong><\/p>\n","protected":false},"excerpt":{"rendered":"<p>Pack de dise\u00f1o que incluye:<\/p>\n<p>Dise\u00f1o de logotipo mediante mediante 4 propuestas en una fase.<br \/>\nDise\u00f1o de papeler\u00eda (tarjeta 1 cara) y adaptaci\u00f3n a redes sociales<br \/>\nDise\u00f1o de p\u00e1gina web personalizada.<br \/>\nLa web se entrega con 15 secciones o p\u00e1ginas como m\u00e1ximo (inicio, quienes somos, servicios, contacto, etc).<br \/>\nPanel de control autogestionable.<br \/>\nIncluye revisiones de dise\u00f1o.<br \/>\nResponsive. Adaptada a m\u00f3viles.<br \/>\nGRATIS: Alojamiento (Hosting WordPress) y dominio de 3 meses*. Despu\u00e9s 100\u20ac\/a\u00f1o (precio profesional).<br \/>\nIncluye: hasta 3 cuentas de email profesionales.<br \/>\nCertificado de cifrado para HTTPS.<\/p>\n","protected":false},"featured_media":224936,"comment_status":"closed","ping_status":"closed","template":"","meta":[],"product_brand":[],"product_cat":[33],"product_tag":[57,38,75,60,58,90,47],"class_list":{"0":"post-224949","1":"product","2":"type-product","3":"status-publish","4":"has-post-thumbnail","6":"product_cat-packs-de-servicios","7":"product_tag-adaptada-a-moviles","8":"product_tag-diseno-de-logotipos","9":"product_tag-diseno-de-pagina-web","10":"product_tag-https","11":"product_tag-responsive","12":"product_tag-startmax","13":"product_tag-web","15":"first","16":"instock","17":"downloadable","18":"virtual","19":"purchasable","20":"product-type-simple"},"yoast_head":"<!-- This site is optimized with the Yoast SEO plugin v27.4 - https:\/\/yoast.com\/product\/yoast-seo-wordpress\/ -->\n<title>StartMAX\u00a9 Opci\u00f3n 1. Precio para empresa o a\u00fatonomo - Logocrea\u00ae Store<\/title>\n<meta name=\"description\" content=\"Pack de dise\u00f1o de logotipo por encargo y p\u00e1gina web personalizada. Panel de control autogestionable. Google Maps. Iconos con enlaces a Redes Sociales.\" \/>\n<meta name=\"robots\" content=\"index, follow, max-snippet:-1, max-image-preview:large, max-video-preview:-1\" \/>\n<link rel=\"canonical\" href=\"https:\/\/www.logocrea.com\/store\/producto\/startmax-opcion-1-precio-para-empresa-o-autonomo\/\" \/>\n<meta property=\"og:locale\" content=\"es_ES\" \/>\n<meta property=\"og:type\" content=\"article\" \/>\n<meta property=\"og:title\" content=\"StartMAX\u00a9 Opci\u00f3n 1. Precio para empresa o a\u00fatonomo - Logocrea\u00ae Store\" \/>\n<meta property=\"og:description\" content=\"Pack de dise\u00f1o de logotipo por encargo y p\u00e1gina web personalizada. Panel de control autogestionable. Google Maps. Iconos con enlaces a Redes Sociales.\" \/>\n<meta property=\"og:url\" content=\"https:\/\/www.logocrea.com\/store\/producto\/startmax-opcion-1-precio-para-empresa-o-autonomo\/\" \/>\n<meta property=\"og:site_name\" content=\"Logocrea\u00ae Store\" \/>\n<meta property=\"article:publisher\" content=\"https:\/\/www.facebook.com\/logocrea\" \/>\n<meta property=\"article:modified_time\" content=\"2024-09-04T15:27:59+00:00\" \/>\n<meta property=\"og:image\" content=\"https:\/\/www.logocrea.com\/store\/wp-content\/uploads\/2023\/01\/startmax1-store.jpg\" \/>\n\t<meta property=\"og:image:width\" content=\"570\" \/>\n\t<meta property=\"og:image:height\" content=\"572\" \/>\n\t<meta property=\"og:image:type\" content=\"image\/jpeg\" \/>\n<meta name=\"twitter:card\" content=\"summary_large_image\" \/>\n<meta name=\"twitter:site\" content=\"@logocrea\" \/>\n<meta name=\"twitter:label1\" content=\"Tiempo de lectura\" \/>\n\t<meta name=\"twitter:data1\" content=\"2 minutos\" \/>\n<script type=\"application\/ld+json\" class=\"yoast-schema-graph\">{\"@context\":\"https:\\\/\\\/schema.org\",\"@graph\":[{\"@type\":\"WebPage\",\"@id\":\"https:\\\/\\\/www.logocrea.com\\\/store\\\/producto\\\/startmax-opcion-1-precio-para-empresa-o-autonomo\\\/\",\"url\":\"https:\\\/\\\/www.logocrea.com\\\/store\\\/producto\\\/startmax-opcion-1-precio-para-empresa-o-autonomo\\\/\",\"name\":\"StartMAX\u00a9 Opci\u00f3n 1. Precio para empresa o a\u00fatonomo - Logocrea\u00ae Store\",\"isPartOf\":{\"@id\":\"https:\\\/\\\/www.logocrea.com\\\/store\\\/#website\"},\"primaryImageOfPage\":{\"@id\":\"https:\\\/\\\/www.logocrea.com\\\/store\\\/producto\\\/startmax-opcion-1-precio-para-empresa-o-autonomo\\\/#primaryimage\"},\"image\":{\"@id\":\"https:\\\/\\\/www.logocrea.com\\\/store\\\/producto\\\/startmax-opcion-1-precio-para-empresa-o-autonomo\\\/#primaryimage\"},\"thumbnailUrl\":\"https:\\\/\\\/www.logocrea.com\\\/store\\\/wp-content\\\/uploads\\\/2023\\\/01\\\/startmax1-store.jpg\",\"datePublished\":\"2023-01-31T18:58:06+00:00\",\"dateModified\":\"2024-09-04T15:27:59+00:00\",\"description\":\"Pack de dise\u00f1o de logotipo por encargo y p\u00e1gina web personalizada. Panel de control autogestionable. Google Maps. Iconos con enlaces a Redes Sociales.\",\"breadcrumb\":{\"@id\":\"https:\\\/\\\/www.logocrea.com\\\/store\\\/producto\\\/startmax-opcion-1-precio-para-empresa-o-autonomo\\\/#breadcrumb\"},\"inLanguage\":\"es\",\"potentialAction\":[{\"@type\":\"ReadAction\",\"target\":[\"https:\\\/\\\/www.logocrea.com\\\/store\\\/producto\\\/startmax-opcion-1-precio-para-empresa-o-autonomo\\\/\"]}]},{\"@type\":\"ImageObject\",\"inLanguage\":\"es\",\"@id\":\"https:\\\/\\\/www.logocrea.com\\\/store\\\/producto\\\/startmax-opcion-1-precio-para-empresa-o-autonomo\\\/#primaryimage\",\"url\":\"https:\\\/\\\/www.logocrea.com\\\/store\\\/wp-content\\\/uploads\\\/2023\\\/01\\\/startmax1-store.jpg\",\"contentUrl\":\"https:\\\/\\\/www.logocrea.com\\\/store\\\/wp-content\\\/uploads\\\/2023\\\/01\\\/startmax1-store.jpg\",\"width\":570,\"height\":572,\"caption\":\"StartMAX| Dise\u00f1o de logotipo | Dise\u00f1o web | Dise\u00f1o tienda online | Dise\u00f1o de papeler\u00eda | Dise\u00f1o packs de dise\u00f1o | Dise\u00f1o gr\u00e1fico\"},{\"@type\":\"BreadcrumbList\",\"@id\":\"https:\\\/\\\/www.logocrea.com\\\/store\\\/producto\\\/startmax-opcion-1-precio-para-empresa-o-autonomo\\\/#breadcrumb\",\"itemListElement\":[{\"@type\":\"ListItem\",\"position\":1,\"name\":\"Portada\",\"item\":\"https:\\\/\\\/www.logocrea.com\\\/store\\\/\"},{\"@type\":\"ListItem\",\"position\":2,\"name\":\"Tienda\",\"item\":\"https:\\\/\\\/www.logocrea.com\\\/store\\\/tienda\\\/\"},{\"@type\":\"ListItem\",\"position\":3,\"name\":\"StartMAX\u00a9 Opci\u00f3n 1. Precio para empresa o a\u00fatonomo\"}]},{\"@type\":\"WebSite\",\"@id\":\"https:\\\/\\\/www.logocrea.com\\\/store\\\/#website\",\"url\":\"https:\\\/\\\/www.logocrea.com\\\/store\\\/\",\"name\":\"Logocrea\u00ae | Dise\u00f1o de logotipos, web y gr\u00e1fico | Agencia de Branding\",\"description\":\"Logocrea\u00ae es una agencia de dise\u00f1o profesional, especializada en imagen corporativa: dise\u00f1amos logos, webs y realizamos todo tipo de dise\u00f1o gr\u00e1fico desde 2003.\",\"publisher\":{\"@id\":\"https:\\\/\\\/www.logocrea.com\\\/store\\\/#organization\"},\"alternateName\":\"Logocrea\u00ae | Dise\u00f1o de logotipos, web y gr\u00e1fico | Agencia de Branding\",\"potentialAction\":[{\"@type\":\"SearchAction\",\"target\":{\"@type\":\"EntryPoint\",\"urlTemplate\":\"https:\\\/\\\/www.logocrea.com\\\/store\\\/?s={search_term_string}\"},\"query-input\":{\"@type\":\"PropertyValueSpecification\",\"valueRequired\":true,\"valueName\":\"search_term_string\"}}],\"inLanguage\":\"es\"},{\"@type\":\"Organization\",\"@id\":\"https:\\\/\\\/www.logocrea.com\\\/store\\\/#organization\",\"name\":\"Logocrea\u00ae | Dise\u00f1o de logotipos, web y gr\u00e1fico | Agencia de Branding\",\"url\":\"https:\\\/\\\/www.logocrea.com\\\/store\\\/\",\"logo\":{\"@type\":\"ImageObject\",\"inLanguage\":\"es\",\"@id\":\"https:\\\/\\\/www.logocrea.com\\\/store\\\/#\\\/schema\\\/logo\\\/image\\\/\",\"url\":\"https:\\\/\\\/www.logocrea.com\\\/store\\\/wp-content\\\/uploads\\\/2022\\\/11\\\/logocrea-2022-500.jpg\",\"contentUrl\":\"https:\\\/\\\/www.logocrea.com\\\/store\\\/wp-content\\\/uploads\\\/2022\\\/11\\\/logocrea-2022-500.jpg\",\"width\":500,\"height\":163,\"caption\":\"Logocrea\u00ae | Dise\u00f1o de logotipos, web y gr\u00e1fico | Agencia de Branding\"},\"image\":{\"@id\":\"https:\\\/\\\/www.logocrea.com\\\/store\\\/#\\\/schema\\\/logo\\\/image\\\/\"},\"sameAs\":[\"https:\\\/\\\/www.facebook.com\\\/logocrea\",\"https:\\\/\\\/x.com\\\/logocrea\",\"https:\\\/\\\/www.tiktok.com\\\/@logocrea\",\"https:\\\/\\\/www.instagram.com\\\/logocrea.es\"]}]}<\/script>\n<!-- \/ Yoast SEO plugin. -->","yoast_head_json":{"title":"StartMAX\u00a9 Opci\u00f3n 1. Precio para empresa o a\u00fatonomo - Logocrea\u00ae Store","description":"Pack de dise\u00f1o de logotipo por encargo y p\u00e1gina web personalizada. Panel de control autogestionable. Google Maps. Iconos con enlaces a Redes Sociales.","robots":{"index":"index","follow":"follow","max-snippet":"max-snippet:-1","max-image-preview":"max-image-preview:large","max-video-preview":"max-video-preview:-1"},"canonical":"https:\/\/www.logocrea.com\/store\/producto\/startmax-opcion-1-precio-para-empresa-o-autonomo\/","og_locale":"es_ES","og_type":"article","og_title":"StartMAX\u00a9 Opci\u00f3n 1. Precio para empresa o a\u00fatonomo - Logocrea\u00ae Store","og_description":"Pack de dise\u00f1o de logotipo por encargo y p\u00e1gina web personalizada. Panel de control autogestionable. Google Maps. Iconos con enlaces a Redes Sociales.","og_url":"https:\/\/www.logocrea.com\/store\/producto\/startmax-opcion-1-precio-para-empresa-o-autonomo\/","og_site_name":"Logocrea\u00ae Store","article_publisher":"https:\/\/www.facebook.com\/logocrea","article_modified_time":"2024-09-04T15:27:59+00:00","og_image":[{"width":570,"height":572,"url":"https:\/\/www.logocrea.com\/store\/wp-content\/uploads\/2023\/01\/startmax1-store.jpg","type":"image\/jpeg"}],"twitter_card":"summary_large_image","twitter_site":"@logocrea","twitter_misc":{"Tiempo de lectura":"2 minutos"},"schema":{"@context":"https:\/\/schema.org","@graph":[{"@type":"WebPage","@id":"https:\/\/www.logocrea.com\/store\/producto\/startmax-opcion-1-precio-para-empresa-o-autonomo\/","url":"https:\/\/www.logocrea.com\/store\/producto\/startmax-opcion-1-precio-para-empresa-o-autonomo\/","name":"StartMAX\u00a9 Opci\u00f3n 1. Precio para empresa o a\u00fatonomo - Logocrea\u00ae Store","isPartOf":{"@id":"https:\/\/www.logocrea.com\/store\/#website"},"primaryImageOfPage":{"@id":"https:\/\/www.logocrea.com\/store\/producto\/startmax-opcion-1-precio-para-empresa-o-autonomo\/#primaryimage"},"image":{"@id":"https:\/\/www.logocrea.com\/store\/producto\/startmax-opcion-1-precio-para-empresa-o-autonomo\/#primaryimage"},"thumbnailUrl":"https:\/\/www.logocrea.com\/store\/wp-content\/uploads\/2023\/01\/startmax1-store.jpg","datePublished":"2023-01-31T18:58:06+00:00","dateModified":"2024-09-04T15:27:59+00:00","description":"Pack de dise\u00f1o de logotipo por encargo y p\u00e1gina web personalizada. Panel de control autogestionable. Google Maps. Iconos con enlaces a Redes Sociales.","breadcrumb":{"@id":"https:\/\/www.logocrea.com\/store\/producto\/startmax-opcion-1-precio-para-empresa-o-autonomo\/#breadcrumb"},"inLanguage":"es","potentialAction":[{"@type":"ReadAction","target":["https:\/\/www.logocrea.com\/store\/producto\/startmax-opcion-1-precio-para-empresa-o-autonomo\/"]}]},{"@type":"ImageObject","inLanguage":"es","@id":"https:\/\/www.logocrea.com\/store\/producto\/startmax-opcion-1-precio-para-empresa-o-autonomo\/#primaryimage","url":"https:\/\/www.logocrea.com\/store\/wp-content\/uploads\/2023\/01\/startmax1-store.jpg","contentUrl":"https:\/\/www.logocrea.com\/store\/wp-content\/uploads\/2023\/01\/startmax1-store.jpg","width":570,"height":572,"caption":"StartMAX| Dise\u00f1o de logotipo | Dise\u00f1o web | Dise\u00f1o tienda online | Dise\u00f1o de papeler\u00eda | Dise\u00f1o packs de dise\u00f1o | Dise\u00f1o gr\u00e1fico"},{"@type":"BreadcrumbList","@id":"https:\/\/www.logocrea.com\/store\/producto\/startmax-opcion-1-precio-para-empresa-o-autonomo\/#breadcrumb","itemListElement":[{"@type":"ListItem","position":1,"name":"Portada","item":"https:\/\/www.logocrea.com\/store\/"},{"@type":"ListItem","position":2,"name":"Tienda","item":"https:\/\/www.logocrea.com\/store\/tienda\/"},{"@type":"ListItem","position":3,"name":"StartMAX\u00a9 Opci\u00f3n 1. Precio para empresa o a\u00fatonomo"}]},{"@type":"WebSite","@id":"https:\/\/www.logocrea.com\/store\/#website","url":"https:\/\/www.logocrea.com\/store\/","name":"Logocrea\u00ae | Dise\u00f1o de logotipos, web y gr\u00e1fico | Agencia de Branding","description":"Logocrea\u00ae es una agencia de dise\u00f1o profesional, especializada en imagen corporativa: dise\u00f1amos logos, webs y realizamos todo tipo de dise\u00f1o gr\u00e1fico desde 2003.","publisher":{"@id":"https:\/\/www.logocrea.com\/store\/#organization"},"alternateName":"Logocrea\u00ae | Dise\u00f1o de logotipos, web y gr\u00e1fico | Agencia de Branding","potentialAction":[{"@type":"SearchAction","target":{"@type":"EntryPoint","urlTemplate":"https:\/\/www.logocrea.com\/store\/?s={search_term_string}"},"query-input":{"@type":"PropertyValueSpecification","valueRequired":true,"valueName":"search_term_string"}}],"inLanguage":"es"},{"@type":"Organization","@id":"https:\/\/www.logocrea.com\/store\/#organization","name":"Logocrea\u00ae | Dise\u00f1o de logotipos, web y gr\u00e1fico | Agencia de Branding","url":"https:\/\/www.logocrea.com\/store\/","logo":{"@type":"ImageObject","inLanguage":"es","@id":"https:\/\/www.logocrea.com\/store\/#\/schema\/logo\/image\/","url":"https:\/\/www.logocrea.com\/store\/wp-content\/uploads\/2022\/11\/logocrea-2022-500.jpg","contentUrl":"https:\/\/www.logocrea.com\/store\/wp-content\/uploads\/2022\/11\/logocrea-2022-500.jpg","width":500,"height":163,"caption":"Logocrea\u00ae | Dise\u00f1o de logotipos, web y gr\u00e1fico | Agencia de Branding"},"image":{"@id":"https:\/\/www.logocrea.com\/store\/#\/schema\/logo\/image\/"},"sameAs":["https:\/\/www.facebook.com\/logocrea","https:\/\/x.com\/logocrea","https:\/\/www.tiktok.com\/@logocrea","https:\/\/www.instagram.com\/logocrea.es"]}]}},"_links":{"self":[{"href":"https:\/\/www.logocrea.com\/store\/wp-json\/wp\/v2\/product\/224949","targetHints":{"allow":["GET"]}}],"collection":[{"href":"https:\/\/www.logocrea.com\/store\/wp-json\/wp\/v2\/product"}],"about":[{"href":"https:\/\/www.logocrea.com\/store\/wp-json\/wp\/v2\/types\/product"}],"replies":[{"embeddable":true,"href":"https:\/\/www.logocrea.com\/store\/wp-json\/wp\/v2\/comments?post=224949"}],"wp:featuredmedia":[{"embeddable":true,"href":"https:\/\/www.logocrea.com\/store\/wp-json\/wp\/v2\/media\/224936"}],"wp:attachment":[{"href":"https:\/\/www.logocrea.com\/store\/wp-json\/wp\/v2\/media?parent=224949"}],"wp:term":[{"taxonomy":"product_brand","embeddable":true,"href":"https:\/\/www.logocrea.com\/store\/wp-json\/wp\/v2\/product_brand?post=224949"},{"taxonomy":"product_cat","embeddable":true,"href":"https:\/\/www.logocrea.com\/store\/wp-json\/wp\/v2\/product_cat?post=224949"},{"taxonomy":"product_tag","embeddable":true,"href":"https:\/\/www.logocrea.com\/store\/wp-json\/wp\/v2\/product_tag?post=224949"}],"curies":[{"name":"wp","href":"https:\/\/api.w.org\/{rel}","templated":true}]}}