{"id":224996,"date":"2023-02-01T13:24:25","date_gmt":"2023-02-01T12:24:25","guid":{"rendered":"https:\/\/www.logocrea.com\/store\/?post_type=product&#038;p=224996"},"modified":"2024-04-24T21:10:11","modified_gmt":"2024-04-24T19:10:11","slug":"startpro-opcion-2-precio-para-particular","status":"publish","type":"product","link":"https:\/\/www.logocrea.com\/store\/producto\/startpro-opcion-2-precio-para-particular\/","title":{"rendered":"StartPRO\u00a9 Opci\u00f3n 2. Precio para particular"},"content":{"rendered":"<p>Pack de dise\u00f1o que incluye:<br \/>\nDise\u00f1o de logotipo por encargo mediante 8 propuestas.<br \/>\nMetodolog\u00eda: 2 fases creativas de 4 propuestas cada una. El cliente dar\u00e1 sus impresiones entre las dos fases.<br \/>\nVariantes ilimitadas de colores, tipograf\u00eda y composici\u00f3n incluidas en el plazo m\u00e1ximo del servicio.<br \/>\nPapeler\u00eda incluida: Dise\u00f1o de tarjeta de 1 cara (para 2 caras opci\u00f3n 2), Dise\u00f1o folio A4, Dise\u00f1o de logotipo con datos (sello).<br \/>\nPack redes sociales incluido: Portada de biograf\u00eda de Facebook, Imagen de perfil de Facebook o Twitter, favicon 32&#215;32 para web en JPG<br \/>\nArchivos entregados del logotipo:<br \/>\n&#8211; JPG\/PNG &#8211; 600px ancho.<br \/>\n&#8211; JPG\/PNG &#8211; 1600px ancho.<br \/>\n&#8211; JPG\/PNG &#8211; 4000px ancho.<br \/>\n&#8211; SVG &#8211; Vectorial incluido.<\/p>\n<p style=\"text-align: left;\">Otras entregas:<br \/>\n&#8211; Dise\u00f1o de tarjeta 1 cara JPG\/PDF.<br \/>\n&#8211; Dise\u00f1o folio A4 JPG\/PDF\/Word.<br \/>\n&#8211; Dise\u00f1o de logotipo con datos (sello) JPG\/PDF.<br \/>\n&#8211; Portada de biograf\u00eda de Facebook.<br \/>\n&#8211; Imagen de perfil de Facebook o Twitter JPG.<br \/>\n&#8211; Favicon 32&#215;32 para web JPG.<\/p>\n<p>Dise\u00f1o de p\u00e1gina web personalizada.<br \/>\nPanel de control autogestionable.<br \/>\nIncluye revisiones de dise\u00f1o.<br \/>\nContenido: La <strong>web<\/strong> se entrega con<strong> 20 secciones o p\u00e1ginas<\/strong> como m\u00e1ximo (inicio, quienes somos, servicios, contacto, etc).<br \/>\nResponsive. Adaptada a m\u00f3viles.<br \/>\nTextos y fotos a cargo del cliente.<br \/>\nNOTA: El cliente puede, posteriormente a la entrega insertar nuevo contenido y secciones por su cuenta a trav\u00e9s del panel de control.<br \/>\nGRATIS: Alojamiento (Hosting Avanzado PLUS) y dominio de 3 meses. <a href=\"https:\/\/www.logocrea.com\/hosting-renovacion-avanzado\/#opciones\">Ver planes<\/a><br \/>\nIncluye: hasta 3 cuentas de email profesionales.<br \/>\nEl cliente podr\u00e1 editarla sin limitaciones, una vez entregada la web con las claves.<br \/>\nInstalaci\u00f3n del Google Maps en p\u00e1gina de contacto.<br \/>\nIconos con enlaces hacia las redes sociales.<br \/>\nCertificado de cifrado para HTTPS.<br \/>\nP\u00e1gina de aviso legal y pol\u00edtica de cookies.<br \/>\nOptimizaci\u00f3n SEO. Pack de inicio.<br \/>\nChat online.<br \/>\nBlog instalado.<br \/>\n5 fotos publicitarias.<br \/>\nContenido web, adaptamos tu contenido a un lenguaje publicitario (textos, t\u00edtulos, etc). Hasta 400 palabras por URL.<br \/>\nSi necesitas alojar la web en tu propio servidor, aplicaremos un suplemento adicional en concepto de instalaci\u00f3n: 35\u20ac (precio particular). <strong><a href=\"https:\/\/www.logocrea.com\/store\/cart\/?add-to-cart=225011&amp;quantity=1\" target=\"_blank\" rel=\"noopener\">Contratar<\/a><\/strong><\/p>\n<p>Plazos: En el plazo m\u00e1ximo del proyecto es de 60 d\u00edas en total desde la formalizaci\u00f3n del pago para poder solicitar los cambios oportunos.<br \/>\n<strong>Precio PVP exclusivamente particular.<\/strong> Incluye 21% de IVA.<\/p>\n<p style=\"text-align: left;\"><strong>\u00bfNecesitas m\u00e1s informaci\u00f3n sobre este servicio? <a href=\"https:\/\/www.logocrea.com\/packs-de-servicios\/startpro\/#opciones\" target=\"_blank\" rel=\"noopener\">Haz clic aqu\u00ed<\/a><\/strong><\/p>\n","protected":false},"excerpt":{"rendered":"<p>Pack de dise\u00f1o que incluye:<br \/>\nDise\u00f1o de logotipo por encargo mediante 8 propuestas.<br \/>\nDise\u00f1o de p\u00e1gina web personalizada.<br \/>\nLa web se entrega con 20 secciones o p\u00e1ginas como m\u00e1ximo (inicio, quienes somos, servicios, contacto, etc).<br \/>\nPanel de control autogestionable.<br \/>\nResponsive. Adaptada a m\u00f3viles.<br \/>\nGRATIS: Alojamiento (Hosting Avanzado) y dominio de 3 meses*.<br \/>\nIncluye: hasta 3 cuentas de email profesionales.<br \/>\nCertificado de cifrado para HTTPS.<br \/>\nP\u00e1gina de aviso legal y pol\u00edtica de cookies.<br \/>\nOptimizaci\u00f3n SEO. Pack de inicio.<br \/>\nChat online.<br \/>\nBlog instalado.<br \/>\n5 fotos publicitarias.<br \/>\nContenido web.<\/p>\n","protected":false},"featured_media":224993,"template":"","meta":{"_et_pb_use_builder":"","_et_pb_old_content":"","_et_gb_content_width":""},"product_brand":[],"product_cat":[33],"product_tag":[50,57,61,74,43,73,82,38,75,49,60,62,58,72,92,47],"class_list":{"0":"post-224996","1":"product","2":"type-product","3":"status-publish","4":"has-post-thumbnail","6":"product_cat-packs-de-servicios","7":"product_tag-adaptacion-a-redes-sociales","8":"product_tag-adaptada-a-moviles","9":"product_tag-aviso-legal","10":"product_tag-blog","11":"product_tag-certificado","12":"product_tag-chat-online","13":"product_tag-contenido-web","14":"product_tag-diseno-de-logotipos","15":"product_tag-diseno-de-pagina-web","16":"product_tag-diseno-de-papeleria","17":"product_tag-https","18":"product_tag-politica-de-cookies","19":"product_tag-responsive","20":"product_tag-seo","21":"product_tag-startpro","22":"product_tag-web","24":"first","25":"instock","26":"downloadable","27":"virtual","28":"purchasable","29":"product-type-simple"},"yoast_head":"<!-- This site is optimized with the Yoast SEO plugin v27.4 - https:\/\/yoast.com\/product\/yoast-seo-wordpress\/ -->\n<title>StartPRO\u00a9 Opci\u00f3n 2. Precio para particular - Logocrea\u00ae Store<\/title>\n<meta name=\"description\" content=\"Pack de dise\u00f1o de logotipo por encargo y dise\u00f1o de p\u00e1gina web personalizada. Autogestionable. Con Google Maps. Con enlaces hacia las RRSS. 5 fotos publicitarias. Contenido web.\" \/>\n<meta name=\"robots\" content=\"index, follow, max-snippet:-1, max-image-preview:large, max-video-preview:-1\" \/>\n<link rel=\"canonical\" href=\"https:\/\/www.logocrea.com\/store\/producto\/startpro-opcion-2-precio-para-particular\/\" \/>\n<meta property=\"og:locale\" content=\"es_ES\" \/>\n<meta property=\"og:type\" content=\"article\" \/>\n<meta property=\"og:title\" content=\"StartPRO\u00a9 Opci\u00f3n 2. Precio para particular - Logocrea\u00ae Store\" \/>\n<meta property=\"og:description\" content=\"Pack de dise\u00f1o de logotipo por encargo y dise\u00f1o de p\u00e1gina web personalizada. Autogestionable. Con Google Maps. Con enlaces hacia las RRSS. 5 fotos publicitarias. Contenido web.\" \/>\n<meta property=\"og:url\" content=\"https:\/\/www.logocrea.com\/store\/producto\/startpro-opcion-2-precio-para-particular\/\" \/>\n<meta property=\"og:site_name\" content=\"Logocrea\u00ae Store\" \/>\n<meta property=\"article:publisher\" content=\"https:\/\/www.facebook.com\/logocrea\" \/>\n<meta property=\"article:modified_time\" content=\"2024-04-24T19:10:11+00:00\" \/>\n<meta property=\"og:image\" content=\"https:\/\/www.logocrea.com\/store\/wp-content\/uploads\/2023\/02\/startpro2-store.jpg\" \/>\n\t<meta property=\"og:image:width\" content=\"570\" \/>\n\t<meta property=\"og:image:height\" content=\"572\" \/>\n\t<meta property=\"og:image:type\" content=\"image\/jpeg\" \/>\n<meta name=\"twitter:card\" content=\"summary_large_image\" \/>\n<meta name=\"twitter:site\" content=\"@logocrea\" \/>\n<meta name=\"twitter:label1\" content=\"Tiempo de lectura\" \/>\n\t<meta name=\"twitter:data1\" content=\"2 minutos\" \/>\n<script type=\"application\/ld+json\" class=\"yoast-schema-graph\">{\"@context\":\"https:\\\/\\\/schema.org\",\"@graph\":[{\"@type\":\"WebPage\",\"@id\":\"https:\\\/\\\/www.logocrea.com\\\/store\\\/producto\\\/startpro-opcion-2-precio-para-particular\\\/\",\"url\":\"https:\\\/\\\/www.logocrea.com\\\/store\\\/producto\\\/startpro-opcion-2-precio-para-particular\\\/\",\"name\":\"StartPRO\u00a9 Opci\u00f3n 2. Precio para particular - Logocrea\u00ae Store\",\"isPartOf\":{\"@id\":\"https:\\\/\\\/www.logocrea.com\\\/store\\\/#website\"},\"primaryImageOfPage\":{\"@id\":\"https:\\\/\\\/www.logocrea.com\\\/store\\\/producto\\\/startpro-opcion-2-precio-para-particular\\\/#primaryimage\"},\"image\":{\"@id\":\"https:\\\/\\\/www.logocrea.com\\\/store\\\/producto\\\/startpro-opcion-2-precio-para-particular\\\/#primaryimage\"},\"thumbnailUrl\":\"https:\\\/\\\/www.logocrea.com\\\/store\\\/wp-content\\\/uploads\\\/2023\\\/02\\\/startpro2-store.jpg\",\"datePublished\":\"2023-02-01T12:24:25+00:00\",\"dateModified\":\"2024-04-24T19:10:11+00:00\",\"description\":\"Pack de dise\u00f1o de logotipo por encargo y dise\u00f1o de p\u00e1gina web personalizada. Autogestionable. Con Google Maps. Con enlaces hacia las RRSS. 5 fotos publicitarias. Contenido web.\",\"breadcrumb\":{\"@id\":\"https:\\\/\\\/www.logocrea.com\\\/store\\\/producto\\\/startpro-opcion-2-precio-para-particular\\\/#breadcrumb\"},\"inLanguage\":\"es\",\"potentialAction\":[{\"@type\":\"ReadAction\",\"target\":[\"https:\\\/\\\/www.logocrea.com\\\/store\\\/producto\\\/startpro-opcion-2-precio-para-particular\\\/\"]}]},{\"@type\":\"ImageObject\",\"inLanguage\":\"es\",\"@id\":\"https:\\\/\\\/www.logocrea.com\\\/store\\\/producto\\\/startpro-opcion-2-precio-para-particular\\\/#primaryimage\",\"url\":\"https:\\\/\\\/www.logocrea.com\\\/store\\\/wp-content\\\/uploads\\\/2023\\\/02\\\/startpro2-store.jpg\",\"contentUrl\":\"https:\\\/\\\/www.logocrea.com\\\/store\\\/wp-content\\\/uploads\\\/2023\\\/02\\\/startpro2-store.jpg\",\"width\":570,\"height\":572,\"caption\":\"StartPRO | Dise\u00f1o de logotipo | Dise\u00f1o web | Dise\u00f1o tienda online | Dise\u00f1o de papeler\u00eda | Dise\u00f1o packs de dise\u00f1o | Dise\u00f1o gr\u00e1fico\"},{\"@type\":\"BreadcrumbList\",\"@id\":\"https:\\\/\\\/www.logocrea.com\\\/store\\\/producto\\\/startpro-opcion-2-precio-para-particular\\\/#breadcrumb\",\"itemListElement\":[{\"@type\":\"ListItem\",\"position\":1,\"name\":\"Portada\",\"item\":\"https:\\\/\\\/www.logocrea.com\\\/store\\\/\"},{\"@type\":\"ListItem\",\"position\":2,\"name\":\"Tienda\",\"item\":\"https:\\\/\\\/www.logocrea.com\\\/store\\\/tienda\\\/\"},{\"@type\":\"ListItem\",\"position\":3,\"name\":\"StartPRO\u00a9 Opci\u00f3n 2. Precio para particular\"}]},{\"@type\":\"WebSite\",\"@id\":\"https:\\\/\\\/www.logocrea.com\\\/store\\\/#website\",\"url\":\"https:\\\/\\\/www.logocrea.com\\\/store\\\/\",\"name\":\"Logocrea\u00ae | Dise\u00f1o de logotipos, web y gr\u00e1fico | Agencia de Branding\",\"description\":\"Logocrea\u00ae es una agencia de dise\u00f1o profesional, especializada en imagen corporativa: dise\u00f1amos logos, webs y realizamos todo tipo de dise\u00f1o gr\u00e1fico desde 2003.\",\"publisher\":{\"@id\":\"https:\\\/\\\/www.logocrea.com\\\/store\\\/#organization\"},\"alternateName\":\"Logocrea\u00ae | Dise\u00f1o de logotipos, web y gr\u00e1fico | Agencia de Branding\",\"potentialAction\":[{\"@type\":\"SearchAction\",\"target\":{\"@type\":\"EntryPoint\",\"urlTemplate\":\"https:\\\/\\\/www.logocrea.com\\\/store\\\/?s={search_term_string}\"},\"query-input\":{\"@type\":\"PropertyValueSpecification\",\"valueRequired\":true,\"valueName\":\"search_term_string\"}}],\"inLanguage\":\"es\"},{\"@type\":\"Organization\",\"@id\":\"https:\\\/\\\/www.logocrea.com\\\/store\\\/#organization\",\"name\":\"Logocrea\u00ae | Dise\u00f1o de logotipos, web y gr\u00e1fico | Agencia de Branding\",\"url\":\"https:\\\/\\\/www.logocrea.com\\\/store\\\/\",\"logo\":{\"@type\":\"ImageObject\",\"inLanguage\":\"es\",\"@id\":\"https:\\\/\\\/www.logocrea.com\\\/store\\\/#\\\/schema\\\/logo\\\/image\\\/\",\"url\":\"https:\\\/\\\/www.logocrea.com\\\/store\\\/wp-content\\\/uploads\\\/2022\\\/11\\\/logocrea-2022-500.jpg\",\"contentUrl\":\"https:\\\/\\\/www.logocrea.com\\\/store\\\/wp-content\\\/uploads\\\/2022\\\/11\\\/logocrea-2022-500.jpg\",\"width\":500,\"height\":163,\"caption\":\"Logocrea\u00ae | Dise\u00f1o de logotipos, web y gr\u00e1fico | Agencia de Branding\"},\"image\":{\"@id\":\"https:\\\/\\\/www.logocrea.com\\\/store\\\/#\\\/schema\\\/logo\\\/image\\\/\"},\"sameAs\":[\"https:\\\/\\\/www.facebook.com\\\/logocrea\",\"https:\\\/\\\/x.com\\\/logocrea\",\"https:\\\/\\\/www.tiktok.com\\\/@logocrea\",\"https:\\\/\\\/www.instagram.com\\\/logocrea.es\"]}]}<\/script>\n<!-- \/ Yoast SEO plugin. -->","yoast_head_json":{"title":"StartPRO\u00a9 Opci\u00f3n 2. Precio para particular - Logocrea\u00ae Store","description":"Pack de dise\u00f1o de logotipo por encargo y dise\u00f1o de p\u00e1gina web personalizada. Autogestionable. Con Google Maps. Con enlaces hacia las RRSS. 5 fotos publicitarias. Contenido web.","robots":{"index":"index","follow":"follow","max-snippet":"max-snippet:-1","max-image-preview":"max-image-preview:large","max-video-preview":"max-video-preview:-1"},"canonical":"https:\/\/www.logocrea.com\/store\/producto\/startpro-opcion-2-precio-para-particular\/","og_locale":"es_ES","og_type":"article","og_title":"StartPRO\u00a9 Opci\u00f3n 2. Precio para particular - Logocrea\u00ae Store","og_description":"Pack de dise\u00f1o de logotipo por encargo y dise\u00f1o de p\u00e1gina web personalizada. Autogestionable. Con Google Maps. Con enlaces hacia las RRSS. 5 fotos publicitarias. Contenido web.","og_url":"https:\/\/www.logocrea.com\/store\/producto\/startpro-opcion-2-precio-para-particular\/","og_site_name":"Logocrea\u00ae Store","article_publisher":"https:\/\/www.facebook.com\/logocrea","article_modified_time":"2024-04-24T19:10:11+00:00","og_image":[{"width":570,"height":572,"url":"https:\/\/www.logocrea.com\/store\/wp-content\/uploads\/2023\/02\/startpro2-store.jpg","type":"image\/jpeg"}],"twitter_card":"summary_large_image","twitter_site":"@logocrea","twitter_misc":{"Tiempo de lectura":"2 minutos"},"schema":{"@context":"https:\/\/schema.org","@graph":[{"@type":"WebPage","@id":"https:\/\/www.logocrea.com\/store\/producto\/startpro-opcion-2-precio-para-particular\/","url":"https:\/\/www.logocrea.com\/store\/producto\/startpro-opcion-2-precio-para-particular\/","name":"StartPRO\u00a9 Opci\u00f3n 2. Precio para particular - Logocrea\u00ae Store","isPartOf":{"@id":"https:\/\/www.logocrea.com\/store\/#website"},"primaryImageOfPage":{"@id":"https:\/\/www.logocrea.com\/store\/producto\/startpro-opcion-2-precio-para-particular\/#primaryimage"},"image":{"@id":"https:\/\/www.logocrea.com\/store\/producto\/startpro-opcion-2-precio-para-particular\/#primaryimage"},"thumbnailUrl":"https:\/\/www.logocrea.com\/store\/wp-content\/uploads\/2023\/02\/startpro2-store.jpg","datePublished":"2023-02-01T12:24:25+00:00","dateModified":"2024-04-24T19:10:11+00:00","description":"Pack de dise\u00f1o de logotipo por encargo y dise\u00f1o de p\u00e1gina web personalizada. Autogestionable. Con Google Maps. Con enlaces hacia las RRSS. 5 fotos publicitarias. Contenido web.","breadcrumb":{"@id":"https:\/\/www.logocrea.com\/store\/producto\/startpro-opcion-2-precio-para-particular\/#breadcrumb"},"inLanguage":"es","potentialAction":[{"@type":"ReadAction","target":["https:\/\/www.logocrea.com\/store\/producto\/startpro-opcion-2-precio-para-particular\/"]}]},{"@type":"ImageObject","inLanguage":"es","@id":"https:\/\/www.logocrea.com\/store\/producto\/startpro-opcion-2-precio-para-particular\/#primaryimage","url":"https:\/\/www.logocrea.com\/store\/wp-content\/uploads\/2023\/02\/startpro2-store.jpg","contentUrl":"https:\/\/www.logocrea.com\/store\/wp-content\/uploads\/2023\/02\/startpro2-store.jpg","width":570,"height":572,"caption":"StartPRO | Dise\u00f1o de logotipo | Dise\u00f1o web | Dise\u00f1o tienda online | Dise\u00f1o de papeler\u00eda | Dise\u00f1o packs de dise\u00f1o | Dise\u00f1o gr\u00e1fico"},{"@type":"BreadcrumbList","@id":"https:\/\/www.logocrea.com\/store\/producto\/startpro-opcion-2-precio-para-particular\/#breadcrumb","itemListElement":[{"@type":"ListItem","position":1,"name":"Portada","item":"https:\/\/www.logocrea.com\/store\/"},{"@type":"ListItem","position":2,"name":"Tienda","item":"https:\/\/www.logocrea.com\/store\/tienda\/"},{"@type":"ListItem","position":3,"name":"StartPRO\u00a9 Opci\u00f3n 2. Precio para particular"}]},{"@type":"WebSite","@id":"https:\/\/www.logocrea.com\/store\/#website","url":"https:\/\/www.logocrea.com\/store\/","name":"Logocrea\u00ae | Dise\u00f1o de logotipos, web y gr\u00e1fico | Agencia de Branding","description":"Logocrea\u00ae es una agencia de dise\u00f1o profesional, especializada en imagen corporativa: dise\u00f1amos logos, webs y realizamos todo tipo de dise\u00f1o gr\u00e1fico desde 2003.","publisher":{"@id":"https:\/\/www.logocrea.com\/store\/#organization"},"alternateName":"Logocrea\u00ae | Dise\u00f1o de logotipos, web y gr\u00e1fico | Agencia de Branding","potentialAction":[{"@type":"SearchAction","target":{"@type":"EntryPoint","urlTemplate":"https:\/\/www.logocrea.com\/store\/?s={search_term_string}"},"query-input":{"@type":"PropertyValueSpecification","valueRequired":true,"valueName":"search_term_string"}}],"inLanguage":"es"},{"@type":"Organization","@id":"https:\/\/www.logocrea.com\/store\/#organization","name":"Logocrea\u00ae | Dise\u00f1o de logotipos, web y gr\u00e1fico | Agencia de Branding","url":"https:\/\/www.logocrea.com\/store\/","logo":{"@type":"ImageObject","inLanguage":"es","@id":"https:\/\/www.logocrea.com\/store\/#\/schema\/logo\/image\/","url":"https:\/\/www.logocrea.com\/store\/wp-content\/uploads\/2022\/11\/logocrea-2022-500.jpg","contentUrl":"https:\/\/www.logocrea.com\/store\/wp-content\/uploads\/2022\/11\/logocrea-2022-500.jpg","width":500,"height":163,"caption":"Logocrea\u00ae | Dise\u00f1o de logotipos, web y gr\u00e1fico | Agencia de Branding"},"image":{"@id":"https:\/\/www.logocrea.com\/store\/#\/schema\/logo\/image\/"},"sameAs":["https:\/\/www.facebook.com\/logocrea","https:\/\/x.com\/logocrea","https:\/\/www.tiktok.com\/@logocrea","https:\/\/www.instagram.com\/logocrea.es"]}]}},"_links":{"self":[{"href":"https:\/\/www.logocrea.com\/store\/wp-json\/wp\/v2\/product\/224996","targetHints":{"allow":["GET"]}}],"collection":[{"href":"https:\/\/www.logocrea.com\/store\/wp-json\/wp\/v2\/product"}],"about":[{"href":"https:\/\/www.logocrea.com\/store\/wp-json\/wp\/v2\/types\/product"}],"wp:featuredmedia":[{"embeddable":true,"href":"https:\/\/www.logocrea.com\/store\/wp-json\/wp\/v2\/media\/224993"}],"wp:attachment":[{"href":"https:\/\/www.logocrea.com\/store\/wp-json\/wp\/v2\/media?parent=224996"}],"wp:term":[{"taxonomy":"product_brand","embeddable":true,"href":"https:\/\/www.logocrea.com\/store\/wp-json\/wp\/v2\/product_brand?post=224996"},{"taxonomy":"product_cat","embeddable":true,"href":"https:\/\/www.logocrea.com\/store\/wp-json\/wp\/v2\/product_cat?post=224996"},{"taxonomy":"product_tag","embeddable":true,"href":"https:\/\/www.logocrea.com\/store\/wp-json\/wp\/v2\/product_tag?post=224996"}],"curies":[{"name":"wp","href":"https:\/\/api.w.org\/{rel}","templated":true}]}}