{"id":225008,"date":"2023-02-01T14:04:39","date_gmt":"2023-02-01T13:04:39","guid":{"rendered":"https:\/\/www.logocrea.com\/store\/?post_type=product&#038;p=225008"},"modified":"2024-04-24T21:09:57","modified_gmt":"2024-04-24T19:09:57","slug":"startup-opcion-1-precio-para-empresa-o-autonomo","status":"publish","type":"product","link":"https:\/\/www.logocrea.com\/store\/producto\/startup-opcion-1-precio-para-empresa-o-autonomo\/","title":{"rendered":"StartUP\u00a9 Opci\u00f3n 1. Precio para empresa o a\u00fatonomo"},"content":{"rendered":"<p>Pack de dise\u00f1o que incluye:<br \/>\nDise\u00f1o de logotipo por encargo mediante propuestas ilimitadas.<br \/>\nVariantes ilimitadas de colores, tipograf\u00eda y composici\u00f3n incluidas en el plazo m\u00e1ximo del servicio<br \/>\nPapeler\u00eda incluida: Dise\u00f1o de tarjeta a 2 caras, Dise\u00f1o folio A4, Dise\u00f1o de logotipo con datos (sello).<br \/>\nPack redes sociales incluido: Portada de biograf\u00eda de Facebook, Imagen de perfil de Facebook o Twitter, favicon 32&#215;32 para web en JPG.<br \/>\nManual de identidad corporativa completo.<br \/>\nArchivos entregados del logotipo:<br \/>\n&#8211; JPG\/PNG &#8211; 600px ancho.<br \/>\n&#8211; JPG\/PNG &#8211; 1600px ancho.<br \/>\n&#8211; JPG\/PNG &#8211; 4000px ancho.<br \/>\n&#8211; SVG &#8211; Vectorial incluido.<\/p>\n<p>Otras entregas:<br \/>\n&#8211; Dise\u00f1o de tarjeta 2 caras JPG\/PDF.<br \/>\n&#8211; Dise\u00f1o folio A4 JPG\/PDF\/Word.<br \/>\n&#8211; Dise\u00f1o de logotipo con datos (sello) JPG\/PDF.<br \/>\n&#8211; Portada de biograf\u00eda de Facebook JPG.<br \/>\n&#8211; Imagen de perfil de Facebook o Twitter JPG.<br \/>\n&#8211; Manual de identidad corporativa completo. PDF.<br \/>\n\u00b7\u00a0 \u00a0 Descripci\u00f3n del logo. Usos del logotipo: c\u00f3mo y cu\u00e1ndo usar cada tipo de archivo. Colores corporativos: RGB y su equivalencia a PANTONE. Tipograf\u00edas: Fuente o fuentes tipogr\u00e1ficas empleadas para el logotipo. Usos correctos del logotipo: Gu\u00eda para el impresor. Usos incorrectos del logotipo.<br \/>\n\u00b7\u00a0 \u00a0 Logotipo en monocromo 1: negro sobre blanco. Archivos EXTRA incluidos. JPG\/PNG\/SVG<br \/>\n\u00b7\u00a0 \u00a0 Logotipo en monocromo 2: blanco sobre negro. Archivos EXTRA incluidos. JPG\/PNG\/SVG<br \/>\n\u00b7\u00a0 \u00a0 Logotipo invertido o en negativo. Archivos EXTRA incluidos. JPG\/PNG\/SVG<br \/>\n\u00b7\u00a0 \u00a0 Certificado de cesi\u00f3n de derechos de explotaci\u00f3n en exclusiva firmado por dise\u00f1ador.<\/p>\n<p>Dise\u00f1o de p\u00e1gina web y tienda online personalizada.<br \/>\nPanel de control autogestionable.<br \/>\nIncluye revisiones de dise\u00f1o.<br \/>\nContenido: La <strong>web<\/strong> se entrega con<strong> 20 secciones o p\u00e1ginas<\/strong> como m\u00e1ximo (inicio, quienes somos, servicios, contacto, etc).<br \/>\nResponsive. Adaptada a m\u00f3viles.<br \/>\nEl cliente enviar\u00e1 textos y fotos de su negocio y nosotros se lo estructuraremos y maquetaremos.<br \/>\n<strong>Hasta 20 productos iniciales.<\/strong><br \/>\nProductos ilimitados: a trav\u00e9s del panel de control, el cliente podr\u00e1 instalar todos los productos que desee.<br \/>\nDise\u00f1o personalizado.<br \/>\nPanel de control intuitivo.<br \/>\nTienda en propiedad.<br \/>\nDiferentes m\u00f3dulos de pago: Paypal, tarjeta bancaria (a trav\u00e9s de Paypal) y contra-reembolso.<br \/>\nDiferentes m\u00f3dulos de env\u00edo.<br \/>\nNOTA: El cliente puede, posteriormente a la entrega insertar nuevo contenido, secciones y productos por su cuenta a trav\u00e9s del panel de control.<br \/>\nGRATIS: Alojamiento (Hosting Avanzado PLUS) y dominio de 3 meses. <a href=\"https:\/\/www.logocrea.com\/hosting-renovacion-avanzado\/#opciones\">Ver planes<\/a><br \/>\nIncluye: hasta 3 cuentas de email.<br \/>\nEl cliente podr\u00e1 editarla sin limitaciones, una vez entregada la web con las claves.<br \/>\nInstalaci\u00f3n del Google Maps en p\u00e1gina de contacto.<br \/>\nIconos con enlaces hacia las redes sociales.<br \/>\nCertificado de cifrado para HTTPS.<br \/>\nP\u00e1gina de aviso legal y pol\u00edtica de cookies.<br \/>\nOptimizaci\u00f3n SEO. Pack de inicio.<br \/>\nChat online.<br \/>\nBlog instalado.<br \/>\n5 fotos publicitarias.<br \/>\nSi necesitas alojar la web en tu propio servidor, aplicaremos un suplemento adicional en concepto de instalaci\u00f3n: 30\u20ac (precio profesional). <strong><a href=\"https:\/\/www.logocrea.com\/store\/cart\/?add-to-cart=225010&amp;quantity=1\" target=\"_blank\" rel=\"noopener\">Contratar<\/a><\/strong><\/p>\n<p style=\"text-align: left;\">Plazos: En el plazo estimado de 5 d\u00edas laborables te informaremos de la construcci\u00f3n de la web beta, el plazo m\u00e1ximo del proyecto es de 45 d\u00edas en total para poder solicitar los cambios oportunos. Cada solicitud de cambio ser\u00e1 atendida en 4 d\u00edas laborables realizando las acciones solicitadas.<br \/>\n<strong>Precio exclusivamente para empresas o aut\u00f3nomos. <\/strong>Incluye 21% de IVA y se aplica el 15% de IRPF.<\/p>\n<p style=\"text-align: left;\"><strong>\u00bfNecesitas m\u00e1s informaci\u00f3n sobre este servicio? <a href=\"https:\/\/www.logocrea.com\/packs-de-servicios\/startup\/#opciones\" target=\"_blank\" rel=\"noopener\">Haz clic aqu\u00ed<\/a><br \/>\n<\/strong><\/p>\n","protected":false},"excerpt":{"rendered":"<p>Pack de dise\u00f1o que incluye:<br \/>\nDise\u00f1o de logotipo por encargo mediante propuestas ilimitadas.<br \/>\nLa web se entrega<strong> con 20 secciones o p\u00e1ginas<\/strong> como m\u00e1ximo (inicio, quienes somos, servicios, contacto, etc).<br \/>\nPanel de control autogestionable.<br \/>\nIncluye revisiones de dise\u00f1o.<br \/>\n<strong>Hasta 20 productos iniciales.<\/strong><br \/>\nProductos ilimitados: a trav\u00e9s del panel de control, el cliente podr\u00e1 instalar todos los productos que desee.<br \/>\nResponsive. Adaptada a m\u00f3viles.<br \/>\nGRATIS: Alojamiento (Hosting WordPress) y dominio de 3 meses*.<br \/>\nIncluye: hasta 3 cuentas de email.<br \/>\nCertificado de cifrado para HTTPS.<br \/>\nP\u00e1gina de aviso legal y pol\u00edtica de cookies.<br \/>\nOptimizaci\u00f3n SEO. Pack de inicio.<br \/>\nChat online.<br \/>\nBlog instalado.<br \/>\n5 fotos publicitarias.<\/p>\n","protected":false},"featured_media":225002,"comment_status":"closed","ping_status":"closed","template":"","meta":[],"product_brand":[],"product_cat":[33],"product_tag":[88,57,61,74,73,75,60,62,58,72,93,81,47],"class_list":{"0":"post-225008","1":"product","2":"type-product","3":"status-publish","4":"has-post-thumbnail","6":"product_cat-packs-de-servicios","7":"product_tag-5-fotos-publicitarias","8":"product_tag-adaptada-a-moviles","9":"product_tag-aviso-legal","10":"product_tag-blog","11":"product_tag-chat-online","12":"product_tag-diseno-de-pagina-web","13":"product_tag-https","14":"product_tag-politica-de-cookies","15":"product_tag-responsive","16":"product_tag-seo","17":"product_tag-startup","18":"product_tag-tienda-online","19":"product_tag-web","21":"first","22":"instock","23":"downloadable","24":"virtual","25":"purchasable","26":"product-type-simple"},"yoast_head":"<!-- This site is optimized with the Yoast SEO plugin v27.4 - https:\/\/yoast.com\/product\/yoast-seo-wordpress\/ -->\n<title>StartUP\u00a9 Opci\u00f3n 1. Precio para empresa o a\u00fatonomo - Logocrea\u00ae Store<\/title>\n<meta name=\"description\" content=\"Pack de dise\u00f1o de logotipo por encargo y tienda online. Autogestionable. Google Maps. Iconos con enlaces hacia las redes sociales. 5 fotos publicitarias.\" \/>\n<meta name=\"robots\" content=\"index, follow, max-snippet:-1, max-image-preview:large, max-video-preview:-1\" \/>\n<link rel=\"canonical\" href=\"https:\/\/www.logocrea.com\/store\/producto\/startup-opcion-1-precio-para-empresa-o-autonomo\/\" \/>\n<meta property=\"og:locale\" content=\"es_ES\" \/>\n<meta property=\"og:type\" content=\"article\" \/>\n<meta property=\"og:title\" content=\"StartUP\u00a9 Opci\u00f3n 1. Precio para empresa o a\u00fatonomo - Logocrea\u00ae Store\" \/>\n<meta property=\"og:description\" content=\"Pack de dise\u00f1o de logotipo por encargo y tienda online. Autogestionable. Google Maps. Iconos con enlaces hacia las redes sociales. 5 fotos publicitarias.\" \/>\n<meta property=\"og:url\" content=\"https:\/\/www.logocrea.com\/store\/producto\/startup-opcion-1-precio-para-empresa-o-autonomo\/\" \/>\n<meta property=\"og:site_name\" content=\"Logocrea\u00ae Store\" \/>\n<meta property=\"article:publisher\" content=\"https:\/\/www.facebook.com\/logocrea\" \/>\n<meta property=\"article:modified_time\" content=\"2024-04-24T19:09:57+00:00\" \/>\n<meta property=\"og:image\" content=\"https:\/\/www.logocrea.com\/store\/wp-content\/uploads\/2023\/02\/startup1-store.jpg\" \/>\n\t<meta property=\"og:image:width\" content=\"570\" \/>\n\t<meta property=\"og:image:height\" content=\"572\" \/>\n\t<meta property=\"og:image:type\" content=\"image\/jpeg\" \/>\n<meta name=\"twitter:card\" content=\"summary_large_image\" \/>\n<meta name=\"twitter:site\" content=\"@logocrea\" \/>\n<meta name=\"twitter:label1\" content=\"Tiempo de lectura\" \/>\n\t<meta name=\"twitter:data1\" content=\"3 minutos\" \/>\n<script type=\"application\/ld+json\" class=\"yoast-schema-graph\">{\"@context\":\"https:\\\/\\\/schema.org\",\"@graph\":[{\"@type\":\"WebPage\",\"@id\":\"https:\\\/\\\/www.logocrea.com\\\/store\\\/producto\\\/startup-opcion-1-precio-para-empresa-o-autonomo\\\/\",\"url\":\"https:\\\/\\\/www.logocrea.com\\\/store\\\/producto\\\/startup-opcion-1-precio-para-empresa-o-autonomo\\\/\",\"name\":\"StartUP\u00a9 Opci\u00f3n 1. Precio para empresa o a\u00fatonomo - Logocrea\u00ae Store\",\"isPartOf\":{\"@id\":\"https:\\\/\\\/www.logocrea.com\\\/store\\\/#website\"},\"primaryImageOfPage\":{\"@id\":\"https:\\\/\\\/www.logocrea.com\\\/store\\\/producto\\\/startup-opcion-1-precio-para-empresa-o-autonomo\\\/#primaryimage\"},\"image\":{\"@id\":\"https:\\\/\\\/www.logocrea.com\\\/store\\\/producto\\\/startup-opcion-1-precio-para-empresa-o-autonomo\\\/#primaryimage\"},\"thumbnailUrl\":\"https:\\\/\\\/www.logocrea.com\\\/store\\\/wp-content\\\/uploads\\\/2023\\\/02\\\/startup1-store.jpg\",\"datePublished\":\"2023-02-01T13:04:39+00:00\",\"dateModified\":\"2024-04-24T19:09:57+00:00\",\"description\":\"Pack de dise\u00f1o de logotipo por encargo y tienda online. Autogestionable. Google Maps. Iconos con enlaces hacia las redes sociales. 5 fotos publicitarias.\",\"breadcrumb\":{\"@id\":\"https:\\\/\\\/www.logocrea.com\\\/store\\\/producto\\\/startup-opcion-1-precio-para-empresa-o-autonomo\\\/#breadcrumb\"},\"inLanguage\":\"es\",\"potentialAction\":[{\"@type\":\"ReadAction\",\"target\":[\"https:\\\/\\\/www.logocrea.com\\\/store\\\/producto\\\/startup-opcion-1-precio-para-empresa-o-autonomo\\\/\"]}]},{\"@type\":\"ImageObject\",\"inLanguage\":\"es\",\"@id\":\"https:\\\/\\\/www.logocrea.com\\\/store\\\/producto\\\/startup-opcion-1-precio-para-empresa-o-autonomo\\\/#primaryimage\",\"url\":\"https:\\\/\\\/www.logocrea.com\\\/store\\\/wp-content\\\/uploads\\\/2023\\\/02\\\/startup1-store.jpg\",\"contentUrl\":\"https:\\\/\\\/www.logocrea.com\\\/store\\\/wp-content\\\/uploads\\\/2023\\\/02\\\/startup1-store.jpg\",\"width\":570,\"height\":572,\"caption\":\"StartUP | Dise\u00f1o de logotipo | Dise\u00f1o web | Dise\u00f1o tienda online | Dise\u00f1o de papeler\u00eda | Dise\u00f1o packs de dise\u00f1o | Dise\u00f1o gr\u00e1fico\"},{\"@type\":\"BreadcrumbList\",\"@id\":\"https:\\\/\\\/www.logocrea.com\\\/store\\\/producto\\\/startup-opcion-1-precio-para-empresa-o-autonomo\\\/#breadcrumb\",\"itemListElement\":[{\"@type\":\"ListItem\",\"position\":1,\"name\":\"Portada\",\"item\":\"https:\\\/\\\/www.logocrea.com\\\/store\\\/\"},{\"@type\":\"ListItem\",\"position\":2,\"name\":\"Tienda\",\"item\":\"https:\\\/\\\/www.logocrea.com\\\/store\\\/tienda\\\/\"},{\"@type\":\"ListItem\",\"position\":3,\"name\":\"StartUP\u00a9 Opci\u00f3n 1. Precio para empresa o a\u00fatonomo\"}]},{\"@type\":\"WebSite\",\"@id\":\"https:\\\/\\\/www.logocrea.com\\\/store\\\/#website\",\"url\":\"https:\\\/\\\/www.logocrea.com\\\/store\\\/\",\"name\":\"Logocrea\u00ae | Dise\u00f1o de logotipos, web y gr\u00e1fico | Agencia de Branding\",\"description\":\"Logocrea\u00ae es una agencia de dise\u00f1o profesional, especializada en imagen corporativa: dise\u00f1amos logos, webs y realizamos todo tipo de dise\u00f1o gr\u00e1fico desde 2003.\",\"publisher\":{\"@id\":\"https:\\\/\\\/www.logocrea.com\\\/store\\\/#organization\"},\"alternateName\":\"Logocrea\u00ae | Dise\u00f1o de logotipos, web y gr\u00e1fico | Agencia de Branding\",\"potentialAction\":[{\"@type\":\"SearchAction\",\"target\":{\"@type\":\"EntryPoint\",\"urlTemplate\":\"https:\\\/\\\/www.logocrea.com\\\/store\\\/?s={search_term_string}\"},\"query-input\":{\"@type\":\"PropertyValueSpecification\",\"valueRequired\":true,\"valueName\":\"search_term_string\"}}],\"inLanguage\":\"es\"},{\"@type\":\"Organization\",\"@id\":\"https:\\\/\\\/www.logocrea.com\\\/store\\\/#organization\",\"name\":\"Logocrea\u00ae | Dise\u00f1o de logotipos, web y gr\u00e1fico | Agencia de Branding\",\"url\":\"https:\\\/\\\/www.logocrea.com\\\/store\\\/\",\"logo\":{\"@type\":\"ImageObject\",\"inLanguage\":\"es\",\"@id\":\"https:\\\/\\\/www.logocrea.com\\\/store\\\/#\\\/schema\\\/logo\\\/image\\\/\",\"url\":\"https:\\\/\\\/www.logocrea.com\\\/store\\\/wp-content\\\/uploads\\\/2022\\\/11\\\/logocrea-2022-500.jpg\",\"contentUrl\":\"https:\\\/\\\/www.logocrea.com\\\/store\\\/wp-content\\\/uploads\\\/2022\\\/11\\\/logocrea-2022-500.jpg\",\"width\":500,\"height\":163,\"caption\":\"Logocrea\u00ae | Dise\u00f1o de logotipos, web y gr\u00e1fico | Agencia de Branding\"},\"image\":{\"@id\":\"https:\\\/\\\/www.logocrea.com\\\/store\\\/#\\\/schema\\\/logo\\\/image\\\/\"},\"sameAs\":[\"https:\\\/\\\/www.facebook.com\\\/logocrea\",\"https:\\\/\\\/x.com\\\/logocrea\",\"https:\\\/\\\/www.tiktok.com\\\/@logocrea\",\"https:\\\/\\\/www.instagram.com\\\/logocrea.es\"]}]}<\/script>\n<!-- \/ Yoast SEO plugin. -->","yoast_head_json":{"title":"StartUP\u00a9 Opci\u00f3n 1. Precio para empresa o a\u00fatonomo - Logocrea\u00ae Store","description":"Pack de dise\u00f1o de logotipo por encargo y tienda online. Autogestionable. Google Maps. Iconos con enlaces hacia las redes sociales. 5 fotos publicitarias.","robots":{"index":"index","follow":"follow","max-snippet":"max-snippet:-1","max-image-preview":"max-image-preview:large","max-video-preview":"max-video-preview:-1"},"canonical":"https:\/\/www.logocrea.com\/store\/producto\/startup-opcion-1-precio-para-empresa-o-autonomo\/","og_locale":"es_ES","og_type":"article","og_title":"StartUP\u00a9 Opci\u00f3n 1. Precio para empresa o a\u00fatonomo - Logocrea\u00ae Store","og_description":"Pack de dise\u00f1o de logotipo por encargo y tienda online. Autogestionable. Google Maps. Iconos con enlaces hacia las redes sociales. 5 fotos publicitarias.","og_url":"https:\/\/www.logocrea.com\/store\/producto\/startup-opcion-1-precio-para-empresa-o-autonomo\/","og_site_name":"Logocrea\u00ae Store","article_publisher":"https:\/\/www.facebook.com\/logocrea","article_modified_time":"2024-04-24T19:09:57+00:00","og_image":[{"width":570,"height":572,"url":"https:\/\/www.logocrea.com\/store\/wp-content\/uploads\/2023\/02\/startup1-store.jpg","type":"image\/jpeg"}],"twitter_card":"summary_large_image","twitter_site":"@logocrea","twitter_misc":{"Tiempo de lectura":"3 minutos"},"schema":{"@context":"https:\/\/schema.org","@graph":[{"@type":"WebPage","@id":"https:\/\/www.logocrea.com\/store\/producto\/startup-opcion-1-precio-para-empresa-o-autonomo\/","url":"https:\/\/www.logocrea.com\/store\/producto\/startup-opcion-1-precio-para-empresa-o-autonomo\/","name":"StartUP\u00a9 Opci\u00f3n 1. Precio para empresa o a\u00fatonomo - Logocrea\u00ae Store","isPartOf":{"@id":"https:\/\/www.logocrea.com\/store\/#website"},"primaryImageOfPage":{"@id":"https:\/\/www.logocrea.com\/store\/producto\/startup-opcion-1-precio-para-empresa-o-autonomo\/#primaryimage"},"image":{"@id":"https:\/\/www.logocrea.com\/store\/producto\/startup-opcion-1-precio-para-empresa-o-autonomo\/#primaryimage"},"thumbnailUrl":"https:\/\/www.logocrea.com\/store\/wp-content\/uploads\/2023\/02\/startup1-store.jpg","datePublished":"2023-02-01T13:04:39+00:00","dateModified":"2024-04-24T19:09:57+00:00","description":"Pack de dise\u00f1o de logotipo por encargo y tienda online. Autogestionable. Google Maps. Iconos con enlaces hacia las redes sociales. 5 fotos publicitarias.","breadcrumb":{"@id":"https:\/\/www.logocrea.com\/store\/producto\/startup-opcion-1-precio-para-empresa-o-autonomo\/#breadcrumb"},"inLanguage":"es","potentialAction":[{"@type":"ReadAction","target":["https:\/\/www.logocrea.com\/store\/producto\/startup-opcion-1-precio-para-empresa-o-autonomo\/"]}]},{"@type":"ImageObject","inLanguage":"es","@id":"https:\/\/www.logocrea.com\/store\/producto\/startup-opcion-1-precio-para-empresa-o-autonomo\/#primaryimage","url":"https:\/\/www.logocrea.com\/store\/wp-content\/uploads\/2023\/02\/startup1-store.jpg","contentUrl":"https:\/\/www.logocrea.com\/store\/wp-content\/uploads\/2023\/02\/startup1-store.jpg","width":570,"height":572,"caption":"StartUP | Dise\u00f1o de logotipo | Dise\u00f1o web | Dise\u00f1o tienda online | Dise\u00f1o de papeler\u00eda | Dise\u00f1o packs de dise\u00f1o | Dise\u00f1o gr\u00e1fico"},{"@type":"BreadcrumbList","@id":"https:\/\/www.logocrea.com\/store\/producto\/startup-opcion-1-precio-para-empresa-o-autonomo\/#breadcrumb","itemListElement":[{"@type":"ListItem","position":1,"name":"Portada","item":"https:\/\/www.logocrea.com\/store\/"},{"@type":"ListItem","position":2,"name":"Tienda","item":"https:\/\/www.logocrea.com\/store\/tienda\/"},{"@type":"ListItem","position":3,"name":"StartUP\u00a9 Opci\u00f3n 1. Precio para empresa o a\u00fatonomo"}]},{"@type":"WebSite","@id":"https:\/\/www.logocrea.com\/store\/#website","url":"https:\/\/www.logocrea.com\/store\/","name":"Logocrea\u00ae | Dise\u00f1o de logotipos, web y gr\u00e1fico | Agencia de Branding","description":"Logocrea\u00ae es una agencia de dise\u00f1o profesional, especializada en imagen corporativa: dise\u00f1amos logos, webs y realizamos todo tipo de dise\u00f1o gr\u00e1fico desde 2003.","publisher":{"@id":"https:\/\/www.logocrea.com\/store\/#organization"},"alternateName":"Logocrea\u00ae | Dise\u00f1o de logotipos, web y gr\u00e1fico | Agencia de Branding","potentialAction":[{"@type":"SearchAction","target":{"@type":"EntryPoint","urlTemplate":"https:\/\/www.logocrea.com\/store\/?s={search_term_string}"},"query-input":{"@type":"PropertyValueSpecification","valueRequired":true,"valueName":"search_term_string"}}],"inLanguage":"es"},{"@type":"Organization","@id":"https:\/\/www.logocrea.com\/store\/#organization","name":"Logocrea\u00ae | Dise\u00f1o de logotipos, web y gr\u00e1fico | Agencia de Branding","url":"https:\/\/www.logocrea.com\/store\/","logo":{"@type":"ImageObject","inLanguage":"es","@id":"https:\/\/www.logocrea.com\/store\/#\/schema\/logo\/image\/","url":"https:\/\/www.logocrea.com\/store\/wp-content\/uploads\/2022\/11\/logocrea-2022-500.jpg","contentUrl":"https:\/\/www.logocrea.com\/store\/wp-content\/uploads\/2022\/11\/logocrea-2022-500.jpg","width":500,"height":163,"caption":"Logocrea\u00ae | Dise\u00f1o de logotipos, web y gr\u00e1fico | Agencia de Branding"},"image":{"@id":"https:\/\/www.logocrea.com\/store\/#\/schema\/logo\/image\/"},"sameAs":["https:\/\/www.facebook.com\/logocrea","https:\/\/x.com\/logocrea","https:\/\/www.tiktok.com\/@logocrea","https:\/\/www.instagram.com\/logocrea.es"]}]}},"_links":{"self":[{"href":"https:\/\/www.logocrea.com\/store\/wp-json\/wp\/v2\/product\/225008","targetHints":{"allow":["GET"]}}],"collection":[{"href":"https:\/\/www.logocrea.com\/store\/wp-json\/wp\/v2\/product"}],"about":[{"href":"https:\/\/www.logocrea.com\/store\/wp-json\/wp\/v2\/types\/product"}],"replies":[{"embeddable":true,"href":"https:\/\/www.logocrea.com\/store\/wp-json\/wp\/v2\/comments?post=225008"}],"wp:featuredmedia":[{"embeddable":true,"href":"https:\/\/www.logocrea.com\/store\/wp-json\/wp\/v2\/media\/225002"}],"wp:attachment":[{"href":"https:\/\/www.logocrea.com\/store\/wp-json\/wp\/v2\/media?parent=225008"}],"wp:term":[{"taxonomy":"product_brand","embeddable":true,"href":"https:\/\/www.logocrea.com\/store\/wp-json\/wp\/v2\/product_brand?post=225008"},{"taxonomy":"product_cat","embeddable":true,"href":"https:\/\/www.logocrea.com\/store\/wp-json\/wp\/v2\/product_cat?post=225008"},{"taxonomy":"product_tag","embeddable":true,"href":"https:\/\/www.logocrea.com\/store\/wp-json\/wp\/v2\/product_tag?post=225008"}],"curies":[{"name":"wp","href":"https:\/\/api.w.org\/{rel}","templated":true}]}}