{"id":225087,"date":"2023-02-06T17:50:33","date_gmt":"2023-02-06T16:50:33","guid":{"rendered":"https:\/\/www.logocrea.com\/store\/?post_type=product&#038;p=225087"},"modified":"2026-02-03T19:57:12","modified_gmt":"2026-02-03T18:57:12","slug":"diseno-de-triptico-opcion-3-precio-para-empresa-o-autonomo","status":"publish","type":"product","link":"https:\/\/www.logocrea.com\/store\/producto\/diseno-de-triptico-opcion-3-precio-para-empresa-o-autonomo\/","title":{"rendered":"Dise\u00f1o de tr\u00edptico Opci\u00f3n 3. Precio para empresa o a\u00fatonomo"},"content":{"rendered":"<p>Un tr\u00edptico\/folleto publicitario es un folio A4 dispuesto en horizontal, con dos pliegos transversales, lo que nos forma un peque\u00f1o y fant\u00e1stico cat\u00e1logo plegado con 6 p\u00e1ginas.<br \/>\n6 caras de 99x210mm.<br \/>\nModificaciones de dise\u00f1o: Se acepta 1.<br \/>\nContenido: Fotos y textos a cargo del cliente.<br \/>\nFotos publicitarias: 4.<\/p>\n<p style=\"text-align: left;\">Archivos entregados:<br \/>\n&#8211; JPG y PDF con 300 ppi.<\/p>\n<p style=\"text-align: left;\">Plazos: las propuestas en 4 d\u00edas laborables, la correcci\u00f3n estar\u00eda en 3 d\u00edas laborables. Plazo m\u00e1ximo 14 d\u00edas.<\/p>\n<p style=\"text-align: left;\"><strong>Precio<\/strong><strong> exclusivamente para empresas o aut\u00f3nomos. <\/strong>Incluye 21% de IVA y se aplica el 15% de IRPF.<\/p>\n<p style=\"text-align: left;\"><strong>\u00bfNecesitas m\u00e1s informaci\u00f3n sobre este servicio? <a href=\"https:\/\/www.logocrea.com\/servicios-adicionales\/diseno-de-triptico\/#opciones\" target=\"_blank\" rel=\"noopener\">Haz clic aqu\u00ed<\/a><\/strong><\/p>\n","protected":false},"excerpt":{"rendered":"<p>Un tr\u00edptico\/folleto publicitario es un folio A4 dispuesto en horizontal, con dos pliegos transversales, lo que nos forma un peque\u00f1o y fant\u00e1stico cat\u00e1logo plegado con 6 p\u00e1ginas.<br \/>\n6 caras de 99x210mm.<br \/>\nModificaciones de dise\u00f1o: Se acepta 1.<br \/>\nContenido: Fotos y textos a cargo del cliente.<br \/>\nFotos publicitarias: 4.<\/p>\n","protected":false},"featured_media":225091,"template":"","meta":{"_et_pb_use_builder":"","_et_pb_old_content":"","_et_gb_content_width":""},"product_brand":[],"product_cat":[31],"product_tag":[100,98,102],"class_list":{"0":"post-225087","1":"product","2":"type-product","3":"status-publish","4":"has-post-thumbnail","6":"product_cat-diseno-grafico","7":"product_tag-a5","8":"product_tag-diseno-de-folleto","9":"product_tag-diseno-de-triptico","11":"first","12":"instock","13":"downloadable","14":"virtual","15":"purchasable","16":"product-type-simple"},"yoast_head":"<!-- This site is optimized with the Yoast SEO plugin v27.3 - https:\/\/yoast.com\/product\/yoast-seo-wordpress\/ -->\n<title>Dise\u00f1o de tr\u00edptico Opci\u00f3n 3. Precio para empresa o a\u00fatonomo - Logocrea\u00ae Store<\/title>\n<meta name=\"description\" content=\"Un tr\u00edptico\/folleto publicitario: A4 dispuesto en horizontal, con dos pliegos transversales, con 6 p\u00e1ginas de 99x210mm. Con 4 fotos publicitarias.\" \/>\n<meta name=\"robots\" content=\"index, follow, max-snippet:-1, max-image-preview:large, max-video-preview:-1\" \/>\n<link rel=\"canonical\" href=\"https:\/\/www.logocrea.com\/store\/producto\/diseno-de-triptico-opcion-3-precio-para-empresa-o-autonomo\/\" \/>\n<meta property=\"og:locale\" content=\"es_ES\" \/>\n<meta property=\"og:type\" content=\"article\" \/>\n<meta property=\"og:title\" content=\"Dise\u00f1o de tr\u00edptico Opci\u00f3n 3. Precio para empresa o a\u00fatonomo - Logocrea\u00ae Store\" \/>\n<meta property=\"og:description\" content=\"Un tr\u00edptico\/folleto publicitario: A4 dispuesto en horizontal, con dos pliegos transversales, con 6 p\u00e1ginas de 99x210mm. Con 4 fotos publicitarias.\" \/>\n<meta property=\"og:url\" content=\"https:\/\/www.logocrea.com\/store\/producto\/diseno-de-triptico-opcion-3-precio-para-empresa-o-autonomo\/\" \/>\n<meta property=\"og:site_name\" content=\"Logocrea\u00ae Store\" \/>\n<meta property=\"article:publisher\" content=\"https:\/\/www.facebook.com\/logocrea\" \/>\n<meta property=\"article:modified_time\" content=\"2026-02-03T18:57:12+00:00\" \/>\n<meta property=\"og:image\" content=\"https:\/\/www.logocrea.com\/store\/wp-content\/uploads\/2023\/02\/triptico3-store.jpg\" \/>\n\t<meta property=\"og:image:width\" content=\"570\" \/>\n\t<meta property=\"og:image:height\" content=\"572\" \/>\n\t<meta property=\"og:image:type\" content=\"image\/jpeg\" \/>\n<meta name=\"twitter:card\" content=\"summary_large_image\" \/>\n<meta name=\"twitter:site\" content=\"@logocrea\" \/>\n<meta name=\"twitter:label1\" content=\"Tiempo de lectura\" \/>\n\t<meta name=\"twitter:data1\" content=\"1 minuto\" \/>\n<script type=\"application\/ld+json\" class=\"yoast-schema-graph\">{\"@context\":\"https:\\\/\\\/schema.org\",\"@graph\":[{\"@type\":\"WebPage\",\"@id\":\"https:\\\/\\\/www.logocrea.com\\\/store\\\/producto\\\/diseno-de-triptico-opcion-3-precio-para-empresa-o-autonomo\\\/\",\"url\":\"https:\\\/\\\/www.logocrea.com\\\/store\\\/producto\\\/diseno-de-triptico-opcion-3-precio-para-empresa-o-autonomo\\\/\",\"name\":\"Dise\u00f1o de tr\u00edptico Opci\u00f3n 3. Precio para empresa o a\u00fatonomo - Logocrea\u00ae Store\",\"isPartOf\":{\"@id\":\"https:\\\/\\\/www.logocrea.com\\\/store\\\/#website\"},\"primaryImageOfPage\":{\"@id\":\"https:\\\/\\\/www.logocrea.com\\\/store\\\/producto\\\/diseno-de-triptico-opcion-3-precio-para-empresa-o-autonomo\\\/#primaryimage\"},\"image\":{\"@id\":\"https:\\\/\\\/www.logocrea.com\\\/store\\\/producto\\\/diseno-de-triptico-opcion-3-precio-para-empresa-o-autonomo\\\/#primaryimage\"},\"thumbnailUrl\":\"https:\\\/\\\/www.logocrea.com\\\/store\\\/wp-content\\\/uploads\\\/2023\\\/02\\\/triptico3-store.jpg\",\"datePublished\":\"2023-02-06T16:50:33+00:00\",\"dateModified\":\"2026-02-03T18:57:12+00:00\",\"description\":\"Un tr\u00edptico\\\/folleto publicitario: A4 dispuesto en horizontal, con dos pliegos transversales, con 6 p\u00e1ginas de 99x210mm. Con 4 fotos publicitarias.\",\"breadcrumb\":{\"@id\":\"https:\\\/\\\/www.logocrea.com\\\/store\\\/producto\\\/diseno-de-triptico-opcion-3-precio-para-empresa-o-autonomo\\\/#breadcrumb\"},\"inLanguage\":\"es\",\"potentialAction\":[{\"@type\":\"ReadAction\",\"target\":[\"https:\\\/\\\/www.logocrea.com\\\/store\\\/producto\\\/diseno-de-triptico-opcion-3-precio-para-empresa-o-autonomo\\\/\"]}]},{\"@type\":\"ImageObject\",\"inLanguage\":\"es\",\"@id\":\"https:\\\/\\\/www.logocrea.com\\\/store\\\/producto\\\/diseno-de-triptico-opcion-3-precio-para-empresa-o-autonomo\\\/#primaryimage\",\"url\":\"https:\\\/\\\/www.logocrea.com\\\/store\\\/wp-content\\\/uploads\\\/2023\\\/02\\\/triptico3-store.jpg\",\"contentUrl\":\"https:\\\/\\\/www.logocrea.com\\\/store\\\/wp-content\\\/uploads\\\/2023\\\/02\\\/triptico3-store.jpg\",\"width\":570,\"height\":572,\"caption\":\"Dise\u00f1o de Tr\u00edptico. Logocrea\u00ae\"},{\"@type\":\"BreadcrumbList\",\"@id\":\"https:\\\/\\\/www.logocrea.com\\\/store\\\/producto\\\/diseno-de-triptico-opcion-3-precio-para-empresa-o-autonomo\\\/#breadcrumb\",\"itemListElement\":[{\"@type\":\"ListItem\",\"position\":1,\"name\":\"Portada\",\"item\":\"https:\\\/\\\/www.logocrea.com\\\/store\\\/\"},{\"@type\":\"ListItem\",\"position\":2,\"name\":\"Tienda\",\"item\":\"https:\\\/\\\/www.logocrea.com\\\/store\\\/tienda\\\/\"},{\"@type\":\"ListItem\",\"position\":3,\"name\":\"Dise\u00f1o de tr\u00edptico Opci\u00f3n 3. Precio para empresa o a\u00fatonomo\"}]},{\"@type\":\"WebSite\",\"@id\":\"https:\\\/\\\/www.logocrea.com\\\/store\\\/#website\",\"url\":\"https:\\\/\\\/www.logocrea.com\\\/store\\\/\",\"name\":\"Logocrea\u00ae | Dise\u00f1o de logotipos, web y gr\u00e1fico | Agencia de Branding\",\"description\":\"Logocrea\u00ae es una agencia de dise\u00f1o profesional, especializada en imagen corporativa: dise\u00f1amos logos, webs y realizamos todo tipo de dise\u00f1o gr\u00e1fico desde 2003.\",\"publisher\":{\"@id\":\"https:\\\/\\\/www.logocrea.com\\\/store\\\/#organization\"},\"alternateName\":\"Logocrea\u00ae | Dise\u00f1o de logotipos, web y gr\u00e1fico | Agencia de Branding\",\"potentialAction\":[{\"@type\":\"SearchAction\",\"target\":{\"@type\":\"EntryPoint\",\"urlTemplate\":\"https:\\\/\\\/www.logocrea.com\\\/store\\\/?s={search_term_string}\"},\"query-input\":{\"@type\":\"PropertyValueSpecification\",\"valueRequired\":true,\"valueName\":\"search_term_string\"}}],\"inLanguage\":\"es\"},{\"@type\":\"Organization\",\"@id\":\"https:\\\/\\\/www.logocrea.com\\\/store\\\/#organization\",\"name\":\"Logocrea\u00ae | Dise\u00f1o de logotipos, web y gr\u00e1fico | Agencia de Branding\",\"url\":\"https:\\\/\\\/www.logocrea.com\\\/store\\\/\",\"logo\":{\"@type\":\"ImageObject\",\"inLanguage\":\"es\",\"@id\":\"https:\\\/\\\/www.logocrea.com\\\/store\\\/#\\\/schema\\\/logo\\\/image\\\/\",\"url\":\"https:\\\/\\\/www.logocrea.com\\\/store\\\/wp-content\\\/uploads\\\/2022\\\/11\\\/logocrea-2022-500.jpg\",\"contentUrl\":\"https:\\\/\\\/www.logocrea.com\\\/store\\\/wp-content\\\/uploads\\\/2022\\\/11\\\/logocrea-2022-500.jpg\",\"width\":500,\"height\":163,\"caption\":\"Logocrea\u00ae | Dise\u00f1o de logotipos, web y gr\u00e1fico | Agencia de Branding\"},\"image\":{\"@id\":\"https:\\\/\\\/www.logocrea.com\\\/store\\\/#\\\/schema\\\/logo\\\/image\\\/\"},\"sameAs\":[\"https:\\\/\\\/www.facebook.com\\\/logocrea\",\"https:\\\/\\\/x.com\\\/logocrea\",\"https:\\\/\\\/www.tiktok.com\\\/@logocrea\",\"https:\\\/\\\/www.instagram.com\\\/logocrea.es\"]}]}<\/script>\n<!-- \/ Yoast SEO plugin. -->","yoast_head_json":{"title":"Dise\u00f1o de tr\u00edptico Opci\u00f3n 3. Precio para empresa o a\u00fatonomo - Logocrea\u00ae Store","description":"Un tr\u00edptico\/folleto publicitario: A4 dispuesto en horizontal, con dos pliegos transversales, con 6 p\u00e1ginas de 99x210mm. Con 4 fotos publicitarias.","robots":{"index":"index","follow":"follow","max-snippet":"max-snippet:-1","max-image-preview":"max-image-preview:large","max-video-preview":"max-video-preview:-1"},"canonical":"https:\/\/www.logocrea.com\/store\/producto\/diseno-de-triptico-opcion-3-precio-para-empresa-o-autonomo\/","og_locale":"es_ES","og_type":"article","og_title":"Dise\u00f1o de tr\u00edptico Opci\u00f3n 3. Precio para empresa o a\u00fatonomo - Logocrea\u00ae Store","og_description":"Un tr\u00edptico\/folleto publicitario: A4 dispuesto en horizontal, con dos pliegos transversales, con 6 p\u00e1ginas de 99x210mm. Con 4 fotos publicitarias.","og_url":"https:\/\/www.logocrea.com\/store\/producto\/diseno-de-triptico-opcion-3-precio-para-empresa-o-autonomo\/","og_site_name":"Logocrea\u00ae Store","article_publisher":"https:\/\/www.facebook.com\/logocrea","article_modified_time":"2026-02-03T18:57:12+00:00","og_image":[{"width":570,"height":572,"url":"https:\/\/www.logocrea.com\/store\/wp-content\/uploads\/2023\/02\/triptico3-store.jpg","type":"image\/jpeg"}],"twitter_card":"summary_large_image","twitter_site":"@logocrea","twitter_misc":{"Tiempo de lectura":"1 minuto"},"schema":{"@context":"https:\/\/schema.org","@graph":[{"@type":"WebPage","@id":"https:\/\/www.logocrea.com\/store\/producto\/diseno-de-triptico-opcion-3-precio-para-empresa-o-autonomo\/","url":"https:\/\/www.logocrea.com\/store\/producto\/diseno-de-triptico-opcion-3-precio-para-empresa-o-autonomo\/","name":"Dise\u00f1o de tr\u00edptico Opci\u00f3n 3. Precio para empresa o a\u00fatonomo - Logocrea\u00ae Store","isPartOf":{"@id":"https:\/\/www.logocrea.com\/store\/#website"},"primaryImageOfPage":{"@id":"https:\/\/www.logocrea.com\/store\/producto\/diseno-de-triptico-opcion-3-precio-para-empresa-o-autonomo\/#primaryimage"},"image":{"@id":"https:\/\/www.logocrea.com\/store\/producto\/diseno-de-triptico-opcion-3-precio-para-empresa-o-autonomo\/#primaryimage"},"thumbnailUrl":"https:\/\/www.logocrea.com\/store\/wp-content\/uploads\/2023\/02\/triptico3-store.jpg","datePublished":"2023-02-06T16:50:33+00:00","dateModified":"2026-02-03T18:57:12+00:00","description":"Un tr\u00edptico\/folleto publicitario: A4 dispuesto en horizontal, con dos pliegos transversales, con 6 p\u00e1ginas de 99x210mm. Con 4 fotos publicitarias.","breadcrumb":{"@id":"https:\/\/www.logocrea.com\/store\/producto\/diseno-de-triptico-opcion-3-precio-para-empresa-o-autonomo\/#breadcrumb"},"inLanguage":"es","potentialAction":[{"@type":"ReadAction","target":["https:\/\/www.logocrea.com\/store\/producto\/diseno-de-triptico-opcion-3-precio-para-empresa-o-autonomo\/"]}]},{"@type":"ImageObject","inLanguage":"es","@id":"https:\/\/www.logocrea.com\/store\/producto\/diseno-de-triptico-opcion-3-precio-para-empresa-o-autonomo\/#primaryimage","url":"https:\/\/www.logocrea.com\/store\/wp-content\/uploads\/2023\/02\/triptico3-store.jpg","contentUrl":"https:\/\/www.logocrea.com\/store\/wp-content\/uploads\/2023\/02\/triptico3-store.jpg","width":570,"height":572,"caption":"Dise\u00f1o de Tr\u00edptico. Logocrea\u00ae"},{"@type":"BreadcrumbList","@id":"https:\/\/www.logocrea.com\/store\/producto\/diseno-de-triptico-opcion-3-precio-para-empresa-o-autonomo\/#breadcrumb","itemListElement":[{"@type":"ListItem","position":1,"name":"Portada","item":"https:\/\/www.logocrea.com\/store\/"},{"@type":"ListItem","position":2,"name":"Tienda","item":"https:\/\/www.logocrea.com\/store\/tienda\/"},{"@type":"ListItem","position":3,"name":"Dise\u00f1o de tr\u00edptico Opci\u00f3n 3. Precio para empresa o a\u00fatonomo"}]},{"@type":"WebSite","@id":"https:\/\/www.logocrea.com\/store\/#website","url":"https:\/\/www.logocrea.com\/store\/","name":"Logocrea\u00ae | Dise\u00f1o de logotipos, web y gr\u00e1fico | Agencia de Branding","description":"Logocrea\u00ae es una agencia de dise\u00f1o profesional, especializada en imagen corporativa: dise\u00f1amos logos, webs y realizamos todo tipo de dise\u00f1o gr\u00e1fico desde 2003.","publisher":{"@id":"https:\/\/www.logocrea.com\/store\/#organization"},"alternateName":"Logocrea\u00ae | Dise\u00f1o de logotipos, web y gr\u00e1fico | Agencia de Branding","potentialAction":[{"@type":"SearchAction","target":{"@type":"EntryPoint","urlTemplate":"https:\/\/www.logocrea.com\/store\/?s={search_term_string}"},"query-input":{"@type":"PropertyValueSpecification","valueRequired":true,"valueName":"search_term_string"}}],"inLanguage":"es"},{"@type":"Organization","@id":"https:\/\/www.logocrea.com\/store\/#organization","name":"Logocrea\u00ae | Dise\u00f1o de logotipos, web y gr\u00e1fico | Agencia de Branding","url":"https:\/\/www.logocrea.com\/store\/","logo":{"@type":"ImageObject","inLanguage":"es","@id":"https:\/\/www.logocrea.com\/store\/#\/schema\/logo\/image\/","url":"https:\/\/www.logocrea.com\/store\/wp-content\/uploads\/2022\/11\/logocrea-2022-500.jpg","contentUrl":"https:\/\/www.logocrea.com\/store\/wp-content\/uploads\/2022\/11\/logocrea-2022-500.jpg","width":500,"height":163,"caption":"Logocrea\u00ae | Dise\u00f1o de logotipos, web y gr\u00e1fico | Agencia de Branding"},"image":{"@id":"https:\/\/www.logocrea.com\/store\/#\/schema\/logo\/image\/"},"sameAs":["https:\/\/www.facebook.com\/logocrea","https:\/\/x.com\/logocrea","https:\/\/www.tiktok.com\/@logocrea","https:\/\/www.instagram.com\/logocrea.es"]}]}},"_links":{"self":[{"href":"https:\/\/www.logocrea.com\/store\/wp-json\/wp\/v2\/product\/225087","targetHints":{"allow":["GET"]}}],"collection":[{"href":"https:\/\/www.logocrea.com\/store\/wp-json\/wp\/v2\/product"}],"about":[{"href":"https:\/\/www.logocrea.com\/store\/wp-json\/wp\/v2\/types\/product"}],"wp:featuredmedia":[{"embeddable":true,"href":"https:\/\/www.logocrea.com\/store\/wp-json\/wp\/v2\/media\/225091"}],"wp:attachment":[{"href":"https:\/\/www.logocrea.com\/store\/wp-json\/wp\/v2\/media?parent=225087"}],"wp:term":[{"taxonomy":"product_brand","embeddable":true,"href":"https:\/\/www.logocrea.com\/store\/wp-json\/wp\/v2\/product_brand?post=225087"},{"taxonomy":"product_cat","embeddable":true,"href":"https:\/\/www.logocrea.com\/store\/wp-json\/wp\/v2\/product_cat?post=225087"},{"taxonomy":"product_tag","embeddable":true,"href":"https:\/\/www.logocrea.com\/store\/wp-json\/wp\/v2\/product_tag?post=225087"}],"curies":[{"name":"wp","href":"https:\/\/api.w.org\/{rel}","templated":true}]}}