{"id":225165,"date":"2023-02-08T16:46:27","date_gmt":"2023-02-08T15:46:27","guid":{"rendered":"https:\/\/www.logocrea.com\/store\/?post_type=product&#038;p=225165"},"modified":"2023-02-13T18:28:19","modified_gmt":"2023-02-13T17:28:19","slug":"webshop-opcion-1-precio-para-particular-fraccionado","status":"publish","type":"product","link":"https:\/\/www.logocrea.com\/store\/producto\/webshop-opcion-1-precio-para-particular-fraccionado\/","title":{"rendered":"WebSHOP\u00a9 Opci\u00f3n 1. Precio para particular. Fraccionado"},"content":{"rendered":"<p><strong>50% del primer pago del WebSHOP\u00a9 Opci\u00f3n 1.<\/strong><br \/>\nDise\u00f1o de p\u00e1gina web y tienda online personalizada.<br \/>\nPanel de control autogestionable.<br \/>\nIncluye revisiones de dise\u00f1o.<br \/>\nContenido: La <strong>web<\/strong> se entrega con<strong> 15 secciones o p\u00e1ginas<\/strong> como m\u00e1ximo con las (inicio, quienes somos, servicios, contacto, etc).<br \/>\nResponsive. Adaptada a m\u00f3viles.<br \/>\nTextos y fotos a cargo del cliente.<br \/>\n<strong>Hasta 10 productos iniciales.<\/strong><br \/>\nProductos ilimitados: a trav\u00e9s del panel de control, el cliente podr\u00e1 instalar todos los productos que desee.<br \/>\nDise\u00f1o personalizado.<br \/>\nPanel de control intuitivo.<br \/>\nTienda en propiedad.<br \/>\nDiferentes m\u00f3dulos de pago: Paypal, tarjeta bancaria (a trav\u00e9s de Paypal) y contra-reembolso.<br \/>\nDiferentes m\u00f3dulos de env\u00edo.<br \/>\nNOTA: El cliente puede, posteriormente a la entrega insertar nuevo contenido, secciones y productos por su cuenta a trav\u00e9s del panel de control.<br \/>\nGRATIS: Alojamiento (Hosting WordPress) y dominio de 3 meses*. Despu\u00e9s 115\u20ac\/a\u00f1o (precio particular).<br \/>\nIncluye: hasta 3 cuentas de email.<br \/>\nEl cliente podr\u00e1 editarla sin limitaciones, una vez entregada la web con las claves.<br \/>\nInstalaci\u00f3n del Google Maps en p\u00e1gina de contacto.<br \/>\nIconos con enlaces hacia las redes sociales.<br \/>\nCertificado de cifrado para HTTPS.<br \/>\nSi necesitas alojar la web en tu propio servidor, aplicaremos un suplemento adicional en concepto de instalaci\u00f3n: 35\u20ac (precio particular). <strong><a href=\"https:\/\/www.logocrea.com\/store\/cart\/?add-to-cart=225011&amp;quantity=1\" target=\"_blank\" rel=\"noopener\">Contratar<\/a><\/strong><\/p>\n<p>Plazos: En el plazo estimado de 5 d\u00edas laborables te informaremos de la construcci\u00f3n de la web beta, el plazo m\u00e1ximo del proyecto es de 45 d\u00edas en total para poder solicitar los cambios oportunos. Cada solicitud de cambio ser\u00e1 atendida en 4 d\u00edas laborables realizando las acciones solicitadas.<br \/>\n<strong>Precio PVP exclusivamente particular.<\/strong> Incluye 21% de IVA.<\/p>\n<p style=\"text-align: left;\"><strong>\u00bfNecesitas m\u00e1s informaci\u00f3n sobre este servicio? <a href=\"https:\/\/www.logocrea.com\/diseno-web\/webshop\/#opciones\" target=\"_blank\" rel=\"noopener\">Haz clic aqu\u00ed<\/a><\/strong><\/p>\n","protected":false},"excerpt":{"rendered":"<p><strong>50% del primer pago del WebSHOP\u00a9 Opci\u00f3n 1.<\/strong><br \/>\nDise\u00f1o de p\u00e1gina web personalizada.<br \/>\nLa web se entrega<strong> con 15 secciones o p\u00e1ginas<\/strong> como m\u00e1ximo (inicio, quienes somos, servicios, contacto, etc).<br \/>\nPanel de control autogestionable.<br \/>\nIncluye revisiones de dise\u00f1o.<br \/>\n<strong>Hasta 10 productos iniciales.<\/strong><br \/>\nProductos ilimitados: a trav\u00e9s del panel de control, el cliente podr\u00e1 instalar todos los productos que desee.<br \/>\nResponsive. Adaptada a m\u00f3viles.<br \/>\nGRATIS: Alojamiento (Hosting WordPress) y dominio de 3 meses*.<br \/>\nIncluye: hasta 3 cuentas de email.<br \/>\nCertificado de cifrado para HTTPS.<\/p>\n","protected":false},"featured_media":224828,"template":"","meta":{"_et_pb_use_builder":"","_et_pb_old_content":"","_et_gb_content_width":""},"product_brand":[],"product_cat":[111],"product_tag":[57,75,60,58,81,47,80],"class_list":{"0":"post-225165","1":"product","2":"type-product","3":"status-publish","4":"has-post-thumbnail","6":"product_cat-pago-fraccionado","7":"product_tag-adaptada-a-moviles","8":"product_tag-diseno-de-pagina-web","9":"product_tag-https","10":"product_tag-responsive","11":"product_tag-tienda-online","12":"product_tag-web","13":"product_tag-webshop","15":"first","16":"instock","17":"downloadable","18":"virtual","19":"purchasable","20":"product-type-simple"},"yoast_head":"<!-- This site is optimized with the Yoast SEO plugin v27.4 - https:\/\/yoast.com\/product\/yoast-seo-wordpress\/ -->\n<title>WebSHOP\u00a9 Opci\u00f3n 1. Precio para particular. Fraccionado - Logocrea\u00ae Store<\/title>\n<meta name=\"description\" content=\"Dise\u00f1o de p\u00e1gina web y tienda online personalizada. Panel de control autogestionable. Instalaci\u00f3n del Google Maps. Iconos con enlaces hacia las RRSS.\" \/>\n<meta name=\"robots\" content=\"index, follow, max-snippet:-1, max-image-preview:large, max-video-preview:-1\" \/>\n<link rel=\"canonical\" href=\"https:\/\/www.logocrea.com\/store\/producto\/webshop-opcion-1-precio-para-particular-fraccionado\/\" \/>\n<meta property=\"og:locale\" content=\"es_ES\" \/>\n<meta property=\"og:type\" content=\"article\" \/>\n<meta property=\"og:title\" content=\"WebSHOP\u00a9 Opci\u00f3n 1. Precio para particular. Fraccionado - Logocrea\u00ae Store\" \/>\n<meta property=\"og:description\" content=\"Dise\u00f1o de p\u00e1gina web y tienda online personalizada. Panel de control autogestionable. Instalaci\u00f3n del Google Maps. Iconos con enlaces hacia las RRSS.\" \/>\n<meta property=\"og:url\" content=\"https:\/\/www.logocrea.com\/store\/producto\/webshop-opcion-1-precio-para-particular-fraccionado\/\" \/>\n<meta property=\"og:site_name\" content=\"Logocrea\u00ae Store\" \/>\n<meta property=\"article:publisher\" content=\"https:\/\/www.facebook.com\/logocrea\" \/>\n<meta property=\"article:modified_time\" content=\"2023-02-13T17:28:19+00:00\" \/>\n<meta property=\"og:image\" content=\"https:\/\/www.logocrea.com\/store\/wp-content\/uploads\/2023\/01\/webshop1-store.jpg\" \/>\n\t<meta property=\"og:image:width\" content=\"570\" \/>\n\t<meta property=\"og:image:height\" content=\"572\" \/>\n\t<meta property=\"og:image:type\" content=\"image\/jpeg\" \/>\n<meta name=\"twitter:card\" content=\"summary_large_image\" \/>\n<meta name=\"twitter:site\" content=\"@logocrea\" \/>\n<meta name=\"twitter:label1\" content=\"Tiempo de lectura\" \/>\n\t<meta name=\"twitter:data1\" content=\"2 minutos\" \/>\n<script type=\"application\/ld+json\" class=\"yoast-schema-graph\">{\"@context\":\"https:\\\/\\\/schema.org\",\"@graph\":[{\"@type\":\"WebPage\",\"@id\":\"https:\\\/\\\/www.logocrea.com\\\/store\\\/producto\\\/webshop-opcion-1-precio-para-particular-fraccionado\\\/\",\"url\":\"https:\\\/\\\/www.logocrea.com\\\/store\\\/producto\\\/webshop-opcion-1-precio-para-particular-fraccionado\\\/\",\"name\":\"WebSHOP\u00a9 Opci\u00f3n 1. Precio para particular. Fraccionado - Logocrea\u00ae Store\",\"isPartOf\":{\"@id\":\"https:\\\/\\\/www.logocrea.com\\\/store\\\/#website\"},\"primaryImageOfPage\":{\"@id\":\"https:\\\/\\\/www.logocrea.com\\\/store\\\/producto\\\/webshop-opcion-1-precio-para-particular-fraccionado\\\/#primaryimage\"},\"image\":{\"@id\":\"https:\\\/\\\/www.logocrea.com\\\/store\\\/producto\\\/webshop-opcion-1-precio-para-particular-fraccionado\\\/#primaryimage\"},\"thumbnailUrl\":\"https:\\\/\\\/www.logocrea.com\\\/store\\\/wp-content\\\/uploads\\\/2023\\\/01\\\/webshop1-store.jpg\",\"datePublished\":\"2023-02-08T15:46:27+00:00\",\"dateModified\":\"2023-02-13T17:28:19+00:00\",\"description\":\"Dise\u00f1o de p\u00e1gina web y tienda online personalizada. Panel de control autogestionable. Instalaci\u00f3n del Google Maps. Iconos con enlaces hacia las RRSS.\",\"breadcrumb\":{\"@id\":\"https:\\\/\\\/www.logocrea.com\\\/store\\\/producto\\\/webshop-opcion-1-precio-para-particular-fraccionado\\\/#breadcrumb\"},\"inLanguage\":\"es\",\"potentialAction\":[{\"@type\":\"ReadAction\",\"target\":[\"https:\\\/\\\/www.logocrea.com\\\/store\\\/producto\\\/webshop-opcion-1-precio-para-particular-fraccionado\\\/\"]}]},{\"@type\":\"ImageObject\",\"inLanguage\":\"es\",\"@id\":\"https:\\\/\\\/www.logocrea.com\\\/store\\\/producto\\\/webshop-opcion-1-precio-para-particular-fraccionado\\\/#primaryimage\",\"url\":\"https:\\\/\\\/www.logocrea.com\\\/store\\\/wp-content\\\/uploads\\\/2023\\\/01\\\/webshop1-store.jpg\",\"contentUrl\":\"https:\\\/\\\/www.logocrea.com\\\/store\\\/wp-content\\\/uploads\\\/2023\\\/01\\\/webshop1-store.jpg\",\"width\":570,\"height\":572,\"caption\":\"WebSHOP\u00a9. Dise\u00f1o de p\u00e1gina web corporativa de Logocrea\u00ae\"},{\"@type\":\"BreadcrumbList\",\"@id\":\"https:\\\/\\\/www.logocrea.com\\\/store\\\/producto\\\/webshop-opcion-1-precio-para-particular-fraccionado\\\/#breadcrumb\",\"itemListElement\":[{\"@type\":\"ListItem\",\"position\":1,\"name\":\"Portada\",\"item\":\"https:\\\/\\\/www.logocrea.com\\\/store\\\/\"},{\"@type\":\"ListItem\",\"position\":2,\"name\":\"Tienda\",\"item\":\"https:\\\/\\\/www.logocrea.com\\\/store\\\/tienda\\\/\"},{\"@type\":\"ListItem\",\"position\":3,\"name\":\"WebSHOP\u00a9 Opci\u00f3n 1. Precio para particular. Fraccionado\"}]},{\"@type\":\"WebSite\",\"@id\":\"https:\\\/\\\/www.logocrea.com\\\/store\\\/#website\",\"url\":\"https:\\\/\\\/www.logocrea.com\\\/store\\\/\",\"name\":\"Logocrea\u00ae | Dise\u00f1o de logotipos, web y gr\u00e1fico | Agencia de Branding\",\"description\":\"Logocrea\u00ae es una agencia de dise\u00f1o profesional, especializada en imagen corporativa: dise\u00f1amos logos, webs y realizamos todo tipo de dise\u00f1o gr\u00e1fico desde 2003.\",\"publisher\":{\"@id\":\"https:\\\/\\\/www.logocrea.com\\\/store\\\/#organization\"},\"alternateName\":\"Logocrea\u00ae | Dise\u00f1o de logotipos, web y gr\u00e1fico | Agencia de Branding\",\"potentialAction\":[{\"@type\":\"SearchAction\",\"target\":{\"@type\":\"EntryPoint\",\"urlTemplate\":\"https:\\\/\\\/www.logocrea.com\\\/store\\\/?s={search_term_string}\"},\"query-input\":{\"@type\":\"PropertyValueSpecification\",\"valueRequired\":true,\"valueName\":\"search_term_string\"}}],\"inLanguage\":\"es\"},{\"@type\":\"Organization\",\"@id\":\"https:\\\/\\\/www.logocrea.com\\\/store\\\/#organization\",\"name\":\"Logocrea\u00ae | Dise\u00f1o de logotipos, web y gr\u00e1fico | Agencia de Branding\",\"url\":\"https:\\\/\\\/www.logocrea.com\\\/store\\\/\",\"logo\":{\"@type\":\"ImageObject\",\"inLanguage\":\"es\",\"@id\":\"https:\\\/\\\/www.logocrea.com\\\/store\\\/#\\\/schema\\\/logo\\\/image\\\/\",\"url\":\"https:\\\/\\\/www.logocrea.com\\\/store\\\/wp-content\\\/uploads\\\/2022\\\/11\\\/logocrea-2022-500.jpg\",\"contentUrl\":\"https:\\\/\\\/www.logocrea.com\\\/store\\\/wp-content\\\/uploads\\\/2022\\\/11\\\/logocrea-2022-500.jpg\",\"width\":500,\"height\":163,\"caption\":\"Logocrea\u00ae | Dise\u00f1o de logotipos, web y gr\u00e1fico | Agencia de Branding\"},\"image\":{\"@id\":\"https:\\\/\\\/www.logocrea.com\\\/store\\\/#\\\/schema\\\/logo\\\/image\\\/\"},\"sameAs\":[\"https:\\\/\\\/www.facebook.com\\\/logocrea\",\"https:\\\/\\\/x.com\\\/logocrea\",\"https:\\\/\\\/www.tiktok.com\\\/@logocrea\",\"https:\\\/\\\/www.instagram.com\\\/logocrea.es\"]}]}<\/script>\n<!-- \/ Yoast SEO plugin. -->","yoast_head_json":{"title":"WebSHOP\u00a9 Opci\u00f3n 1. Precio para particular. Fraccionado - Logocrea\u00ae Store","description":"Dise\u00f1o de p\u00e1gina web y tienda online personalizada. Panel de control autogestionable. Instalaci\u00f3n del Google Maps. Iconos con enlaces hacia las RRSS.","robots":{"index":"index","follow":"follow","max-snippet":"max-snippet:-1","max-image-preview":"max-image-preview:large","max-video-preview":"max-video-preview:-1"},"canonical":"https:\/\/www.logocrea.com\/store\/producto\/webshop-opcion-1-precio-para-particular-fraccionado\/","og_locale":"es_ES","og_type":"article","og_title":"WebSHOP\u00a9 Opci\u00f3n 1. Precio para particular. Fraccionado - Logocrea\u00ae Store","og_description":"Dise\u00f1o de p\u00e1gina web y tienda online personalizada. Panel de control autogestionable. Instalaci\u00f3n del Google Maps. Iconos con enlaces hacia las RRSS.","og_url":"https:\/\/www.logocrea.com\/store\/producto\/webshop-opcion-1-precio-para-particular-fraccionado\/","og_site_name":"Logocrea\u00ae Store","article_publisher":"https:\/\/www.facebook.com\/logocrea","article_modified_time":"2023-02-13T17:28:19+00:00","og_image":[{"width":570,"height":572,"url":"https:\/\/www.logocrea.com\/store\/wp-content\/uploads\/2023\/01\/webshop1-store.jpg","type":"image\/jpeg"}],"twitter_card":"summary_large_image","twitter_site":"@logocrea","twitter_misc":{"Tiempo de lectura":"2 minutos"},"schema":{"@context":"https:\/\/schema.org","@graph":[{"@type":"WebPage","@id":"https:\/\/www.logocrea.com\/store\/producto\/webshop-opcion-1-precio-para-particular-fraccionado\/","url":"https:\/\/www.logocrea.com\/store\/producto\/webshop-opcion-1-precio-para-particular-fraccionado\/","name":"WebSHOP\u00a9 Opci\u00f3n 1. Precio para particular. Fraccionado - Logocrea\u00ae Store","isPartOf":{"@id":"https:\/\/www.logocrea.com\/store\/#website"},"primaryImageOfPage":{"@id":"https:\/\/www.logocrea.com\/store\/producto\/webshop-opcion-1-precio-para-particular-fraccionado\/#primaryimage"},"image":{"@id":"https:\/\/www.logocrea.com\/store\/producto\/webshop-opcion-1-precio-para-particular-fraccionado\/#primaryimage"},"thumbnailUrl":"https:\/\/www.logocrea.com\/store\/wp-content\/uploads\/2023\/01\/webshop1-store.jpg","datePublished":"2023-02-08T15:46:27+00:00","dateModified":"2023-02-13T17:28:19+00:00","description":"Dise\u00f1o de p\u00e1gina web y tienda online personalizada. Panel de control autogestionable. Instalaci\u00f3n del Google Maps. Iconos con enlaces hacia las RRSS.","breadcrumb":{"@id":"https:\/\/www.logocrea.com\/store\/producto\/webshop-opcion-1-precio-para-particular-fraccionado\/#breadcrumb"},"inLanguage":"es","potentialAction":[{"@type":"ReadAction","target":["https:\/\/www.logocrea.com\/store\/producto\/webshop-opcion-1-precio-para-particular-fraccionado\/"]}]},{"@type":"ImageObject","inLanguage":"es","@id":"https:\/\/www.logocrea.com\/store\/producto\/webshop-opcion-1-precio-para-particular-fraccionado\/#primaryimage","url":"https:\/\/www.logocrea.com\/store\/wp-content\/uploads\/2023\/01\/webshop1-store.jpg","contentUrl":"https:\/\/www.logocrea.com\/store\/wp-content\/uploads\/2023\/01\/webshop1-store.jpg","width":570,"height":572,"caption":"WebSHOP\u00a9. Dise\u00f1o de p\u00e1gina web corporativa de Logocrea\u00ae"},{"@type":"BreadcrumbList","@id":"https:\/\/www.logocrea.com\/store\/producto\/webshop-opcion-1-precio-para-particular-fraccionado\/#breadcrumb","itemListElement":[{"@type":"ListItem","position":1,"name":"Portada","item":"https:\/\/www.logocrea.com\/store\/"},{"@type":"ListItem","position":2,"name":"Tienda","item":"https:\/\/www.logocrea.com\/store\/tienda\/"},{"@type":"ListItem","position":3,"name":"WebSHOP\u00a9 Opci\u00f3n 1. Precio para particular. Fraccionado"}]},{"@type":"WebSite","@id":"https:\/\/www.logocrea.com\/store\/#website","url":"https:\/\/www.logocrea.com\/store\/","name":"Logocrea\u00ae | Dise\u00f1o de logotipos, web y gr\u00e1fico | Agencia de Branding","description":"Logocrea\u00ae es una agencia de dise\u00f1o profesional, especializada en imagen corporativa: dise\u00f1amos logos, webs y realizamos todo tipo de dise\u00f1o gr\u00e1fico desde 2003.","publisher":{"@id":"https:\/\/www.logocrea.com\/store\/#organization"},"alternateName":"Logocrea\u00ae | Dise\u00f1o de logotipos, web y gr\u00e1fico | Agencia de Branding","potentialAction":[{"@type":"SearchAction","target":{"@type":"EntryPoint","urlTemplate":"https:\/\/www.logocrea.com\/store\/?s={search_term_string}"},"query-input":{"@type":"PropertyValueSpecification","valueRequired":true,"valueName":"search_term_string"}}],"inLanguage":"es"},{"@type":"Organization","@id":"https:\/\/www.logocrea.com\/store\/#organization","name":"Logocrea\u00ae | Dise\u00f1o de logotipos, web y gr\u00e1fico | Agencia de Branding","url":"https:\/\/www.logocrea.com\/store\/","logo":{"@type":"ImageObject","inLanguage":"es","@id":"https:\/\/www.logocrea.com\/store\/#\/schema\/logo\/image\/","url":"https:\/\/www.logocrea.com\/store\/wp-content\/uploads\/2022\/11\/logocrea-2022-500.jpg","contentUrl":"https:\/\/www.logocrea.com\/store\/wp-content\/uploads\/2022\/11\/logocrea-2022-500.jpg","width":500,"height":163,"caption":"Logocrea\u00ae | Dise\u00f1o de logotipos, web y gr\u00e1fico | Agencia de Branding"},"image":{"@id":"https:\/\/www.logocrea.com\/store\/#\/schema\/logo\/image\/"},"sameAs":["https:\/\/www.facebook.com\/logocrea","https:\/\/x.com\/logocrea","https:\/\/www.tiktok.com\/@logocrea","https:\/\/www.instagram.com\/logocrea.es"]}]}},"_links":{"self":[{"href":"https:\/\/www.logocrea.com\/store\/wp-json\/wp\/v2\/product\/225165","targetHints":{"allow":["GET"]}}],"collection":[{"href":"https:\/\/www.logocrea.com\/store\/wp-json\/wp\/v2\/product"}],"about":[{"href":"https:\/\/www.logocrea.com\/store\/wp-json\/wp\/v2\/types\/product"}],"wp:featuredmedia":[{"embeddable":true,"href":"https:\/\/www.logocrea.com\/store\/wp-json\/wp\/v2\/media\/224828"}],"wp:attachment":[{"href":"https:\/\/www.logocrea.com\/store\/wp-json\/wp\/v2\/media?parent=225165"}],"wp:term":[{"taxonomy":"product_brand","embeddable":true,"href":"https:\/\/www.logocrea.com\/store\/wp-json\/wp\/v2\/product_brand?post=225165"},{"taxonomy":"product_cat","embeddable":true,"href":"https:\/\/www.logocrea.com\/store\/wp-json\/wp\/v2\/product_cat?post=225165"},{"taxonomy":"product_tag","embeddable":true,"href":"https:\/\/www.logocrea.com\/store\/wp-json\/wp\/v2\/product_tag?post=225165"}],"curies":[{"name":"wp","href":"https:\/\/api.w.org\/{rel}","templated":true}]}}