{"id":225266,"date":"2023-02-22T18:10:55","date_gmt":"2023-02-22T17:10:55","guid":{"rendered":"https:\/\/www.logocrea.com\/store\/?post_type=product&#038;p=225266"},"modified":"2023-03-16T13:02:42","modified_gmt":"2023-03-16T12:02:42","slug":"copia-de-seguridad-precio-para-particulares-opcion-1","status":"publish","type":"product","link":"https:\/\/www.logocrea.com\/store\/producto\/copia-de-seguridad-precio-para-particulares-opcion-1\/","title":{"rendered":"Copia de seguridad Opci\u00f3n 1. Precio para particulares"},"content":{"rendered":"<p style=\"text-align: left;\">Servicio de copia de seguridad de archivos de trabajos entregados, podemos rescatar tus archivos de servicios contratados anteriormente en cualquier momento. Se aplica una vez por cada servicio anterior contratado.<br \/>\nEntrega en 48 horas.<br \/>\nPlazo m\u00e1ximo del servicio: 14 d\u00edas.<\/p>\n<p style=\"text-align: left;\"><strong>Precio PVP exclusivamente particular.<\/strong> Incluye 21% de IVA.<br \/>\n\u00bfNecesitas m\u00e1s informaci\u00f3n sobre este servicio? <a href=\"https:\/\/www.logocrea.com\/servicios-adicionales\/copia-de-seguridad\/#opciones\" target=\"_blank\" rel=\"noopener\">Haz clic aqui<\/a><\/p>\n<p>&nbsp;<\/p>\n","protected":false},"excerpt":{"rendered":"<p>Servicio de copia de seguridad de archivos de trabajos entregados, podemos rescatar tus archivos de servicios contratados anteriormente en cualquier momento. Se aplica una vez por cada servicio anterior contratado.<br \/>\nEntrega en 48 horas.<\/p>\n","protected":false},"featured_media":225268,"template":"","meta":{"_et_pb_use_builder":"","_et_pb_old_content":"","_et_gb_content_width":""},"product_brand":[],"product_cat":[35],"product_tag":[112],"class_list":{"0":"post-225266","1":"product","2":"type-product","3":"status-publish","4":"has-post-thumbnail","6":"product_cat-otros-servicios","7":"product_tag-copia-de-seguridad","9":"first","10":"instock","11":"virtual","12":"purchasable","13":"product-type-simple"},"yoast_head":"<!-- This site is optimized with the Yoast SEO plugin v27.4 - https:\/\/yoast.com\/product\/yoast-seo-wordpress\/ -->\n<title>Copia de seguridad Opci\u00f3n 1. Precio para particulares - Logocrea\u00ae Store<\/title>\n<meta name=\"description\" content=\"Servicio de copia de seguridad de archivos de trabajos entregados, podemos rescatar tus archivos de servicios contratados anteriormente en cualquier momento. Se aplica una vez por cada servicio anterior contratado.\" \/>\n<meta name=\"robots\" content=\"index, follow, max-snippet:-1, max-image-preview:large, max-video-preview:-1\" \/>\n<link rel=\"canonical\" href=\"https:\/\/www.logocrea.com\/store\/producto\/copia-de-seguridad-precio-para-particulares-opcion-1\/\" \/>\n<meta property=\"og:locale\" content=\"es_ES\" \/>\n<meta property=\"og:type\" content=\"article\" \/>\n<meta property=\"og:title\" content=\"Copia de seguridad Opci\u00f3n 1. Precio para particulares - Logocrea\u00ae Store\" \/>\n<meta property=\"og:description\" content=\"Servicio de copia de seguridad de archivos de trabajos entregados, podemos rescatar tus archivos de servicios contratados anteriormente en cualquier momento. Se aplica una vez por cada servicio anterior contratado.\" \/>\n<meta property=\"og:url\" content=\"https:\/\/www.logocrea.com\/store\/producto\/copia-de-seguridad-precio-para-particulares-opcion-1\/\" \/>\n<meta property=\"og:site_name\" content=\"Logocrea\u00ae Store\" \/>\n<meta property=\"article:publisher\" content=\"https:\/\/www.facebook.com\/logocrea\" \/>\n<meta property=\"article:modified_time\" content=\"2023-03-16T12:02:42+00:00\" \/>\n<meta property=\"og:image\" content=\"https:\/\/www.logocrea.com\/store\/wp-content\/uploads\/2023\/02\/copia-seguridad-store.jpg\" \/>\n\t<meta property=\"og:image:width\" content=\"570\" \/>\n\t<meta property=\"og:image:height\" content=\"572\" \/>\n\t<meta property=\"og:image:type\" content=\"image\/jpeg\" \/>\n<meta name=\"twitter:card\" content=\"summary_large_image\" \/>\n<meta name=\"twitter:site\" content=\"@logocrea\" \/>\n<meta name=\"twitter:label1\" content=\"Tiempo de lectura\" \/>\n\t<meta name=\"twitter:data1\" content=\"1 minuto\" \/>\n<script type=\"application\/ld+json\" class=\"yoast-schema-graph\">{\"@context\":\"https:\\\/\\\/schema.org\",\"@graph\":[{\"@type\":\"WebPage\",\"@id\":\"https:\\\/\\\/www.logocrea.com\\\/store\\\/producto\\\/copia-de-seguridad-precio-para-particulares-opcion-1\\\/\",\"url\":\"https:\\\/\\\/www.logocrea.com\\\/store\\\/producto\\\/copia-de-seguridad-precio-para-particulares-opcion-1\\\/\",\"name\":\"Copia de seguridad Opci\u00f3n 1. Precio para particulares - Logocrea\u00ae Store\",\"isPartOf\":{\"@id\":\"https:\\\/\\\/www.logocrea.com\\\/store\\\/#website\"},\"primaryImageOfPage\":{\"@id\":\"https:\\\/\\\/www.logocrea.com\\\/store\\\/producto\\\/copia-de-seguridad-precio-para-particulares-opcion-1\\\/#primaryimage\"},\"image\":{\"@id\":\"https:\\\/\\\/www.logocrea.com\\\/store\\\/producto\\\/copia-de-seguridad-precio-para-particulares-opcion-1\\\/#primaryimage\"},\"thumbnailUrl\":\"https:\\\/\\\/www.logocrea.com\\\/store\\\/wp-content\\\/uploads\\\/2023\\\/02\\\/copia-seguridad-store.jpg\",\"datePublished\":\"2023-02-22T17:10:55+00:00\",\"dateModified\":\"2023-03-16T12:02:42+00:00\",\"description\":\"Servicio de copia de seguridad de archivos de trabajos entregados, podemos rescatar tus archivos de servicios contratados anteriormente en cualquier momento. Se aplica una vez por cada servicio anterior contratado.\",\"breadcrumb\":{\"@id\":\"https:\\\/\\\/www.logocrea.com\\\/store\\\/producto\\\/copia-de-seguridad-precio-para-particulares-opcion-1\\\/#breadcrumb\"},\"inLanguage\":\"es\",\"potentialAction\":[{\"@type\":\"ReadAction\",\"target\":[\"https:\\\/\\\/www.logocrea.com\\\/store\\\/producto\\\/copia-de-seguridad-precio-para-particulares-opcion-1\\\/\"]}]},{\"@type\":\"ImageObject\",\"inLanguage\":\"es\",\"@id\":\"https:\\\/\\\/www.logocrea.com\\\/store\\\/producto\\\/copia-de-seguridad-precio-para-particulares-opcion-1\\\/#primaryimage\",\"url\":\"https:\\\/\\\/www.logocrea.com\\\/store\\\/wp-content\\\/uploads\\\/2023\\\/02\\\/copia-seguridad-store.jpg\",\"contentUrl\":\"https:\\\/\\\/www.logocrea.com\\\/store\\\/wp-content\\\/uploads\\\/2023\\\/02\\\/copia-seguridad-store.jpg\",\"width\":570,\"height\":572,\"caption\":\"Copia de seguridad de archivos. Logocrea\u00ae\"},{\"@type\":\"BreadcrumbList\",\"@id\":\"https:\\\/\\\/www.logocrea.com\\\/store\\\/producto\\\/copia-de-seguridad-precio-para-particulares-opcion-1\\\/#breadcrumb\",\"itemListElement\":[{\"@type\":\"ListItem\",\"position\":1,\"name\":\"Portada\",\"item\":\"https:\\\/\\\/www.logocrea.com\\\/store\\\/\"},{\"@type\":\"ListItem\",\"position\":2,\"name\":\"Tienda\",\"item\":\"https:\\\/\\\/www.logocrea.com\\\/store\\\/tienda\\\/\"},{\"@type\":\"ListItem\",\"position\":3,\"name\":\"Copia de seguridad Opci\u00f3n 1. Precio para particulares\"}]},{\"@type\":\"WebSite\",\"@id\":\"https:\\\/\\\/www.logocrea.com\\\/store\\\/#website\",\"url\":\"https:\\\/\\\/www.logocrea.com\\\/store\\\/\",\"name\":\"Logocrea\u00ae | Dise\u00f1o de logotipos, web y gr\u00e1fico | Agencia de Branding\",\"description\":\"Logocrea\u00ae es una agencia de dise\u00f1o profesional, especializada en imagen corporativa: dise\u00f1amos logos, webs y realizamos todo tipo de dise\u00f1o gr\u00e1fico desde 2003.\",\"publisher\":{\"@id\":\"https:\\\/\\\/www.logocrea.com\\\/store\\\/#organization\"},\"alternateName\":\"Logocrea\u00ae | Dise\u00f1o de logotipos, web y gr\u00e1fico | Agencia de Branding\",\"potentialAction\":[{\"@type\":\"SearchAction\",\"target\":{\"@type\":\"EntryPoint\",\"urlTemplate\":\"https:\\\/\\\/www.logocrea.com\\\/store\\\/?s={search_term_string}\"},\"query-input\":{\"@type\":\"PropertyValueSpecification\",\"valueRequired\":true,\"valueName\":\"search_term_string\"}}],\"inLanguage\":\"es\"},{\"@type\":\"Organization\",\"@id\":\"https:\\\/\\\/www.logocrea.com\\\/store\\\/#organization\",\"name\":\"Logocrea\u00ae | Dise\u00f1o de logotipos, web y gr\u00e1fico | Agencia de Branding\",\"url\":\"https:\\\/\\\/www.logocrea.com\\\/store\\\/\",\"logo\":{\"@type\":\"ImageObject\",\"inLanguage\":\"es\",\"@id\":\"https:\\\/\\\/www.logocrea.com\\\/store\\\/#\\\/schema\\\/logo\\\/image\\\/\",\"url\":\"https:\\\/\\\/www.logocrea.com\\\/store\\\/wp-content\\\/uploads\\\/2022\\\/11\\\/logocrea-2022-500.jpg\",\"contentUrl\":\"https:\\\/\\\/www.logocrea.com\\\/store\\\/wp-content\\\/uploads\\\/2022\\\/11\\\/logocrea-2022-500.jpg\",\"width\":500,\"height\":163,\"caption\":\"Logocrea\u00ae | Dise\u00f1o de logotipos, web y gr\u00e1fico | Agencia de Branding\"},\"image\":{\"@id\":\"https:\\\/\\\/www.logocrea.com\\\/store\\\/#\\\/schema\\\/logo\\\/image\\\/\"},\"sameAs\":[\"https:\\\/\\\/www.facebook.com\\\/logocrea\",\"https:\\\/\\\/x.com\\\/logocrea\",\"https:\\\/\\\/www.tiktok.com\\\/@logocrea\",\"https:\\\/\\\/www.instagram.com\\\/logocrea.es\"]}]}<\/script>\n<!-- \/ Yoast SEO plugin. -->","yoast_head_json":{"title":"Copia de seguridad Opci\u00f3n 1. Precio para particulares - Logocrea\u00ae Store","description":"Servicio de copia de seguridad de archivos de trabajos entregados, podemos rescatar tus archivos de servicios contratados anteriormente en cualquier momento. Se aplica una vez por cada servicio anterior contratado.","robots":{"index":"index","follow":"follow","max-snippet":"max-snippet:-1","max-image-preview":"max-image-preview:large","max-video-preview":"max-video-preview:-1"},"canonical":"https:\/\/www.logocrea.com\/store\/producto\/copia-de-seguridad-precio-para-particulares-opcion-1\/","og_locale":"es_ES","og_type":"article","og_title":"Copia de seguridad Opci\u00f3n 1. Precio para particulares - Logocrea\u00ae Store","og_description":"Servicio de copia de seguridad de archivos de trabajos entregados, podemos rescatar tus archivos de servicios contratados anteriormente en cualquier momento. Se aplica una vez por cada servicio anterior contratado.","og_url":"https:\/\/www.logocrea.com\/store\/producto\/copia-de-seguridad-precio-para-particulares-opcion-1\/","og_site_name":"Logocrea\u00ae Store","article_publisher":"https:\/\/www.facebook.com\/logocrea","article_modified_time":"2023-03-16T12:02:42+00:00","og_image":[{"width":570,"height":572,"url":"https:\/\/www.logocrea.com\/store\/wp-content\/uploads\/2023\/02\/copia-seguridad-store.jpg","type":"image\/jpeg"}],"twitter_card":"summary_large_image","twitter_site":"@logocrea","twitter_misc":{"Tiempo de lectura":"1 minuto"},"schema":{"@context":"https:\/\/schema.org","@graph":[{"@type":"WebPage","@id":"https:\/\/www.logocrea.com\/store\/producto\/copia-de-seguridad-precio-para-particulares-opcion-1\/","url":"https:\/\/www.logocrea.com\/store\/producto\/copia-de-seguridad-precio-para-particulares-opcion-1\/","name":"Copia de seguridad Opci\u00f3n 1. Precio para particulares - Logocrea\u00ae Store","isPartOf":{"@id":"https:\/\/www.logocrea.com\/store\/#website"},"primaryImageOfPage":{"@id":"https:\/\/www.logocrea.com\/store\/producto\/copia-de-seguridad-precio-para-particulares-opcion-1\/#primaryimage"},"image":{"@id":"https:\/\/www.logocrea.com\/store\/producto\/copia-de-seguridad-precio-para-particulares-opcion-1\/#primaryimage"},"thumbnailUrl":"https:\/\/www.logocrea.com\/store\/wp-content\/uploads\/2023\/02\/copia-seguridad-store.jpg","datePublished":"2023-02-22T17:10:55+00:00","dateModified":"2023-03-16T12:02:42+00:00","description":"Servicio de copia de seguridad de archivos de trabajos entregados, podemos rescatar tus archivos de servicios contratados anteriormente en cualquier momento. Se aplica una vez por cada servicio anterior contratado.","breadcrumb":{"@id":"https:\/\/www.logocrea.com\/store\/producto\/copia-de-seguridad-precio-para-particulares-opcion-1\/#breadcrumb"},"inLanguage":"es","potentialAction":[{"@type":"ReadAction","target":["https:\/\/www.logocrea.com\/store\/producto\/copia-de-seguridad-precio-para-particulares-opcion-1\/"]}]},{"@type":"ImageObject","inLanguage":"es","@id":"https:\/\/www.logocrea.com\/store\/producto\/copia-de-seguridad-precio-para-particulares-opcion-1\/#primaryimage","url":"https:\/\/www.logocrea.com\/store\/wp-content\/uploads\/2023\/02\/copia-seguridad-store.jpg","contentUrl":"https:\/\/www.logocrea.com\/store\/wp-content\/uploads\/2023\/02\/copia-seguridad-store.jpg","width":570,"height":572,"caption":"Copia de seguridad de archivos. Logocrea\u00ae"},{"@type":"BreadcrumbList","@id":"https:\/\/www.logocrea.com\/store\/producto\/copia-de-seguridad-precio-para-particulares-opcion-1\/#breadcrumb","itemListElement":[{"@type":"ListItem","position":1,"name":"Portada","item":"https:\/\/www.logocrea.com\/store\/"},{"@type":"ListItem","position":2,"name":"Tienda","item":"https:\/\/www.logocrea.com\/store\/tienda\/"},{"@type":"ListItem","position":3,"name":"Copia de seguridad Opci\u00f3n 1. Precio para particulares"}]},{"@type":"WebSite","@id":"https:\/\/www.logocrea.com\/store\/#website","url":"https:\/\/www.logocrea.com\/store\/","name":"Logocrea\u00ae | Dise\u00f1o de logotipos, web y gr\u00e1fico | Agencia de Branding","description":"Logocrea\u00ae es una agencia de dise\u00f1o profesional, especializada en imagen corporativa: dise\u00f1amos logos, webs y realizamos todo tipo de dise\u00f1o gr\u00e1fico desde 2003.","publisher":{"@id":"https:\/\/www.logocrea.com\/store\/#organization"},"alternateName":"Logocrea\u00ae | Dise\u00f1o de logotipos, web y gr\u00e1fico | Agencia de Branding","potentialAction":[{"@type":"SearchAction","target":{"@type":"EntryPoint","urlTemplate":"https:\/\/www.logocrea.com\/store\/?s={search_term_string}"},"query-input":{"@type":"PropertyValueSpecification","valueRequired":true,"valueName":"search_term_string"}}],"inLanguage":"es"},{"@type":"Organization","@id":"https:\/\/www.logocrea.com\/store\/#organization","name":"Logocrea\u00ae | Dise\u00f1o de logotipos, web y gr\u00e1fico | Agencia de Branding","url":"https:\/\/www.logocrea.com\/store\/","logo":{"@type":"ImageObject","inLanguage":"es","@id":"https:\/\/www.logocrea.com\/store\/#\/schema\/logo\/image\/","url":"https:\/\/www.logocrea.com\/store\/wp-content\/uploads\/2022\/11\/logocrea-2022-500.jpg","contentUrl":"https:\/\/www.logocrea.com\/store\/wp-content\/uploads\/2022\/11\/logocrea-2022-500.jpg","width":500,"height":163,"caption":"Logocrea\u00ae | Dise\u00f1o de logotipos, web y gr\u00e1fico | Agencia de Branding"},"image":{"@id":"https:\/\/www.logocrea.com\/store\/#\/schema\/logo\/image\/"},"sameAs":["https:\/\/www.facebook.com\/logocrea","https:\/\/x.com\/logocrea","https:\/\/www.tiktok.com\/@logocrea","https:\/\/www.instagram.com\/logocrea.es"]}]}},"_links":{"self":[{"href":"https:\/\/www.logocrea.com\/store\/wp-json\/wp\/v2\/product\/225266","targetHints":{"allow":["GET"]}}],"collection":[{"href":"https:\/\/www.logocrea.com\/store\/wp-json\/wp\/v2\/product"}],"about":[{"href":"https:\/\/www.logocrea.com\/store\/wp-json\/wp\/v2\/types\/product"}],"wp:featuredmedia":[{"embeddable":true,"href":"https:\/\/www.logocrea.com\/store\/wp-json\/wp\/v2\/media\/225268"}],"wp:attachment":[{"href":"https:\/\/www.logocrea.com\/store\/wp-json\/wp\/v2\/media?parent=225266"}],"wp:term":[{"taxonomy":"product_brand","embeddable":true,"href":"https:\/\/www.logocrea.com\/store\/wp-json\/wp\/v2\/product_brand?post=225266"},{"taxonomy":"product_cat","embeddable":true,"href":"https:\/\/www.logocrea.com\/store\/wp-json\/wp\/v2\/product_cat?post=225266"},{"taxonomy":"product_tag","embeddable":true,"href":"https:\/\/www.logocrea.com\/store\/wp-json\/wp\/v2\/product_tag?post=225266"}],"curies":[{"name":"wp","href":"https:\/\/api.w.org\/{rel}","templated":true}]}}