{"id":225347,"date":"2023-03-01T11:39:56","date_gmt":"2023-03-01T10:39:56","guid":{"rendered":"https:\/\/www.logocrea.com\/store\/?post_type=product&#038;p=225347"},"modified":"2024-09-23T11:28:46","modified_gmt":"2024-09-23T09:28:46","slug":"manual-de-identidad-corporativa-opcion-1-precio-para-particulares","status":"publish","type":"product","link":"https:\/\/www.logocrea.com\/store\/producto\/manual-de-identidad-corporativa-opcion-1-precio-para-particulares\/","title":{"rendered":"Manual de identidad corporativa. Opci\u00f3n 1. Precio para particulares"},"content":{"rendered":"<div>\n<div>Manual de identidad corporativa, el ADN de tu logotipo<\/div>\n<div>Modificaciones: Se acepta 1 de car\u00e1cter tipogr\u00e1fico.<\/div>\n<div>Impresi\u00f3n no incluida<\/div>\n<p>Archivos entregados:<br \/>\n&#8211; Manual de identidad corporativa: PDF de 9 paginas<br \/>\nUsos de los archivos del logotipo<br \/>\nColores corporativos<br \/>\nTipograf\u00edas<br \/>\nUsos correctos del logotipo<br \/>\nUsos incorrectos del logotipo<\/p>\n<div>Plazos: En 4 d\u00edas laborables. Plazo m\u00e1ximo de proyecto 14 d\u00edas.<\/div>\n<\/div>\n<div>\n<div><strong>Precio PVP exclusivamente particular.<\/strong> Incluye 21% de IVA.<\/div>\n<\/div>\n<p>\u00bfNecesitas m\u00e1s informaci\u00f3n sobre este servicio?\u00a0<a href=\"https:\/\/www.logocrea.com\/servicios-adicionales\/manual-identidad-corporativa\/#opciones\" target=\"_blank\" rel=\"noopener\">Haz clic aqu\u00ed<\/a><\/p>\n","protected":false},"excerpt":{"rendered":"<div>Manual de identidad corporativa, el ADN de tu logotipo<\/div>\n<div>Modificaciones: Se acepta 1 de car\u00e1cter tipogr\u00e1fico.<\/div>\n<p>Archivos entregados:<br \/>\n&#8211; Manual de identidad corporativa: PDF de 9 paginas<br \/>\nUsos de los archivos del logotipo<br \/>\nColores corporativos<br \/>\nTipograf\u00edas<br \/>\nUsos correctos del logotipo<br \/>\nUsos incorrectos del logotipo<\/p>\n<div>Plazos: En 4 d\u00edas laborables. Plazo m\u00e1ximo de proyecto 14 d\u00edas.<\/div>\n","protected":false},"featured_media":225350,"template":"","meta":{"_et_pb_use_builder":"","_et_pb_old_content":"","_et_gb_content_width":""},"product_brand":[],"product_cat":[31],"product_tag":[52],"class_list":{"0":"post-225347","1":"product","2":"type-product","3":"status-publish","4":"has-post-thumbnail","6":"product_cat-diseno-grafico","7":"product_tag-manual-de-identidad-corporativa","9":"first","10":"instock","11":"downloadable","12":"virtual","13":"purchasable","14":"product-type-simple"},"yoast_head":"<!-- This site is optimized with the Yoast SEO plugin v27.4 - https:\/\/yoast.com\/product\/yoast-seo-wordpress\/ -->\n<title>Manual de identidad corporativa. Opci\u00f3n 1. Precio para particulares - Logocrea\u00ae Store<\/title>\n<meta name=\"description\" content=\"El manual de identidad corporativa o catalogo corporativo es mucho m\u00e1s que un manual con im\u00e1genes de tu logo. Contiene una memoria t\u00e9cnica.\" \/>\n<meta name=\"robots\" content=\"index, follow, max-snippet:-1, max-image-preview:large, max-video-preview:-1\" \/>\n<link rel=\"canonical\" href=\"https:\/\/www.logocrea.com\/store\/producto\/manual-de-identidad-corporativa-opcion-1-precio-para-particulares\/\" \/>\n<meta property=\"og:locale\" content=\"es_ES\" \/>\n<meta property=\"og:type\" content=\"article\" \/>\n<meta property=\"og:title\" content=\"Manual de identidad corporativa. Opci\u00f3n 1. Precio para particulares - Logocrea\u00ae Store\" \/>\n<meta property=\"og:description\" content=\"El manual de identidad corporativa o catalogo corporativo es mucho m\u00e1s que un manual con im\u00e1genes de tu logo. Contiene una memoria t\u00e9cnica.\" \/>\n<meta property=\"og:url\" content=\"https:\/\/www.logocrea.com\/store\/producto\/manual-de-identidad-corporativa-opcion-1-precio-para-particulares\/\" \/>\n<meta property=\"og:site_name\" content=\"Logocrea\u00ae Store\" \/>\n<meta property=\"article:publisher\" content=\"https:\/\/www.facebook.com\/logocrea\" \/>\n<meta property=\"article:modified_time\" content=\"2024-09-23T09:28:46+00:00\" \/>\n<meta property=\"og:image\" content=\"https:\/\/www.logocrea.com\/store\/wp-content\/uploads\/2023\/03\/manual1-store.jpg\" \/>\n\t<meta property=\"og:image:width\" content=\"570\" \/>\n\t<meta property=\"og:image:height\" content=\"572\" \/>\n\t<meta property=\"og:image:type\" content=\"image\/jpeg\" \/>\n<meta name=\"twitter:card\" content=\"summary_large_image\" \/>\n<meta name=\"twitter:site\" content=\"@logocrea\" \/>\n<meta name=\"twitter:label1\" content=\"Tiempo de lectura\" \/>\n\t<meta name=\"twitter:data1\" content=\"1 minuto\" \/>\n<script type=\"application\/ld+json\" class=\"yoast-schema-graph\">{\"@context\":\"https:\\\/\\\/schema.org\",\"@graph\":[{\"@type\":\"WebPage\",\"@id\":\"https:\\\/\\\/www.logocrea.com\\\/store\\\/producto\\\/manual-de-identidad-corporativa-opcion-1-precio-para-particulares\\\/\",\"url\":\"https:\\\/\\\/www.logocrea.com\\\/store\\\/producto\\\/manual-de-identidad-corporativa-opcion-1-precio-para-particulares\\\/\",\"name\":\"Manual de identidad corporativa. Opci\u00f3n 1. Precio para particulares - Logocrea\u00ae Store\",\"isPartOf\":{\"@id\":\"https:\\\/\\\/www.logocrea.com\\\/store\\\/#website\"},\"primaryImageOfPage\":{\"@id\":\"https:\\\/\\\/www.logocrea.com\\\/store\\\/producto\\\/manual-de-identidad-corporativa-opcion-1-precio-para-particulares\\\/#primaryimage\"},\"image\":{\"@id\":\"https:\\\/\\\/www.logocrea.com\\\/store\\\/producto\\\/manual-de-identidad-corporativa-opcion-1-precio-para-particulares\\\/#primaryimage\"},\"thumbnailUrl\":\"https:\\\/\\\/www.logocrea.com\\\/store\\\/wp-content\\\/uploads\\\/2023\\\/03\\\/manual1-store.jpg\",\"datePublished\":\"2023-03-01T10:39:56+00:00\",\"dateModified\":\"2024-09-23T09:28:46+00:00\",\"description\":\"El manual de identidad corporativa o catalogo corporativo es mucho m\u00e1s que un manual con im\u00e1genes de tu logo. Contiene una memoria t\u00e9cnica.\",\"breadcrumb\":{\"@id\":\"https:\\\/\\\/www.logocrea.com\\\/store\\\/producto\\\/manual-de-identidad-corporativa-opcion-1-precio-para-particulares\\\/#breadcrumb\"},\"inLanguage\":\"es\",\"potentialAction\":[{\"@type\":\"ReadAction\",\"target\":[\"https:\\\/\\\/www.logocrea.com\\\/store\\\/producto\\\/manual-de-identidad-corporativa-opcion-1-precio-para-particulares\\\/\"]}]},{\"@type\":\"ImageObject\",\"inLanguage\":\"es\",\"@id\":\"https:\\\/\\\/www.logocrea.com\\\/store\\\/producto\\\/manual-de-identidad-corporativa-opcion-1-precio-para-particulares\\\/#primaryimage\",\"url\":\"https:\\\/\\\/www.logocrea.com\\\/store\\\/wp-content\\\/uploads\\\/2023\\\/03\\\/manual1-store.jpg\",\"contentUrl\":\"https:\\\/\\\/www.logocrea.com\\\/store\\\/wp-content\\\/uploads\\\/2023\\\/03\\\/manual1-store.jpg\",\"width\":570,\"height\":572,\"caption\":\"Manual de identidad corporativa de Logocrea\u00ae\"},{\"@type\":\"BreadcrumbList\",\"@id\":\"https:\\\/\\\/www.logocrea.com\\\/store\\\/producto\\\/manual-de-identidad-corporativa-opcion-1-precio-para-particulares\\\/#breadcrumb\",\"itemListElement\":[{\"@type\":\"ListItem\",\"position\":1,\"name\":\"Portada\",\"item\":\"https:\\\/\\\/www.logocrea.com\\\/store\\\/\"},{\"@type\":\"ListItem\",\"position\":2,\"name\":\"Tienda\",\"item\":\"https:\\\/\\\/www.logocrea.com\\\/store\\\/tienda\\\/\"},{\"@type\":\"ListItem\",\"position\":3,\"name\":\"Manual de identidad corporativa. Opci\u00f3n 1. Precio para particulares\"}]},{\"@type\":\"WebSite\",\"@id\":\"https:\\\/\\\/www.logocrea.com\\\/store\\\/#website\",\"url\":\"https:\\\/\\\/www.logocrea.com\\\/store\\\/\",\"name\":\"Logocrea\u00ae | Dise\u00f1o de logotipos, web y gr\u00e1fico | Agencia de Branding\",\"description\":\"Logocrea\u00ae es una agencia de dise\u00f1o profesional, especializada en imagen corporativa: dise\u00f1amos logos, webs y realizamos todo tipo de dise\u00f1o gr\u00e1fico desde 2003.\",\"publisher\":{\"@id\":\"https:\\\/\\\/www.logocrea.com\\\/store\\\/#organization\"},\"alternateName\":\"Logocrea\u00ae | Dise\u00f1o de logotipos, web y gr\u00e1fico | Agencia de Branding\",\"potentialAction\":[{\"@type\":\"SearchAction\",\"target\":{\"@type\":\"EntryPoint\",\"urlTemplate\":\"https:\\\/\\\/www.logocrea.com\\\/store\\\/?s={search_term_string}\"},\"query-input\":{\"@type\":\"PropertyValueSpecification\",\"valueRequired\":true,\"valueName\":\"search_term_string\"}}],\"inLanguage\":\"es\"},{\"@type\":\"Organization\",\"@id\":\"https:\\\/\\\/www.logocrea.com\\\/store\\\/#organization\",\"name\":\"Logocrea\u00ae | Dise\u00f1o de logotipos, web y gr\u00e1fico | Agencia de Branding\",\"url\":\"https:\\\/\\\/www.logocrea.com\\\/store\\\/\",\"logo\":{\"@type\":\"ImageObject\",\"inLanguage\":\"es\",\"@id\":\"https:\\\/\\\/www.logocrea.com\\\/store\\\/#\\\/schema\\\/logo\\\/image\\\/\",\"url\":\"https:\\\/\\\/www.logocrea.com\\\/store\\\/wp-content\\\/uploads\\\/2022\\\/11\\\/logocrea-2022-500.jpg\",\"contentUrl\":\"https:\\\/\\\/www.logocrea.com\\\/store\\\/wp-content\\\/uploads\\\/2022\\\/11\\\/logocrea-2022-500.jpg\",\"width\":500,\"height\":163,\"caption\":\"Logocrea\u00ae | Dise\u00f1o de logotipos, web y gr\u00e1fico | Agencia de Branding\"},\"image\":{\"@id\":\"https:\\\/\\\/www.logocrea.com\\\/store\\\/#\\\/schema\\\/logo\\\/image\\\/\"},\"sameAs\":[\"https:\\\/\\\/www.facebook.com\\\/logocrea\",\"https:\\\/\\\/x.com\\\/logocrea\",\"https:\\\/\\\/www.tiktok.com\\\/@logocrea\",\"https:\\\/\\\/www.instagram.com\\\/logocrea.es\"]}]}<\/script>\n<!-- \/ Yoast SEO plugin. -->","yoast_head_json":{"title":"Manual de identidad corporativa. Opci\u00f3n 1. Precio para particulares - Logocrea\u00ae Store","description":"El manual de identidad corporativa o catalogo corporativo es mucho m\u00e1s que un manual con im\u00e1genes de tu logo. Contiene una memoria t\u00e9cnica.","robots":{"index":"index","follow":"follow","max-snippet":"max-snippet:-1","max-image-preview":"max-image-preview:large","max-video-preview":"max-video-preview:-1"},"canonical":"https:\/\/www.logocrea.com\/store\/producto\/manual-de-identidad-corporativa-opcion-1-precio-para-particulares\/","og_locale":"es_ES","og_type":"article","og_title":"Manual de identidad corporativa. Opci\u00f3n 1. Precio para particulares - Logocrea\u00ae Store","og_description":"El manual de identidad corporativa o catalogo corporativo es mucho m\u00e1s que un manual con im\u00e1genes de tu logo. Contiene una memoria t\u00e9cnica.","og_url":"https:\/\/www.logocrea.com\/store\/producto\/manual-de-identidad-corporativa-opcion-1-precio-para-particulares\/","og_site_name":"Logocrea\u00ae Store","article_publisher":"https:\/\/www.facebook.com\/logocrea","article_modified_time":"2024-09-23T09:28:46+00:00","og_image":[{"width":570,"height":572,"url":"https:\/\/www.logocrea.com\/store\/wp-content\/uploads\/2023\/03\/manual1-store.jpg","type":"image\/jpeg"}],"twitter_card":"summary_large_image","twitter_site":"@logocrea","twitter_misc":{"Tiempo de lectura":"1 minuto"},"schema":{"@context":"https:\/\/schema.org","@graph":[{"@type":"WebPage","@id":"https:\/\/www.logocrea.com\/store\/producto\/manual-de-identidad-corporativa-opcion-1-precio-para-particulares\/","url":"https:\/\/www.logocrea.com\/store\/producto\/manual-de-identidad-corporativa-opcion-1-precio-para-particulares\/","name":"Manual de identidad corporativa. Opci\u00f3n 1. Precio para particulares - Logocrea\u00ae Store","isPartOf":{"@id":"https:\/\/www.logocrea.com\/store\/#website"},"primaryImageOfPage":{"@id":"https:\/\/www.logocrea.com\/store\/producto\/manual-de-identidad-corporativa-opcion-1-precio-para-particulares\/#primaryimage"},"image":{"@id":"https:\/\/www.logocrea.com\/store\/producto\/manual-de-identidad-corporativa-opcion-1-precio-para-particulares\/#primaryimage"},"thumbnailUrl":"https:\/\/www.logocrea.com\/store\/wp-content\/uploads\/2023\/03\/manual1-store.jpg","datePublished":"2023-03-01T10:39:56+00:00","dateModified":"2024-09-23T09:28:46+00:00","description":"El manual de identidad corporativa o catalogo corporativo es mucho m\u00e1s que un manual con im\u00e1genes de tu logo. Contiene una memoria t\u00e9cnica.","breadcrumb":{"@id":"https:\/\/www.logocrea.com\/store\/producto\/manual-de-identidad-corporativa-opcion-1-precio-para-particulares\/#breadcrumb"},"inLanguage":"es","potentialAction":[{"@type":"ReadAction","target":["https:\/\/www.logocrea.com\/store\/producto\/manual-de-identidad-corporativa-opcion-1-precio-para-particulares\/"]}]},{"@type":"ImageObject","inLanguage":"es","@id":"https:\/\/www.logocrea.com\/store\/producto\/manual-de-identidad-corporativa-opcion-1-precio-para-particulares\/#primaryimage","url":"https:\/\/www.logocrea.com\/store\/wp-content\/uploads\/2023\/03\/manual1-store.jpg","contentUrl":"https:\/\/www.logocrea.com\/store\/wp-content\/uploads\/2023\/03\/manual1-store.jpg","width":570,"height":572,"caption":"Manual de identidad corporativa de Logocrea\u00ae"},{"@type":"BreadcrumbList","@id":"https:\/\/www.logocrea.com\/store\/producto\/manual-de-identidad-corporativa-opcion-1-precio-para-particulares\/#breadcrumb","itemListElement":[{"@type":"ListItem","position":1,"name":"Portada","item":"https:\/\/www.logocrea.com\/store\/"},{"@type":"ListItem","position":2,"name":"Tienda","item":"https:\/\/www.logocrea.com\/store\/tienda\/"},{"@type":"ListItem","position":3,"name":"Manual de identidad corporativa. Opci\u00f3n 1. Precio para particulares"}]},{"@type":"WebSite","@id":"https:\/\/www.logocrea.com\/store\/#website","url":"https:\/\/www.logocrea.com\/store\/","name":"Logocrea\u00ae | Dise\u00f1o de logotipos, web y gr\u00e1fico | Agencia de Branding","description":"Logocrea\u00ae es una agencia de dise\u00f1o profesional, especializada en imagen corporativa: dise\u00f1amos logos, webs y realizamos todo tipo de dise\u00f1o gr\u00e1fico desde 2003.","publisher":{"@id":"https:\/\/www.logocrea.com\/store\/#organization"},"alternateName":"Logocrea\u00ae | Dise\u00f1o de logotipos, web y gr\u00e1fico | Agencia de Branding","potentialAction":[{"@type":"SearchAction","target":{"@type":"EntryPoint","urlTemplate":"https:\/\/www.logocrea.com\/store\/?s={search_term_string}"},"query-input":{"@type":"PropertyValueSpecification","valueRequired":true,"valueName":"search_term_string"}}],"inLanguage":"es"},{"@type":"Organization","@id":"https:\/\/www.logocrea.com\/store\/#organization","name":"Logocrea\u00ae | Dise\u00f1o de logotipos, web y gr\u00e1fico | Agencia de Branding","url":"https:\/\/www.logocrea.com\/store\/","logo":{"@type":"ImageObject","inLanguage":"es","@id":"https:\/\/www.logocrea.com\/store\/#\/schema\/logo\/image\/","url":"https:\/\/www.logocrea.com\/store\/wp-content\/uploads\/2022\/11\/logocrea-2022-500.jpg","contentUrl":"https:\/\/www.logocrea.com\/store\/wp-content\/uploads\/2022\/11\/logocrea-2022-500.jpg","width":500,"height":163,"caption":"Logocrea\u00ae | Dise\u00f1o de logotipos, web y gr\u00e1fico | Agencia de Branding"},"image":{"@id":"https:\/\/www.logocrea.com\/store\/#\/schema\/logo\/image\/"},"sameAs":["https:\/\/www.facebook.com\/logocrea","https:\/\/x.com\/logocrea","https:\/\/www.tiktok.com\/@logocrea","https:\/\/www.instagram.com\/logocrea.es"]}]}},"_links":{"self":[{"href":"https:\/\/www.logocrea.com\/store\/wp-json\/wp\/v2\/product\/225347","targetHints":{"allow":["GET"]}}],"collection":[{"href":"https:\/\/www.logocrea.com\/store\/wp-json\/wp\/v2\/product"}],"about":[{"href":"https:\/\/www.logocrea.com\/store\/wp-json\/wp\/v2\/types\/product"}],"wp:featuredmedia":[{"embeddable":true,"href":"https:\/\/www.logocrea.com\/store\/wp-json\/wp\/v2\/media\/225350"}],"wp:attachment":[{"href":"https:\/\/www.logocrea.com\/store\/wp-json\/wp\/v2\/media?parent=225347"}],"wp:term":[{"taxonomy":"product_brand","embeddable":true,"href":"https:\/\/www.logocrea.com\/store\/wp-json\/wp\/v2\/product_brand?post=225347"},{"taxonomy":"product_cat","embeddable":true,"href":"https:\/\/www.logocrea.com\/store\/wp-json\/wp\/v2\/product_cat?post=225347"},{"taxonomy":"product_tag","embeddable":true,"href":"https:\/\/www.logocrea.com\/store\/wp-json\/wp\/v2\/product_tag?post=225347"}],"curies":[{"name":"wp","href":"https:\/\/api.w.org\/{rel}","templated":true}]}}