{"id":225714,"date":"2023-06-05T18:36:23","date_gmt":"2023-06-05T16:36:23","guid":{"rendered":"https:\/\/www.logocrea.com\/store\/?post_type=product&#038;p=225714"},"modified":"2023-06-20T18:22:19","modified_gmt":"2023-06-20T16:22:19","slug":"extension-de-servicio-startplus-precio-para-particular","status":"publish","type":"product","link":"https:\/\/www.logocrea.com\/store\/producto\/extension-de-servicio-startplus-precio-para-particular\/","title":{"rendered":"Extensi\u00f3n de servicio StartPLUS\u00a9. Precio para particular"},"content":{"rendered":"<p>Extensi\u00f3n del plazo para el servicio StartPLUS\u00a9. Con esta extensi\u00f3n el cliente dispondr\u00e1 de una pr\u00f3rroga del plazo del servicio original, con el fin de poder terminar aquellas acciones que no se pudieron llevar a cabo por agotar el periodo original del servicio.<br \/>\n<strong>Nota:<\/strong> Esta extensi\u00f3n no se puede usar para desarrollar nuevas propuestas de logotipos. No se exceder\u00e1 el n\u00famero m\u00e1ximo de secciones de las contratadas en el servicio original.<\/p>\n<p>Plazos: Cada solicitud de cambio ser\u00e1 atendida en 4 d\u00edas laborables realizando las acciones solicitadas, el plazo m\u00e1ximo del proyecto es de 30 d\u00edas en total para poder solicitar los cambios oportunos. <strong>Precio PVP exclusivamente particular.<\/strong> Incluye 21% de IVA.<br \/>\n<strong>\u00bfNecesitas m\u00e1s informaci\u00f3n sobre este servicio? <a href=\"https:\/\/www.logocrea.com\/servicios\/extensiones-de-packs-de-servicios\/#opciones\" target=\"_blank\" rel=\"noopener\">Haz clic aqu\u00ed<\/a><\/strong><\/p>\n","protected":false},"excerpt":{"rendered":"<p>Extensi\u00f3n del plazo para el servicio StartPLUS\u00a9. Con esta extensi\u00f3n el cliente dispondr\u00e1 de una pr\u00f3rroga del plazo del servicio original, con el fin de poder terminar aquellas acciones que no se pudieron llevar a cabo por agotar el periodo original del servicio.<br \/>\n<strong>Nota:<\/strong> Esta extensi\u00f3n no se puede usar para desarrollar nuevas propuestas de logotipos. No se exceder\u00e1 el n\u00famero m\u00e1ximo de secciones de las contratadas en el servicio original.<\/p>\n<p>Plazos: Cada solicitud de cambio ser\u00e1 atendida en 4 d\u00edas laborables realizando las acciones solicitadas, el plazo m\u00e1ximo del proyecto es de 30 d\u00edas en total para poder solicitar los cambios oportunos. <strong>Precio PVP exclusivamente particular.<\/strong> Incluye 21% de IVA.<\/p>\n","protected":false},"featured_media":225720,"comment_status":"closed","ping_status":"closed","template":"","meta":[],"product_brand":[],"product_cat":[136],"product_tag":[38,75,137,89],"class_list":{"0":"post-225714","1":"product","2":"type-product","3":"status-publish","4":"has-post-thumbnail","6":"product_cat-extension-de-servicios","7":"product_tag-diseno-de-logotipos","8":"product_tag-diseno-de-pagina-web","9":"product_tag-extension-de-servicio","10":"product_tag-startplus","12":"first","13":"instock","14":"downloadable","15":"shipping-taxable","16":"purchasable","17":"product-type-simple"},"yoast_head":"<!-- This site is optimized with the Yoast SEO plugin v27.4 - https:\/\/yoast.com\/product\/yoast-seo-wordpress\/ -->\n<title>Extensi\u00f3n de servicio StartPLUS\u00a9. Precio para particular - Logocrea\u00ae Store<\/title>\n<meta name=\"description\" content=\"Extensi\u00f3n del plazo para el servicio StartPLUS. Con esta extensi\u00f3n el cliente dispondr\u00e1 de una pr\u00f3rroga del plazo del servicio original.\" \/>\n<meta name=\"robots\" content=\"index, follow, max-snippet:-1, max-image-preview:large, max-video-preview:-1\" \/>\n<link rel=\"canonical\" href=\"https:\/\/www.logocrea.com\/store\/producto\/extension-de-servicio-startplus-precio-para-particular\/\" \/>\n<meta property=\"og:locale\" content=\"es_ES\" \/>\n<meta property=\"og:type\" content=\"article\" \/>\n<meta property=\"og:title\" content=\"Extensi\u00f3n de servicio StartPLUS\u00a9. Precio para particular - Logocrea\u00ae Store\" \/>\n<meta property=\"og:description\" content=\"Extensi\u00f3n del plazo para el servicio StartPLUS. Con esta extensi\u00f3n el cliente dispondr\u00e1 de una pr\u00f3rroga del plazo del servicio original.\" \/>\n<meta property=\"og:url\" content=\"https:\/\/www.logocrea.com\/store\/producto\/extension-de-servicio-startplus-precio-para-particular\/\" \/>\n<meta property=\"og:site_name\" content=\"Logocrea\u00ae Store\" \/>\n<meta property=\"article:publisher\" content=\"https:\/\/www.facebook.com\/logocrea\" \/>\n<meta property=\"article:modified_time\" content=\"2023-06-20T16:22:19+00:00\" \/>\n<meta property=\"og:image\" content=\"https:\/\/www.logocrea.com\/store\/wp-content\/uploads\/2023\/06\/estartplus-store.jpg\" \/>\n\t<meta property=\"og:image:width\" content=\"570\" \/>\n\t<meta property=\"og:image:height\" content=\"572\" \/>\n\t<meta property=\"og:image:type\" content=\"image\/jpeg\" \/>\n<meta name=\"twitter:card\" content=\"summary_large_image\" \/>\n<meta name=\"twitter:site\" content=\"@logocrea\" \/>\n<meta name=\"twitter:label1\" content=\"Tiempo de lectura\" \/>\n\t<meta name=\"twitter:data1\" content=\"1 minuto\" \/>\n<script type=\"application\/ld+json\" class=\"yoast-schema-graph\">{\"@context\":\"https:\\\/\\\/schema.org\",\"@graph\":[{\"@type\":\"WebPage\",\"@id\":\"https:\\\/\\\/www.logocrea.com\\\/store\\\/producto\\\/extension-de-servicio-startplus-precio-para-particular\\\/\",\"url\":\"https:\\\/\\\/www.logocrea.com\\\/store\\\/producto\\\/extension-de-servicio-startplus-precio-para-particular\\\/\",\"name\":\"Extensi\u00f3n de servicio StartPLUS\u00a9. Precio para particular - Logocrea\u00ae Store\",\"isPartOf\":{\"@id\":\"https:\\\/\\\/www.logocrea.com\\\/store\\\/#website\"},\"primaryImageOfPage\":{\"@id\":\"https:\\\/\\\/www.logocrea.com\\\/store\\\/producto\\\/extension-de-servicio-startplus-precio-para-particular\\\/#primaryimage\"},\"image\":{\"@id\":\"https:\\\/\\\/www.logocrea.com\\\/store\\\/producto\\\/extension-de-servicio-startplus-precio-para-particular\\\/#primaryimage\"},\"thumbnailUrl\":\"https:\\\/\\\/www.logocrea.com\\\/store\\\/wp-content\\\/uploads\\\/2023\\\/06\\\/estartplus-store.jpg\",\"datePublished\":\"2023-06-05T16:36:23+00:00\",\"dateModified\":\"2023-06-20T16:22:19+00:00\",\"description\":\"Extensi\u00f3n del plazo para el servicio StartPLUS. Con esta extensi\u00f3n el cliente dispondr\u00e1 de una pr\u00f3rroga del plazo del servicio original.\",\"breadcrumb\":{\"@id\":\"https:\\\/\\\/www.logocrea.com\\\/store\\\/producto\\\/extension-de-servicio-startplus-precio-para-particular\\\/#breadcrumb\"},\"inLanguage\":\"es\",\"potentialAction\":[{\"@type\":\"ReadAction\",\"target\":[\"https:\\\/\\\/www.logocrea.com\\\/store\\\/producto\\\/extension-de-servicio-startplus-precio-para-particular\\\/\"]}]},{\"@type\":\"ImageObject\",\"inLanguage\":\"es\",\"@id\":\"https:\\\/\\\/www.logocrea.com\\\/store\\\/producto\\\/extension-de-servicio-startplus-precio-para-particular\\\/#primaryimage\",\"url\":\"https:\\\/\\\/www.logocrea.com\\\/store\\\/wp-content\\\/uploads\\\/2023\\\/06\\\/estartplus-store.jpg\",\"contentUrl\":\"https:\\\/\\\/www.logocrea.com\\\/store\\\/wp-content\\\/uploads\\\/2023\\\/06\\\/estartplus-store.jpg\",\"width\":570,\"height\":572,\"caption\":\"Extensi\u00f3n de servicio StartPLUS\u00a9\"},{\"@type\":\"BreadcrumbList\",\"@id\":\"https:\\\/\\\/www.logocrea.com\\\/store\\\/producto\\\/extension-de-servicio-startplus-precio-para-particular\\\/#breadcrumb\",\"itemListElement\":[{\"@type\":\"ListItem\",\"position\":1,\"name\":\"Portada\",\"item\":\"https:\\\/\\\/www.logocrea.com\\\/store\\\/\"},{\"@type\":\"ListItem\",\"position\":2,\"name\":\"Tienda\",\"item\":\"https:\\\/\\\/www.logocrea.com\\\/store\\\/tienda\\\/\"},{\"@type\":\"ListItem\",\"position\":3,\"name\":\"Extensi\u00f3n de servicio StartPLUS\u00a9. Precio para particular\"}]},{\"@type\":\"WebSite\",\"@id\":\"https:\\\/\\\/www.logocrea.com\\\/store\\\/#website\",\"url\":\"https:\\\/\\\/www.logocrea.com\\\/store\\\/\",\"name\":\"Logocrea\u00ae | Dise\u00f1o de logotipos, web y gr\u00e1fico | Agencia de Branding\",\"description\":\"Logocrea\u00ae es una agencia de dise\u00f1o profesional, especializada en imagen corporativa: dise\u00f1amos logos, webs y realizamos todo tipo de dise\u00f1o gr\u00e1fico desde 2003.\",\"publisher\":{\"@id\":\"https:\\\/\\\/www.logocrea.com\\\/store\\\/#organization\"},\"alternateName\":\"Logocrea\u00ae | Dise\u00f1o de logotipos, web y gr\u00e1fico | Agencia de Branding\",\"potentialAction\":[{\"@type\":\"SearchAction\",\"target\":{\"@type\":\"EntryPoint\",\"urlTemplate\":\"https:\\\/\\\/www.logocrea.com\\\/store\\\/?s={search_term_string}\"},\"query-input\":{\"@type\":\"PropertyValueSpecification\",\"valueRequired\":true,\"valueName\":\"search_term_string\"}}],\"inLanguage\":\"es\"},{\"@type\":\"Organization\",\"@id\":\"https:\\\/\\\/www.logocrea.com\\\/store\\\/#organization\",\"name\":\"Logocrea\u00ae | Dise\u00f1o de logotipos, web y gr\u00e1fico | Agencia de Branding\",\"url\":\"https:\\\/\\\/www.logocrea.com\\\/store\\\/\",\"logo\":{\"@type\":\"ImageObject\",\"inLanguage\":\"es\",\"@id\":\"https:\\\/\\\/www.logocrea.com\\\/store\\\/#\\\/schema\\\/logo\\\/image\\\/\",\"url\":\"https:\\\/\\\/www.logocrea.com\\\/store\\\/wp-content\\\/uploads\\\/2022\\\/11\\\/logocrea-2022-500.jpg\",\"contentUrl\":\"https:\\\/\\\/www.logocrea.com\\\/store\\\/wp-content\\\/uploads\\\/2022\\\/11\\\/logocrea-2022-500.jpg\",\"width\":500,\"height\":163,\"caption\":\"Logocrea\u00ae | Dise\u00f1o de logotipos, web y gr\u00e1fico | Agencia de Branding\"},\"image\":{\"@id\":\"https:\\\/\\\/www.logocrea.com\\\/store\\\/#\\\/schema\\\/logo\\\/image\\\/\"},\"sameAs\":[\"https:\\\/\\\/www.facebook.com\\\/logocrea\",\"https:\\\/\\\/x.com\\\/logocrea\",\"https:\\\/\\\/www.tiktok.com\\\/@logocrea\",\"https:\\\/\\\/www.instagram.com\\\/logocrea.es\"]}]}<\/script>\n<!-- \/ Yoast SEO plugin. -->","yoast_head_json":{"title":"Extensi\u00f3n de servicio StartPLUS\u00a9. Precio para particular - Logocrea\u00ae Store","description":"Extensi\u00f3n del plazo para el servicio StartPLUS. Con esta extensi\u00f3n el cliente dispondr\u00e1 de una pr\u00f3rroga del plazo del servicio original.","robots":{"index":"index","follow":"follow","max-snippet":"max-snippet:-1","max-image-preview":"max-image-preview:large","max-video-preview":"max-video-preview:-1"},"canonical":"https:\/\/www.logocrea.com\/store\/producto\/extension-de-servicio-startplus-precio-para-particular\/","og_locale":"es_ES","og_type":"article","og_title":"Extensi\u00f3n de servicio StartPLUS\u00a9. Precio para particular - Logocrea\u00ae Store","og_description":"Extensi\u00f3n del plazo para el servicio StartPLUS. Con esta extensi\u00f3n el cliente dispondr\u00e1 de una pr\u00f3rroga del plazo del servicio original.","og_url":"https:\/\/www.logocrea.com\/store\/producto\/extension-de-servicio-startplus-precio-para-particular\/","og_site_name":"Logocrea\u00ae Store","article_publisher":"https:\/\/www.facebook.com\/logocrea","article_modified_time":"2023-06-20T16:22:19+00:00","og_image":[{"width":570,"height":572,"url":"https:\/\/www.logocrea.com\/store\/wp-content\/uploads\/2023\/06\/estartplus-store.jpg","type":"image\/jpeg"}],"twitter_card":"summary_large_image","twitter_site":"@logocrea","twitter_misc":{"Tiempo de lectura":"1 minuto"},"schema":{"@context":"https:\/\/schema.org","@graph":[{"@type":"WebPage","@id":"https:\/\/www.logocrea.com\/store\/producto\/extension-de-servicio-startplus-precio-para-particular\/","url":"https:\/\/www.logocrea.com\/store\/producto\/extension-de-servicio-startplus-precio-para-particular\/","name":"Extensi\u00f3n de servicio StartPLUS\u00a9. Precio para particular - Logocrea\u00ae Store","isPartOf":{"@id":"https:\/\/www.logocrea.com\/store\/#website"},"primaryImageOfPage":{"@id":"https:\/\/www.logocrea.com\/store\/producto\/extension-de-servicio-startplus-precio-para-particular\/#primaryimage"},"image":{"@id":"https:\/\/www.logocrea.com\/store\/producto\/extension-de-servicio-startplus-precio-para-particular\/#primaryimage"},"thumbnailUrl":"https:\/\/www.logocrea.com\/store\/wp-content\/uploads\/2023\/06\/estartplus-store.jpg","datePublished":"2023-06-05T16:36:23+00:00","dateModified":"2023-06-20T16:22:19+00:00","description":"Extensi\u00f3n del plazo para el servicio StartPLUS. Con esta extensi\u00f3n el cliente dispondr\u00e1 de una pr\u00f3rroga del plazo del servicio original.","breadcrumb":{"@id":"https:\/\/www.logocrea.com\/store\/producto\/extension-de-servicio-startplus-precio-para-particular\/#breadcrumb"},"inLanguage":"es","potentialAction":[{"@type":"ReadAction","target":["https:\/\/www.logocrea.com\/store\/producto\/extension-de-servicio-startplus-precio-para-particular\/"]}]},{"@type":"ImageObject","inLanguage":"es","@id":"https:\/\/www.logocrea.com\/store\/producto\/extension-de-servicio-startplus-precio-para-particular\/#primaryimage","url":"https:\/\/www.logocrea.com\/store\/wp-content\/uploads\/2023\/06\/estartplus-store.jpg","contentUrl":"https:\/\/www.logocrea.com\/store\/wp-content\/uploads\/2023\/06\/estartplus-store.jpg","width":570,"height":572,"caption":"Extensi\u00f3n de servicio StartPLUS\u00a9"},{"@type":"BreadcrumbList","@id":"https:\/\/www.logocrea.com\/store\/producto\/extension-de-servicio-startplus-precio-para-particular\/#breadcrumb","itemListElement":[{"@type":"ListItem","position":1,"name":"Portada","item":"https:\/\/www.logocrea.com\/store\/"},{"@type":"ListItem","position":2,"name":"Tienda","item":"https:\/\/www.logocrea.com\/store\/tienda\/"},{"@type":"ListItem","position":3,"name":"Extensi\u00f3n de servicio StartPLUS\u00a9. Precio para particular"}]},{"@type":"WebSite","@id":"https:\/\/www.logocrea.com\/store\/#website","url":"https:\/\/www.logocrea.com\/store\/","name":"Logocrea\u00ae | Dise\u00f1o de logotipos, web y gr\u00e1fico | Agencia de Branding","description":"Logocrea\u00ae es una agencia de dise\u00f1o profesional, especializada en imagen corporativa: dise\u00f1amos logos, webs y realizamos todo tipo de dise\u00f1o gr\u00e1fico desde 2003.","publisher":{"@id":"https:\/\/www.logocrea.com\/store\/#organization"},"alternateName":"Logocrea\u00ae | Dise\u00f1o de logotipos, web y gr\u00e1fico | Agencia de Branding","potentialAction":[{"@type":"SearchAction","target":{"@type":"EntryPoint","urlTemplate":"https:\/\/www.logocrea.com\/store\/?s={search_term_string}"},"query-input":{"@type":"PropertyValueSpecification","valueRequired":true,"valueName":"search_term_string"}}],"inLanguage":"es"},{"@type":"Organization","@id":"https:\/\/www.logocrea.com\/store\/#organization","name":"Logocrea\u00ae | Dise\u00f1o de logotipos, web y gr\u00e1fico | Agencia de Branding","url":"https:\/\/www.logocrea.com\/store\/","logo":{"@type":"ImageObject","inLanguage":"es","@id":"https:\/\/www.logocrea.com\/store\/#\/schema\/logo\/image\/","url":"https:\/\/www.logocrea.com\/store\/wp-content\/uploads\/2022\/11\/logocrea-2022-500.jpg","contentUrl":"https:\/\/www.logocrea.com\/store\/wp-content\/uploads\/2022\/11\/logocrea-2022-500.jpg","width":500,"height":163,"caption":"Logocrea\u00ae | Dise\u00f1o de logotipos, web y gr\u00e1fico | Agencia de Branding"},"image":{"@id":"https:\/\/www.logocrea.com\/store\/#\/schema\/logo\/image\/"},"sameAs":["https:\/\/www.facebook.com\/logocrea","https:\/\/x.com\/logocrea","https:\/\/www.tiktok.com\/@logocrea","https:\/\/www.instagram.com\/logocrea.es"]}]}},"_links":{"self":[{"href":"https:\/\/www.logocrea.com\/store\/wp-json\/wp\/v2\/product\/225714","targetHints":{"allow":["GET"]}}],"collection":[{"href":"https:\/\/www.logocrea.com\/store\/wp-json\/wp\/v2\/product"}],"about":[{"href":"https:\/\/www.logocrea.com\/store\/wp-json\/wp\/v2\/types\/product"}],"replies":[{"embeddable":true,"href":"https:\/\/www.logocrea.com\/store\/wp-json\/wp\/v2\/comments?post=225714"}],"wp:featuredmedia":[{"embeddable":true,"href":"https:\/\/www.logocrea.com\/store\/wp-json\/wp\/v2\/media\/225720"}],"wp:attachment":[{"href":"https:\/\/www.logocrea.com\/store\/wp-json\/wp\/v2\/media?parent=225714"}],"wp:term":[{"taxonomy":"product_brand","embeddable":true,"href":"https:\/\/www.logocrea.com\/store\/wp-json\/wp\/v2\/product_brand?post=225714"},{"taxonomy":"product_cat","embeddable":true,"href":"https:\/\/www.logocrea.com\/store\/wp-json\/wp\/v2\/product_cat?post=225714"},{"taxonomy":"product_tag","embeddable":true,"href":"https:\/\/www.logocrea.com\/store\/wp-json\/wp\/v2\/product_tag?post=225714"}],"curies":[{"name":"wp","href":"https:\/\/api.w.org\/{rel}","templated":true}]}}