{"id":226055,"date":"2024-04-10T18:03:29","date_gmt":"2024-04-10T16:03:29","guid":{"rendered":"https:\/\/www.logocrea.com\/store\/?post_type=product&#038;p=226055"},"modified":"2024-09-05T11:57:10","modified_gmt":"2024-09-05T09:57:10","slug":"hosting-landing-page-max-y-dominio-para-web-opcion-1-precio-para-particular","status":"publish","type":"product","link":"https:\/\/www.logocrea.com\/store\/producto\/hosting-landing-page-max-y-dominio-para-web-opcion-1-precio-para-particular\/","title":{"rendered":"Hosting Landing Page MAX y dominio para web opci\u00f3n 1. Precio para particular"},"content":{"rendered":"<p>6 meses de hosting y de registro de dominio.<br \/>\nAcceso de edici\u00f3n WordPress<br \/>\n6 cuentas de email<br \/>\nEste servicio s\u00f3lo es para clientes que previamente hayan contratado alguno de estos servicios: WebLITE (antes LogoWEB), LogoXPERT opci\u00f3n 3, LogoPRO opci\u00f3n 3, LogoMAX opci\u00f3n 3 o LogoPLUS opci\u00f3n 3.<\/p>\n<p><strong>Precio<\/strong><strong> exclusivamente para particulares.<\/strong> Incluye 21% de IVA.<\/p>\n<p>\u00bfNecesitas m\u00e1s informaci\u00f3n sobre este servicio? \u00a0<a href=\"https:\/\/www.logocrea.com\/hosting\/hosting-landing-page-max\/#opciones\" target=\"_blank\" rel=\"noopener\">Haz clic aqu\u00ed<\/a><\/p>\n","protected":false},"excerpt":{"rendered":"<p>6 meses de hosting y de registro de dominio.<br \/>\nAcceso de edici\u00f3n WordPress<br \/>\n6 cuentas de email<\/p>\n","protected":false},"featured_media":226057,"comment_status":"closed","ping_status":"closed","template":"","meta":[],"product_brand":[],"product_cat":[145],"product_tag":[126,125],"class_list":{"0":"post-226055","1":"product","2":"type-product","3":"status-publish","4":"has-post-thumbnail","6":"product_cat-hosting-y-mantenimiento","7":"product_tag-dominio","8":"product_tag-hosting","10":"first","11":"instock","12":"downloadable","13":"virtual","14":"purchasable","15":"product-type-simple"},"yoast_head":"<!-- This site is optimized with the Yoast SEO plugin v27.4 - https:\/\/yoast.com\/product\/yoast-seo-wordpress\/ -->\n<title>Hosting Landing Page MAX y dominio para web opci\u00f3n 1. Precio para particular - Logocrea\u00ae Store<\/title>\n<meta name=\"description\" content=\"Al hosting de calidad de Logocrea\u00ae incluimos el registro del dominio, en una \u00fanica cuota. 6 meses de hosting y dominio. Acceso de edici\u00f3n WordPress\" \/>\n<meta name=\"robots\" content=\"index, follow, max-snippet:-1, max-image-preview:large, max-video-preview:-1\" \/>\n<link rel=\"canonical\" href=\"https:\/\/www.logocrea.com\/store\/producto\/hosting-landing-page-max-y-dominio-para-web-opcion-1-precio-para-particular\/\" \/>\n<meta property=\"og:locale\" content=\"es_ES\" \/>\n<meta property=\"og:type\" content=\"article\" \/>\n<meta property=\"og:title\" content=\"Hosting Landing Page MAX y dominio para web opci\u00f3n 1. Precio para particular - Logocrea\u00ae Store\" \/>\n<meta property=\"og:description\" content=\"Al hosting de calidad de Logocrea\u00ae incluimos el registro del dominio, en una \u00fanica cuota. 6 meses de hosting y dominio. Acceso de edici\u00f3n WordPress\" \/>\n<meta property=\"og:url\" content=\"https:\/\/www.logocrea.com\/store\/producto\/hosting-landing-page-max-y-dominio-para-web-opcion-1-precio-para-particular\/\" \/>\n<meta property=\"og:site_name\" content=\"Logocrea\u00ae Store\" \/>\n<meta property=\"article:publisher\" content=\"https:\/\/www.facebook.com\/logocrea\" \/>\n<meta property=\"article:modified_time\" content=\"2024-09-05T09:57:10+00:00\" \/>\n<meta property=\"og:image\" content=\"https:\/\/www.logocrea.com\/store\/wp-content\/uploads\/2024\/04\/hosting-landingpage-max-op1.jpg\" \/>\n\t<meta property=\"og:image:width\" content=\"570\" \/>\n\t<meta property=\"og:image:height\" content=\"572\" \/>\n\t<meta property=\"og:image:type\" content=\"image\/jpeg\" \/>\n<meta name=\"twitter:card\" content=\"summary_large_image\" \/>\n<meta name=\"twitter:site\" content=\"@logocrea\" \/>\n<meta name=\"twitter:label1\" content=\"Tiempo de lectura\" \/>\n\t<meta name=\"twitter:data1\" content=\"1 minuto\" \/>\n<script type=\"application\/ld+json\" class=\"yoast-schema-graph\">{\"@context\":\"https:\\\/\\\/schema.org\",\"@graph\":[{\"@type\":\"WebPage\",\"@id\":\"https:\\\/\\\/www.logocrea.com\\\/store\\\/producto\\\/hosting-landing-page-max-y-dominio-para-web-opcion-1-precio-para-particular\\\/\",\"url\":\"https:\\\/\\\/www.logocrea.com\\\/store\\\/producto\\\/hosting-landing-page-max-y-dominio-para-web-opcion-1-precio-para-particular\\\/\",\"name\":\"Hosting Landing Page MAX y dominio para web opci\u00f3n 1. Precio para particular - Logocrea\u00ae Store\",\"isPartOf\":{\"@id\":\"https:\\\/\\\/www.logocrea.com\\\/store\\\/#website\"},\"primaryImageOfPage\":{\"@id\":\"https:\\\/\\\/www.logocrea.com\\\/store\\\/producto\\\/hosting-landing-page-max-y-dominio-para-web-opcion-1-precio-para-particular\\\/#primaryimage\"},\"image\":{\"@id\":\"https:\\\/\\\/www.logocrea.com\\\/store\\\/producto\\\/hosting-landing-page-max-y-dominio-para-web-opcion-1-precio-para-particular\\\/#primaryimage\"},\"thumbnailUrl\":\"https:\\\/\\\/www.logocrea.com\\\/store\\\/wp-content\\\/uploads\\\/2024\\\/04\\\/hosting-landingpage-max-op1.jpg\",\"datePublished\":\"2024-04-10T16:03:29+00:00\",\"dateModified\":\"2024-09-05T09:57:10+00:00\",\"description\":\"Al hosting de calidad de Logocrea\u00ae incluimos el registro del dominio, en una \u00fanica cuota. 6 meses de hosting y dominio. Acceso de edici\u00f3n WordPress\",\"breadcrumb\":{\"@id\":\"https:\\\/\\\/www.logocrea.com\\\/store\\\/producto\\\/hosting-landing-page-max-y-dominio-para-web-opcion-1-precio-para-particular\\\/#breadcrumb\"},\"inLanguage\":\"es\",\"potentialAction\":[{\"@type\":\"ReadAction\",\"target\":[\"https:\\\/\\\/www.logocrea.com\\\/store\\\/producto\\\/hosting-landing-page-max-y-dominio-para-web-opcion-1-precio-para-particular\\\/\"]}]},{\"@type\":\"ImageObject\",\"inLanguage\":\"es\",\"@id\":\"https:\\\/\\\/www.logocrea.com\\\/store\\\/producto\\\/hosting-landing-page-max-y-dominio-para-web-opcion-1-precio-para-particular\\\/#primaryimage\",\"url\":\"https:\\\/\\\/www.logocrea.com\\\/store\\\/wp-content\\\/uploads\\\/2024\\\/04\\\/hosting-landingpage-max-op1.jpg\",\"contentUrl\":\"https:\\\/\\\/www.logocrea.com\\\/store\\\/wp-content\\\/uploads\\\/2024\\\/04\\\/hosting-landingpage-max-op1.jpg\",\"width\":570,\"height\":572,\"caption\":\"Hosting Landing Page MAX store de Logocrea\u00ae\"},{\"@type\":\"BreadcrumbList\",\"@id\":\"https:\\\/\\\/www.logocrea.com\\\/store\\\/producto\\\/hosting-landing-page-max-y-dominio-para-web-opcion-1-precio-para-particular\\\/#breadcrumb\",\"itemListElement\":[{\"@type\":\"ListItem\",\"position\":1,\"name\":\"Portada\",\"item\":\"https:\\\/\\\/www.logocrea.com\\\/store\\\/\"},{\"@type\":\"ListItem\",\"position\":2,\"name\":\"Tienda\",\"item\":\"https:\\\/\\\/www.logocrea.com\\\/store\\\/tienda\\\/\"},{\"@type\":\"ListItem\",\"position\":3,\"name\":\"Hosting Landing Page MAX y dominio para web opci\u00f3n 1. Precio para particular\"}]},{\"@type\":\"WebSite\",\"@id\":\"https:\\\/\\\/www.logocrea.com\\\/store\\\/#website\",\"url\":\"https:\\\/\\\/www.logocrea.com\\\/store\\\/\",\"name\":\"Logocrea\u00ae | Dise\u00f1o de logotipos, web y gr\u00e1fico | Agencia de Branding\",\"description\":\"Logocrea\u00ae es una agencia de dise\u00f1o profesional, especializada en imagen corporativa: dise\u00f1amos logos, webs y realizamos todo tipo de dise\u00f1o gr\u00e1fico desde 2003.\",\"publisher\":{\"@id\":\"https:\\\/\\\/www.logocrea.com\\\/store\\\/#organization\"},\"alternateName\":\"Logocrea\u00ae | Dise\u00f1o de logotipos, web y gr\u00e1fico | Agencia de Branding\",\"potentialAction\":[{\"@type\":\"SearchAction\",\"target\":{\"@type\":\"EntryPoint\",\"urlTemplate\":\"https:\\\/\\\/www.logocrea.com\\\/store\\\/?s={search_term_string}\"},\"query-input\":{\"@type\":\"PropertyValueSpecification\",\"valueRequired\":true,\"valueName\":\"search_term_string\"}}],\"inLanguage\":\"es\"},{\"@type\":\"Organization\",\"@id\":\"https:\\\/\\\/www.logocrea.com\\\/store\\\/#organization\",\"name\":\"Logocrea\u00ae | Dise\u00f1o de logotipos, web y gr\u00e1fico | Agencia de Branding\",\"url\":\"https:\\\/\\\/www.logocrea.com\\\/store\\\/\",\"logo\":{\"@type\":\"ImageObject\",\"inLanguage\":\"es\",\"@id\":\"https:\\\/\\\/www.logocrea.com\\\/store\\\/#\\\/schema\\\/logo\\\/image\\\/\",\"url\":\"https:\\\/\\\/www.logocrea.com\\\/store\\\/wp-content\\\/uploads\\\/2022\\\/11\\\/logocrea-2022-500.jpg\",\"contentUrl\":\"https:\\\/\\\/www.logocrea.com\\\/store\\\/wp-content\\\/uploads\\\/2022\\\/11\\\/logocrea-2022-500.jpg\",\"width\":500,\"height\":163,\"caption\":\"Logocrea\u00ae | Dise\u00f1o de logotipos, web y gr\u00e1fico | Agencia de Branding\"},\"image\":{\"@id\":\"https:\\\/\\\/www.logocrea.com\\\/store\\\/#\\\/schema\\\/logo\\\/image\\\/\"},\"sameAs\":[\"https:\\\/\\\/www.facebook.com\\\/logocrea\",\"https:\\\/\\\/x.com\\\/logocrea\",\"https:\\\/\\\/www.tiktok.com\\\/@logocrea\",\"https:\\\/\\\/www.instagram.com\\\/logocrea.es\"]}]}<\/script>\n<!-- \/ Yoast SEO plugin. -->","yoast_head_json":{"title":"Hosting Landing Page MAX y dominio para web opci\u00f3n 1. Precio para particular - Logocrea\u00ae Store","description":"Al hosting de calidad de Logocrea\u00ae incluimos el registro del dominio, en una \u00fanica cuota. 6 meses de hosting y dominio. Acceso de edici\u00f3n WordPress","robots":{"index":"index","follow":"follow","max-snippet":"max-snippet:-1","max-image-preview":"max-image-preview:large","max-video-preview":"max-video-preview:-1"},"canonical":"https:\/\/www.logocrea.com\/store\/producto\/hosting-landing-page-max-y-dominio-para-web-opcion-1-precio-para-particular\/","og_locale":"es_ES","og_type":"article","og_title":"Hosting Landing Page MAX y dominio para web opci\u00f3n 1. Precio para particular - Logocrea\u00ae Store","og_description":"Al hosting de calidad de Logocrea\u00ae incluimos el registro del dominio, en una \u00fanica cuota. 6 meses de hosting y dominio. Acceso de edici\u00f3n WordPress","og_url":"https:\/\/www.logocrea.com\/store\/producto\/hosting-landing-page-max-y-dominio-para-web-opcion-1-precio-para-particular\/","og_site_name":"Logocrea\u00ae Store","article_publisher":"https:\/\/www.facebook.com\/logocrea","article_modified_time":"2024-09-05T09:57:10+00:00","og_image":[{"width":570,"height":572,"url":"https:\/\/www.logocrea.com\/store\/wp-content\/uploads\/2024\/04\/hosting-landingpage-max-op1.jpg","type":"image\/jpeg"}],"twitter_card":"summary_large_image","twitter_site":"@logocrea","twitter_misc":{"Tiempo de lectura":"1 minuto"},"schema":{"@context":"https:\/\/schema.org","@graph":[{"@type":"WebPage","@id":"https:\/\/www.logocrea.com\/store\/producto\/hosting-landing-page-max-y-dominio-para-web-opcion-1-precio-para-particular\/","url":"https:\/\/www.logocrea.com\/store\/producto\/hosting-landing-page-max-y-dominio-para-web-opcion-1-precio-para-particular\/","name":"Hosting Landing Page MAX y dominio para web opci\u00f3n 1. Precio para particular - Logocrea\u00ae Store","isPartOf":{"@id":"https:\/\/www.logocrea.com\/store\/#website"},"primaryImageOfPage":{"@id":"https:\/\/www.logocrea.com\/store\/producto\/hosting-landing-page-max-y-dominio-para-web-opcion-1-precio-para-particular\/#primaryimage"},"image":{"@id":"https:\/\/www.logocrea.com\/store\/producto\/hosting-landing-page-max-y-dominio-para-web-opcion-1-precio-para-particular\/#primaryimage"},"thumbnailUrl":"https:\/\/www.logocrea.com\/store\/wp-content\/uploads\/2024\/04\/hosting-landingpage-max-op1.jpg","datePublished":"2024-04-10T16:03:29+00:00","dateModified":"2024-09-05T09:57:10+00:00","description":"Al hosting de calidad de Logocrea\u00ae incluimos el registro del dominio, en una \u00fanica cuota. 6 meses de hosting y dominio. Acceso de edici\u00f3n WordPress","breadcrumb":{"@id":"https:\/\/www.logocrea.com\/store\/producto\/hosting-landing-page-max-y-dominio-para-web-opcion-1-precio-para-particular\/#breadcrumb"},"inLanguage":"es","potentialAction":[{"@type":"ReadAction","target":["https:\/\/www.logocrea.com\/store\/producto\/hosting-landing-page-max-y-dominio-para-web-opcion-1-precio-para-particular\/"]}]},{"@type":"ImageObject","inLanguage":"es","@id":"https:\/\/www.logocrea.com\/store\/producto\/hosting-landing-page-max-y-dominio-para-web-opcion-1-precio-para-particular\/#primaryimage","url":"https:\/\/www.logocrea.com\/store\/wp-content\/uploads\/2024\/04\/hosting-landingpage-max-op1.jpg","contentUrl":"https:\/\/www.logocrea.com\/store\/wp-content\/uploads\/2024\/04\/hosting-landingpage-max-op1.jpg","width":570,"height":572,"caption":"Hosting Landing Page MAX store de Logocrea\u00ae"},{"@type":"BreadcrumbList","@id":"https:\/\/www.logocrea.com\/store\/producto\/hosting-landing-page-max-y-dominio-para-web-opcion-1-precio-para-particular\/#breadcrumb","itemListElement":[{"@type":"ListItem","position":1,"name":"Portada","item":"https:\/\/www.logocrea.com\/store\/"},{"@type":"ListItem","position":2,"name":"Tienda","item":"https:\/\/www.logocrea.com\/store\/tienda\/"},{"@type":"ListItem","position":3,"name":"Hosting Landing Page MAX y dominio para web opci\u00f3n 1. Precio para particular"}]},{"@type":"WebSite","@id":"https:\/\/www.logocrea.com\/store\/#website","url":"https:\/\/www.logocrea.com\/store\/","name":"Logocrea\u00ae | Dise\u00f1o de logotipos, web y gr\u00e1fico | Agencia de Branding","description":"Logocrea\u00ae es una agencia de dise\u00f1o profesional, especializada en imagen corporativa: dise\u00f1amos logos, webs y realizamos todo tipo de dise\u00f1o gr\u00e1fico desde 2003.","publisher":{"@id":"https:\/\/www.logocrea.com\/store\/#organization"},"alternateName":"Logocrea\u00ae | Dise\u00f1o de logotipos, web y gr\u00e1fico | Agencia de Branding","potentialAction":[{"@type":"SearchAction","target":{"@type":"EntryPoint","urlTemplate":"https:\/\/www.logocrea.com\/store\/?s={search_term_string}"},"query-input":{"@type":"PropertyValueSpecification","valueRequired":true,"valueName":"search_term_string"}}],"inLanguage":"es"},{"@type":"Organization","@id":"https:\/\/www.logocrea.com\/store\/#organization","name":"Logocrea\u00ae | Dise\u00f1o de logotipos, web y gr\u00e1fico | Agencia de Branding","url":"https:\/\/www.logocrea.com\/store\/","logo":{"@type":"ImageObject","inLanguage":"es","@id":"https:\/\/www.logocrea.com\/store\/#\/schema\/logo\/image\/","url":"https:\/\/www.logocrea.com\/store\/wp-content\/uploads\/2022\/11\/logocrea-2022-500.jpg","contentUrl":"https:\/\/www.logocrea.com\/store\/wp-content\/uploads\/2022\/11\/logocrea-2022-500.jpg","width":500,"height":163,"caption":"Logocrea\u00ae | Dise\u00f1o de logotipos, web y gr\u00e1fico | Agencia de Branding"},"image":{"@id":"https:\/\/www.logocrea.com\/store\/#\/schema\/logo\/image\/"},"sameAs":["https:\/\/www.facebook.com\/logocrea","https:\/\/x.com\/logocrea","https:\/\/www.tiktok.com\/@logocrea","https:\/\/www.instagram.com\/logocrea.es"]}]}},"_links":{"self":[{"href":"https:\/\/www.logocrea.com\/store\/wp-json\/wp\/v2\/product\/226055","targetHints":{"allow":["GET"]}}],"collection":[{"href":"https:\/\/www.logocrea.com\/store\/wp-json\/wp\/v2\/product"}],"about":[{"href":"https:\/\/www.logocrea.com\/store\/wp-json\/wp\/v2\/types\/product"}],"replies":[{"embeddable":true,"href":"https:\/\/www.logocrea.com\/store\/wp-json\/wp\/v2\/comments?post=226055"}],"wp:featuredmedia":[{"embeddable":true,"href":"https:\/\/www.logocrea.com\/store\/wp-json\/wp\/v2\/media\/226057"}],"wp:attachment":[{"href":"https:\/\/www.logocrea.com\/store\/wp-json\/wp\/v2\/media?parent=226055"}],"wp:term":[{"taxonomy":"product_brand","embeddable":true,"href":"https:\/\/www.logocrea.com\/store\/wp-json\/wp\/v2\/product_brand?post=226055"},{"taxonomy":"product_cat","embeddable":true,"href":"https:\/\/www.logocrea.com\/store\/wp-json\/wp\/v2\/product_cat?post=226055"},{"taxonomy":"product_tag","embeddable":true,"href":"https:\/\/www.logocrea.com\/store\/wp-json\/wp\/v2\/product_tag?post=226055"}],"curies":[{"name":"wp","href":"https:\/\/api.w.org\/{rel}","templated":true}]}}