{"id":227592,"date":"2024-09-09T12:08:26","date_gmt":"2024-09-09T10:08:26","guid":{"rendered":"https:\/\/www.logocrea.com\/store\/?post_type=product&#038;p=227592"},"modified":"2024-09-09T12:14:21","modified_gmt":"2024-09-09T10:14:21","slug":"logomo-logo-animado-precio-para-particular","status":"publish","type":"product","link":"https:\/\/www.logocrea.com\/store\/producto\/logomo-logo-animado-precio-para-particular\/","title":{"rendered":"LogoMO\u00a9 Logo Animado. Precio para particular"},"content":{"rendered":"<p>Dise\u00f1o de animaci\u00f3n para logotipo creado por Logocrea\u00ae. Incluye una correcci\u00f3n en el plazo m\u00e1ximo del servicio.<\/p>\n<p style=\"text-align: left;\">Archivos entregados: MP4 Full HD de 5 segundos 16:9 (apaisado) y MP4 Full HD de 5 segundos 9:16 (vertical).<\/p>\n<div style=\"width: 1080px;\" class=\"wp-video\"><video class=\"wp-video-shortcode\" id=\"video-227592-1\" width=\"1080\" height=\"608\" preload=\"metadata\" controls=\"controls\"><source type=\"video\/mp4\" src=\"https:\/\/www.logocrea.com\/store\/wp-content\/uploads\/2024\/09\/logocrea-2024-anim-horizontal.mp4?_=1\" \/><a href=\"https:\/\/www.logocrea.com\/store\/wp-content\/uploads\/2024\/09\/logocrea-2024-anim-horizontal.mp4\">https:\/\/www.logocrea.com\/store\/wp-content\/uploads\/2024\/09\/logocrea-2024-anim-horizontal.mp4<\/a><\/video><\/div>\n<p style=\"text-align: left;\">Plazos: las propuestas en 4 d\u00edas laborables, la correcci\u00f3n en 4 d\u00edas laborables. Plazo m\u00e1ximo de proyecto 21 d\u00edas. <strong>Precio exclusivamente para particulares. <\/strong>Incluye 21% de IVA.<\/p>\n<p style=\"text-align: left;\"><strong>\u00bfNecesitas m\u00e1s informaci\u00f3n sobre este servicio? <a href=\"https:\/\/www.logocrea.com\/diseno-de-logotipos\/logomo\/#opciones\" target=\"_blank\" rel=\"noopener\">Haz clic aqu\u00ed<\/a> <\/strong><\/p>\n","protected":false},"excerpt":{"rendered":"<p>Dise\u00f1o de animaci\u00f3n para logotipo creado por Logocrea\u00ae. Incluye una correcci\u00f3n en el plazo m\u00e1ximo del servicio<\/p>\n","protected":false},"featured_media":227588,"template":"","meta":{"_et_pb_use_builder":"on","_et_pb_old_content":"Dise\u00f1o de animaci\u00f3n para logotipo creado por Logocrea\u00ae. Incluye una correcci\u00f3n en el plazo m\u00e1ximo del servicio.\r\n<p style=\"text-align: left;\">Archivos entregados: MP4 Full HD de 5 segundos 16:9 (apaisado) y MP4 Full HD de 5 segundos 9:16 (vertical).<\/p>\r\n[video width=\"1920\" height=\"1080\" mp4=\"https:\/\/www.logocrea.com\/store\/wp-content\/uploads\/2024\/09\/logocrea-2024-anim-horizontal.mp4\"][\/video]\r\n<p style=\"text-align: left;\">Plazos: las propuestas en 4 d\u00edas laborables, la correcci\u00f3n en 4 d\u00edas laborables. Plazo m\u00e1ximo de proyecto 21 d\u00edas. <strong>Precio exclusivamente para particulares. <\/strong>Incluye 21% de IVA.<\/p>\r\n<p style=\"text-align: left;\"><strong>\u00bfNecesitas m\u00e1s informaci\u00f3n sobre este servicio? <a href=\"https:\/\/www.logocrea.com\/diseno-de-logotipos\/logomo\/#opciones\" target=\"_blank\" rel=\"noopener\">Haz clic aqu\u00ed<\/a> <\/strong><\/p>","_et_gb_content_width":""},"product_brand":[],"product_cat":[35],"product_tag":[155,38,154,156],"class_list":{"0":"post-227592","1":"product","2":"type-product","3":"status-publish","4":"has-post-thumbnail","6":"product_cat-otros-servicios","7":"product_tag-animacion-de-logo","8":"product_tag-diseno-de-logotipos","9":"product_tag-logo-animado","10":"product_tag-logotipo-animado","12":"first","13":"instock","14":"downloadable","15":"virtual","16":"purchasable","17":"product-type-simple"},"yoast_head":"<!-- This site is optimized with the Yoast SEO plugin v27.4 - https:\/\/yoast.com\/product\/yoast-seo-wordpress\/ -->\n<title>\u27a4 LogoMO\u00a9 Logo Animado. Precio para particular - Logocrea\u00ae Store<\/title>\n<meta name=\"description\" content=\"Dise\u00f1o de animaci\u00f3n para tu logotipo. Nuevo servicio que dejar\u00e1 a tus clientes impactados con la solidez de tu marca. Inf\u00f3rmate!\" \/>\n<meta name=\"robots\" content=\"index, follow, max-snippet:-1, max-image-preview:large, max-video-preview:-1\" \/>\n<link rel=\"canonical\" href=\"https:\/\/www.logocrea.com\/store\/producto\/logomo-logo-animado-precio-para-particular\/\" \/>\n<meta property=\"og:locale\" content=\"es_ES\" \/>\n<meta property=\"og:type\" content=\"article\" \/>\n<meta property=\"og:title\" content=\"\u27a4 LogoMO\u00a9 Logo Animado. Precio para particular - Logocrea\u00ae Store\" \/>\n<meta property=\"og:description\" content=\"Dise\u00f1o de animaci\u00f3n para tu logotipo. Nuevo servicio que dejar\u00e1 a tus clientes impactados con la solidez de tu marca. Inf\u00f3rmate!\" \/>\n<meta property=\"og:url\" content=\"https:\/\/www.logocrea.com\/store\/producto\/logomo-logo-animado-precio-para-particular\/\" \/>\n<meta property=\"og:site_name\" content=\"Logocrea\u00ae Store\" \/>\n<meta property=\"article:publisher\" content=\"https:\/\/www.facebook.com\/logocrea\" \/>\n<meta property=\"article:modified_time\" content=\"2024-09-09T10:14:21+00:00\" \/>\n<meta property=\"og:image\" content=\"https:\/\/www.logocrea.com\/store\/wp-content\/uploads\/2024\/09\/logolanding-generico.jpg\" \/>\n\t<meta property=\"og:image:width\" content=\"570\" \/>\n\t<meta property=\"og:image:height\" content=\"572\" \/>\n\t<meta property=\"og:image:type\" content=\"image\/jpeg\" \/>\n<meta name=\"twitter:card\" content=\"summary_large_image\" \/>\n<meta name=\"twitter:site\" content=\"@logocrea\" \/>\n<meta name=\"twitter:label1\" content=\"Tiempo de lectura\" \/>\n\t<meta name=\"twitter:data1\" content=\"1 minuto\" \/>\n<script type=\"application\/ld+json\" class=\"yoast-schema-graph\">{\"@context\":\"https:\\\/\\\/schema.org\",\"@graph\":[{\"@type\":\"WebPage\",\"@id\":\"https:\\\/\\\/www.logocrea.com\\\/store\\\/producto\\\/logomo-logo-animado-precio-para-particular\\\/\",\"url\":\"https:\\\/\\\/www.logocrea.com\\\/store\\\/producto\\\/logomo-logo-animado-precio-para-particular\\\/\",\"name\":\"\u27a4 LogoMO\u00a9 Logo Animado. Precio para particular - Logocrea\u00ae Store\",\"isPartOf\":{\"@id\":\"https:\\\/\\\/www.logocrea.com\\\/store\\\/#website\"},\"primaryImageOfPage\":{\"@id\":\"https:\\\/\\\/www.logocrea.com\\\/store\\\/producto\\\/logomo-logo-animado-precio-para-particular\\\/#primaryimage\"},\"image\":{\"@id\":\"https:\\\/\\\/www.logocrea.com\\\/store\\\/producto\\\/logomo-logo-animado-precio-para-particular\\\/#primaryimage\"},\"thumbnailUrl\":\"https:\\\/\\\/www.logocrea.com\\\/store\\\/wp-content\\\/uploads\\\/2024\\\/09\\\/logolanding-generico.jpg\",\"datePublished\":\"2024-09-09T10:08:26+00:00\",\"dateModified\":\"2024-09-09T10:14:21+00:00\",\"description\":\"Dise\u00f1o de animaci\u00f3n para tu logotipo. Nuevo servicio que dejar\u00e1 a tus clientes impactados con la solidez de tu marca. Inf\u00f3rmate!\",\"breadcrumb\":{\"@id\":\"https:\\\/\\\/www.logocrea.com\\\/store\\\/producto\\\/logomo-logo-animado-precio-para-particular\\\/#breadcrumb\"},\"inLanguage\":\"es\",\"potentialAction\":[{\"@type\":\"ReadAction\",\"target\":[\"https:\\\/\\\/www.logocrea.com\\\/store\\\/producto\\\/logomo-logo-animado-precio-para-particular\\\/\"]}]},{\"@type\":\"ImageObject\",\"inLanguage\":\"es\",\"@id\":\"https:\\\/\\\/www.logocrea.com\\\/store\\\/producto\\\/logomo-logo-animado-precio-para-particular\\\/#primaryimage\",\"url\":\"https:\\\/\\\/www.logocrea.com\\\/store\\\/wp-content\\\/uploads\\\/2024\\\/09\\\/logolanding-generico.jpg\",\"contentUrl\":\"https:\\\/\\\/www.logocrea.com\\\/store\\\/wp-content\\\/uploads\\\/2024\\\/09\\\/logolanding-generico.jpg\",\"width\":570,\"height\":572,\"caption\":\"LogoMO, dise\u00f1o de logo animado\"},{\"@type\":\"BreadcrumbList\",\"@id\":\"https:\\\/\\\/www.logocrea.com\\\/store\\\/producto\\\/logomo-logo-animado-precio-para-particular\\\/#breadcrumb\",\"itemListElement\":[{\"@type\":\"ListItem\",\"position\":1,\"name\":\"Portada\",\"item\":\"https:\\\/\\\/www.logocrea.com\\\/store\\\/\"},{\"@type\":\"ListItem\",\"position\":2,\"name\":\"Tienda\",\"item\":\"https:\\\/\\\/www.logocrea.com\\\/store\\\/tienda\\\/\"},{\"@type\":\"ListItem\",\"position\":3,\"name\":\"LogoMO\u00a9 Logo Animado. Precio para particular\"}]},{\"@type\":\"WebSite\",\"@id\":\"https:\\\/\\\/www.logocrea.com\\\/store\\\/#website\",\"url\":\"https:\\\/\\\/www.logocrea.com\\\/store\\\/\",\"name\":\"Logocrea\u00ae | Dise\u00f1o de logotipos, web y gr\u00e1fico | Agencia de Branding\",\"description\":\"Logocrea\u00ae es una agencia de dise\u00f1o profesional, especializada en imagen corporativa: dise\u00f1amos logos, webs y realizamos todo tipo de dise\u00f1o gr\u00e1fico desde 2003.\",\"publisher\":{\"@id\":\"https:\\\/\\\/www.logocrea.com\\\/store\\\/#organization\"},\"alternateName\":\"Logocrea\u00ae | Dise\u00f1o de logotipos, web y gr\u00e1fico | Agencia de Branding\",\"potentialAction\":[{\"@type\":\"SearchAction\",\"target\":{\"@type\":\"EntryPoint\",\"urlTemplate\":\"https:\\\/\\\/www.logocrea.com\\\/store\\\/?s={search_term_string}\"},\"query-input\":{\"@type\":\"PropertyValueSpecification\",\"valueRequired\":true,\"valueName\":\"search_term_string\"}}],\"inLanguage\":\"es\"},{\"@type\":\"Organization\",\"@id\":\"https:\\\/\\\/www.logocrea.com\\\/store\\\/#organization\",\"name\":\"Logocrea\u00ae | Dise\u00f1o de logotipos, web y gr\u00e1fico | Agencia de Branding\",\"url\":\"https:\\\/\\\/www.logocrea.com\\\/store\\\/\",\"logo\":{\"@type\":\"ImageObject\",\"inLanguage\":\"es\",\"@id\":\"https:\\\/\\\/www.logocrea.com\\\/store\\\/#\\\/schema\\\/logo\\\/image\\\/\",\"url\":\"https:\\\/\\\/www.logocrea.com\\\/store\\\/wp-content\\\/uploads\\\/2022\\\/11\\\/logocrea-2022-500.jpg\",\"contentUrl\":\"https:\\\/\\\/www.logocrea.com\\\/store\\\/wp-content\\\/uploads\\\/2022\\\/11\\\/logocrea-2022-500.jpg\",\"width\":500,\"height\":163,\"caption\":\"Logocrea\u00ae | Dise\u00f1o de logotipos, web y gr\u00e1fico | Agencia de Branding\"},\"image\":{\"@id\":\"https:\\\/\\\/www.logocrea.com\\\/store\\\/#\\\/schema\\\/logo\\\/image\\\/\"},\"sameAs\":[\"https:\\\/\\\/www.facebook.com\\\/logocrea\",\"https:\\\/\\\/x.com\\\/logocrea\",\"https:\\\/\\\/www.tiktok.com\\\/@logocrea\",\"https:\\\/\\\/www.instagram.com\\\/logocrea.es\"]}]}<\/script>\n<!-- \/ Yoast SEO plugin. -->","yoast_head_json":{"title":"\u27a4 LogoMO\u00a9 Logo Animado. Precio para particular - Logocrea\u00ae Store","description":"Dise\u00f1o de animaci\u00f3n para tu logotipo. Nuevo servicio que dejar\u00e1 a tus clientes impactados con la solidez de tu marca. Inf\u00f3rmate!","robots":{"index":"index","follow":"follow","max-snippet":"max-snippet:-1","max-image-preview":"max-image-preview:large","max-video-preview":"max-video-preview:-1"},"canonical":"https:\/\/www.logocrea.com\/store\/producto\/logomo-logo-animado-precio-para-particular\/","og_locale":"es_ES","og_type":"article","og_title":"\u27a4 LogoMO\u00a9 Logo Animado. Precio para particular - Logocrea\u00ae Store","og_description":"Dise\u00f1o de animaci\u00f3n para tu logotipo. Nuevo servicio que dejar\u00e1 a tus clientes impactados con la solidez de tu marca. Inf\u00f3rmate!","og_url":"https:\/\/www.logocrea.com\/store\/producto\/logomo-logo-animado-precio-para-particular\/","og_site_name":"Logocrea\u00ae Store","article_publisher":"https:\/\/www.facebook.com\/logocrea","article_modified_time":"2024-09-09T10:14:21+00:00","og_image":[{"width":570,"height":572,"url":"https:\/\/www.logocrea.com\/store\/wp-content\/uploads\/2024\/09\/logolanding-generico.jpg","type":"image\/jpeg"}],"twitter_card":"summary_large_image","twitter_site":"@logocrea","twitter_misc":{"Tiempo de lectura":"1 minuto"},"schema":{"@context":"https:\/\/schema.org","@graph":[{"@type":"WebPage","@id":"https:\/\/www.logocrea.com\/store\/producto\/logomo-logo-animado-precio-para-particular\/","url":"https:\/\/www.logocrea.com\/store\/producto\/logomo-logo-animado-precio-para-particular\/","name":"\u27a4 LogoMO\u00a9 Logo Animado. Precio para particular - Logocrea\u00ae Store","isPartOf":{"@id":"https:\/\/www.logocrea.com\/store\/#website"},"primaryImageOfPage":{"@id":"https:\/\/www.logocrea.com\/store\/producto\/logomo-logo-animado-precio-para-particular\/#primaryimage"},"image":{"@id":"https:\/\/www.logocrea.com\/store\/producto\/logomo-logo-animado-precio-para-particular\/#primaryimage"},"thumbnailUrl":"https:\/\/www.logocrea.com\/store\/wp-content\/uploads\/2024\/09\/logolanding-generico.jpg","datePublished":"2024-09-09T10:08:26+00:00","dateModified":"2024-09-09T10:14:21+00:00","description":"Dise\u00f1o de animaci\u00f3n para tu logotipo. Nuevo servicio que dejar\u00e1 a tus clientes impactados con la solidez de tu marca. Inf\u00f3rmate!","breadcrumb":{"@id":"https:\/\/www.logocrea.com\/store\/producto\/logomo-logo-animado-precio-para-particular\/#breadcrumb"},"inLanguage":"es","potentialAction":[{"@type":"ReadAction","target":["https:\/\/www.logocrea.com\/store\/producto\/logomo-logo-animado-precio-para-particular\/"]}]},{"@type":"ImageObject","inLanguage":"es","@id":"https:\/\/www.logocrea.com\/store\/producto\/logomo-logo-animado-precio-para-particular\/#primaryimage","url":"https:\/\/www.logocrea.com\/store\/wp-content\/uploads\/2024\/09\/logolanding-generico.jpg","contentUrl":"https:\/\/www.logocrea.com\/store\/wp-content\/uploads\/2024\/09\/logolanding-generico.jpg","width":570,"height":572,"caption":"LogoMO, dise\u00f1o de logo animado"},{"@type":"BreadcrumbList","@id":"https:\/\/www.logocrea.com\/store\/producto\/logomo-logo-animado-precio-para-particular\/#breadcrumb","itemListElement":[{"@type":"ListItem","position":1,"name":"Portada","item":"https:\/\/www.logocrea.com\/store\/"},{"@type":"ListItem","position":2,"name":"Tienda","item":"https:\/\/www.logocrea.com\/store\/tienda\/"},{"@type":"ListItem","position":3,"name":"LogoMO\u00a9 Logo Animado. Precio para particular"}]},{"@type":"WebSite","@id":"https:\/\/www.logocrea.com\/store\/#website","url":"https:\/\/www.logocrea.com\/store\/","name":"Logocrea\u00ae | Dise\u00f1o de logotipos, web y gr\u00e1fico | Agencia de Branding","description":"Logocrea\u00ae es una agencia de dise\u00f1o profesional, especializada en imagen corporativa: dise\u00f1amos logos, webs y realizamos todo tipo de dise\u00f1o gr\u00e1fico desde 2003.","publisher":{"@id":"https:\/\/www.logocrea.com\/store\/#organization"},"alternateName":"Logocrea\u00ae | Dise\u00f1o de logotipos, web y gr\u00e1fico | Agencia de Branding","potentialAction":[{"@type":"SearchAction","target":{"@type":"EntryPoint","urlTemplate":"https:\/\/www.logocrea.com\/store\/?s={search_term_string}"},"query-input":{"@type":"PropertyValueSpecification","valueRequired":true,"valueName":"search_term_string"}}],"inLanguage":"es"},{"@type":"Organization","@id":"https:\/\/www.logocrea.com\/store\/#organization","name":"Logocrea\u00ae | Dise\u00f1o de logotipos, web y gr\u00e1fico | Agencia de Branding","url":"https:\/\/www.logocrea.com\/store\/","logo":{"@type":"ImageObject","inLanguage":"es","@id":"https:\/\/www.logocrea.com\/store\/#\/schema\/logo\/image\/","url":"https:\/\/www.logocrea.com\/store\/wp-content\/uploads\/2022\/11\/logocrea-2022-500.jpg","contentUrl":"https:\/\/www.logocrea.com\/store\/wp-content\/uploads\/2022\/11\/logocrea-2022-500.jpg","width":500,"height":163,"caption":"Logocrea\u00ae | Dise\u00f1o de logotipos, web y gr\u00e1fico | Agencia de Branding"},"image":{"@id":"https:\/\/www.logocrea.com\/store\/#\/schema\/logo\/image\/"},"sameAs":["https:\/\/www.facebook.com\/logocrea","https:\/\/x.com\/logocrea","https:\/\/www.tiktok.com\/@logocrea","https:\/\/www.instagram.com\/logocrea.es"]}]}},"_links":{"self":[{"href":"https:\/\/www.logocrea.com\/store\/wp-json\/wp\/v2\/product\/227592","targetHints":{"allow":["GET"]}}],"collection":[{"href":"https:\/\/www.logocrea.com\/store\/wp-json\/wp\/v2\/product"}],"about":[{"href":"https:\/\/www.logocrea.com\/store\/wp-json\/wp\/v2\/types\/product"}],"wp:featuredmedia":[{"embeddable":true,"href":"https:\/\/www.logocrea.com\/store\/wp-json\/wp\/v2\/media\/227588"}],"wp:attachment":[{"href":"https:\/\/www.logocrea.com\/store\/wp-json\/wp\/v2\/media?parent=227592"}],"wp:term":[{"taxonomy":"product_brand","embeddable":true,"href":"https:\/\/www.logocrea.com\/store\/wp-json\/wp\/v2\/product_brand?post=227592"},{"taxonomy":"product_cat","embeddable":true,"href":"https:\/\/www.logocrea.com\/store\/wp-json\/wp\/v2\/product_cat?post=227592"},{"taxonomy":"product_tag","embeddable":true,"href":"https:\/\/www.logocrea.com\/store\/wp-json\/wp\/v2\/product_tag?post=227592"}],"curies":[{"name":"wp","href":"https:\/\/api.w.org\/{rel}","templated":true}]}}