{"id":227686,"date":"2024-10-29T11:59:44","date_gmt":"2024-10-29T10:59:44","guid":{"rendered":"https:\/\/www.logocrea.com\/store\/?post_type=product&#038;p=227686"},"modified":"2026-01-14T12:42:40","modified_gmt":"2026-01-14T11:42:40","slug":"propuesta-adicional-de-logotipo-precio-para-empresa-o-autonomo","status":"publish","type":"product","link":"https:\/\/www.logocrea.com\/store\/producto\/propuesta-adicional-de-logotipo-precio-para-empresa-o-autonomo\/","title":{"rendered":"Propuesta adicional de logotipo. Precio para empresa o aut\u00f3nomo"},"content":{"rendered":"<p>Dise\u00f1o de propuesta adicional de logotipo, incluye 1 cambio de forma.<br \/>\nIncluye una posible correcci\u00f3n de composici\u00f3n (posici\u00f3n y tama\u00f1o de elementos ya dise\u00f1ados).<\/p>\n<p>Plazo de entrega: 4 d\u00edas laborables, el plazo m\u00e1ximo del proyecto es de 7 d\u00edas.<br \/>\nRequiere la contrataci\u00f3n previa de alguno de nuestros servicios de dise\u00f1o de logotipos (LogoXPERT, LogoPRO, LogoMAX, LogoPLUS) y estar en el proceso creativo del dise\u00f1o del logotipo.<\/p>\n<p style=\"text-align: left;\"><strong>Precio exclusivamente para empresas o aut\u00f3nomos.<\/strong> Incluye 21% de IVA y se aplica el 15% de IRPF.<\/p>\n<p><strong>\u00bfNecesitas m\u00e1s informaci\u00f3n sobre este servicio? <a href=\"https:\/\/www.logocrea.com\/servicios-adicionales\/diseno-de-propuesta-adicional-del-logo\/\">Haz clic aqu\u00ed<\/a><\/strong><\/p>\n","protected":false},"excerpt":{"rendered":"<p>Dise\u00f1o de propuesta adicional de logotipo, incluye 1 cambio de forma.<br \/>\nIncluye una posible correcci\u00f3n de composici\u00f3n (posici\u00f3n y tama\u00f1o de elementos ya dise\u00f1ados).<br \/>\nPlazo de entrega: 4 d\u00edas laborables, el plazo m\u00e1ximo del proyecto es de 7 d\u00edas.<br \/>\nRequiere la contrataci\u00f3n previa de alguno de nuestros servicios de dise\u00f1o de logotipos (LogoXPERT, LogoPRO, LogoMAX, LogoPLUS) y estar en el proceso creativo del dise\u00f1o del logotipo.<\/p>\n","protected":false},"featured_media":227688,"template":"","meta":{"_et_pb_use_builder":"","_et_pb_old_content":"","_et_gb_content_width":""},"product_brand":[],"product_cat":[35],"product_tag":[41],"class_list":{"0":"post-227686","1":"product","2":"type-product","3":"status-publish","4":"has-post-thumbnail","6":"product_cat-otros-servicios","7":"product_tag-entrega-adicional-de-logotipo","9":"first","10":"instock","11":"virtual","12":"purchasable","13":"product-type-simple"},"yoast_head":"<!-- This site is optimized with the Yoast SEO plugin v27.4 - https:\/\/yoast.com\/product\/yoast-seo-wordpress\/ -->\n<title>Propuesta adicional de logotipo. Precio para empresa o aut\u00f3nomo - Logocrea\u00ae Store<\/title>\n<meta name=\"description\" content=\"Entrega adicional de logotipo.\" \/>\n<meta name=\"robots\" content=\"index, follow, max-snippet:-1, max-image-preview:large, max-video-preview:-1\" \/>\n<link rel=\"canonical\" href=\"https:\/\/www.logocrea.com\/store\/producto\/propuesta-adicional-de-logotipo-precio-para-empresa-o-autonomo\/\" \/>\n<meta property=\"og:locale\" content=\"es_ES\" \/>\n<meta property=\"og:type\" content=\"article\" \/>\n<meta property=\"og:title\" content=\"Propuesta adicional de logotipo. Precio para empresa o aut\u00f3nomo - Logocrea\u00ae Store\" \/>\n<meta property=\"og:description\" content=\"Entrega adicional de logotipo.\" \/>\n<meta property=\"og:url\" content=\"https:\/\/www.logocrea.com\/store\/producto\/propuesta-adicional-de-logotipo-precio-para-empresa-o-autonomo\/\" \/>\n<meta property=\"og:site_name\" content=\"Logocrea\u00ae Store\" \/>\n<meta property=\"article:publisher\" content=\"https:\/\/www.facebook.com\/logocrea\" \/>\n<meta property=\"article:modified_time\" content=\"2026-01-14T11:42:40+00:00\" \/>\n<meta property=\"og:image\" content=\"https:\/\/www.logocrea.com\/store\/wp-content\/uploads\/2024\/10\/propuesta-adicional-store.jpg\" \/>\n\t<meta property=\"og:image:width\" content=\"570\" \/>\n\t<meta property=\"og:image:height\" content=\"572\" \/>\n\t<meta property=\"og:image:type\" content=\"image\/jpeg\" \/>\n<meta name=\"twitter:card\" content=\"summary_large_image\" \/>\n<meta name=\"twitter:site\" content=\"@logocrea\" \/>\n<meta name=\"twitter:label1\" content=\"Tiempo de lectura\" \/>\n\t<meta name=\"twitter:data1\" content=\"1 minuto\" \/>\n<script type=\"application\/ld+json\" class=\"yoast-schema-graph\">{\"@context\":\"https:\\\/\\\/schema.org\",\"@graph\":[{\"@type\":\"WebPage\",\"@id\":\"https:\\\/\\\/www.logocrea.com\\\/store\\\/producto\\\/propuesta-adicional-de-logotipo-precio-para-empresa-o-autonomo\\\/\",\"url\":\"https:\\\/\\\/www.logocrea.com\\\/store\\\/producto\\\/propuesta-adicional-de-logotipo-precio-para-empresa-o-autonomo\\\/\",\"name\":\"Propuesta adicional de logotipo. Precio para empresa o aut\u00f3nomo - Logocrea\u00ae Store\",\"isPartOf\":{\"@id\":\"https:\\\/\\\/www.logocrea.com\\\/store\\\/#website\"},\"primaryImageOfPage\":{\"@id\":\"https:\\\/\\\/www.logocrea.com\\\/store\\\/producto\\\/propuesta-adicional-de-logotipo-precio-para-empresa-o-autonomo\\\/#primaryimage\"},\"image\":{\"@id\":\"https:\\\/\\\/www.logocrea.com\\\/store\\\/producto\\\/propuesta-adicional-de-logotipo-precio-para-empresa-o-autonomo\\\/#primaryimage\"},\"thumbnailUrl\":\"https:\\\/\\\/www.logocrea.com\\\/store\\\/wp-content\\\/uploads\\\/2024\\\/10\\\/propuesta-adicional-store.jpg\",\"datePublished\":\"2024-10-29T10:59:44+00:00\",\"dateModified\":\"2026-01-14T11:42:40+00:00\",\"description\":\"Entrega adicional de logotipo.\",\"breadcrumb\":{\"@id\":\"https:\\\/\\\/www.logocrea.com\\\/store\\\/producto\\\/propuesta-adicional-de-logotipo-precio-para-empresa-o-autonomo\\\/#breadcrumb\"},\"inLanguage\":\"es\",\"potentialAction\":[{\"@type\":\"ReadAction\",\"target\":[\"https:\\\/\\\/www.logocrea.com\\\/store\\\/producto\\\/propuesta-adicional-de-logotipo-precio-para-empresa-o-autonomo\\\/\"]}]},{\"@type\":\"ImageObject\",\"inLanguage\":\"es\",\"@id\":\"https:\\\/\\\/www.logocrea.com\\\/store\\\/producto\\\/propuesta-adicional-de-logotipo-precio-para-empresa-o-autonomo\\\/#primaryimage\",\"url\":\"https:\\\/\\\/www.logocrea.com\\\/store\\\/wp-content\\\/uploads\\\/2024\\\/10\\\/propuesta-adicional-store.jpg\",\"contentUrl\":\"https:\\\/\\\/www.logocrea.com\\\/store\\\/wp-content\\\/uploads\\\/2024\\\/10\\\/propuesta-adicional-store.jpg\",\"width\":570,\"height\":572,\"caption\":\"Dise\u00f1o de propuesta adicional de logo. Dise\u00f1o de Logocrea\u00ae\"},{\"@type\":\"BreadcrumbList\",\"@id\":\"https:\\\/\\\/www.logocrea.com\\\/store\\\/producto\\\/propuesta-adicional-de-logotipo-precio-para-empresa-o-autonomo\\\/#breadcrumb\",\"itemListElement\":[{\"@type\":\"ListItem\",\"position\":1,\"name\":\"Portada\",\"item\":\"https:\\\/\\\/www.logocrea.com\\\/store\\\/\"},{\"@type\":\"ListItem\",\"position\":2,\"name\":\"Tienda\",\"item\":\"https:\\\/\\\/www.logocrea.com\\\/store\\\/tienda\\\/\"},{\"@type\":\"ListItem\",\"position\":3,\"name\":\"Propuesta adicional de logotipo. Precio para empresa o aut\u00f3nomo\"}]},{\"@type\":\"WebSite\",\"@id\":\"https:\\\/\\\/www.logocrea.com\\\/store\\\/#website\",\"url\":\"https:\\\/\\\/www.logocrea.com\\\/store\\\/\",\"name\":\"Logocrea\u00ae | Dise\u00f1o de logotipos, web y gr\u00e1fico | Agencia de Branding\",\"description\":\"Logocrea\u00ae es una agencia de dise\u00f1o profesional, especializada en imagen corporativa: dise\u00f1amos logos, webs y realizamos todo tipo de dise\u00f1o gr\u00e1fico desde 2003.\",\"publisher\":{\"@id\":\"https:\\\/\\\/www.logocrea.com\\\/store\\\/#organization\"},\"alternateName\":\"Logocrea\u00ae | Dise\u00f1o de logotipos, web y gr\u00e1fico | Agencia de Branding\",\"potentialAction\":[{\"@type\":\"SearchAction\",\"target\":{\"@type\":\"EntryPoint\",\"urlTemplate\":\"https:\\\/\\\/www.logocrea.com\\\/store\\\/?s={search_term_string}\"},\"query-input\":{\"@type\":\"PropertyValueSpecification\",\"valueRequired\":true,\"valueName\":\"search_term_string\"}}],\"inLanguage\":\"es\"},{\"@type\":\"Organization\",\"@id\":\"https:\\\/\\\/www.logocrea.com\\\/store\\\/#organization\",\"name\":\"Logocrea\u00ae | Dise\u00f1o de logotipos, web y gr\u00e1fico | Agencia de Branding\",\"url\":\"https:\\\/\\\/www.logocrea.com\\\/store\\\/\",\"logo\":{\"@type\":\"ImageObject\",\"inLanguage\":\"es\",\"@id\":\"https:\\\/\\\/www.logocrea.com\\\/store\\\/#\\\/schema\\\/logo\\\/image\\\/\",\"url\":\"https:\\\/\\\/www.logocrea.com\\\/store\\\/wp-content\\\/uploads\\\/2022\\\/11\\\/logocrea-2022-500.jpg\",\"contentUrl\":\"https:\\\/\\\/www.logocrea.com\\\/store\\\/wp-content\\\/uploads\\\/2022\\\/11\\\/logocrea-2022-500.jpg\",\"width\":500,\"height\":163,\"caption\":\"Logocrea\u00ae | Dise\u00f1o de logotipos, web y gr\u00e1fico | Agencia de Branding\"},\"image\":{\"@id\":\"https:\\\/\\\/www.logocrea.com\\\/store\\\/#\\\/schema\\\/logo\\\/image\\\/\"},\"sameAs\":[\"https:\\\/\\\/www.facebook.com\\\/logocrea\",\"https:\\\/\\\/x.com\\\/logocrea\",\"https:\\\/\\\/www.tiktok.com\\\/@logocrea\",\"https:\\\/\\\/www.instagram.com\\\/logocrea.es\"]}]}<\/script>\n<!-- \/ Yoast SEO plugin. -->","yoast_head_json":{"title":"Propuesta adicional de logotipo. Precio para empresa o aut\u00f3nomo - Logocrea\u00ae Store","description":"Entrega adicional de logotipo.","robots":{"index":"index","follow":"follow","max-snippet":"max-snippet:-1","max-image-preview":"max-image-preview:large","max-video-preview":"max-video-preview:-1"},"canonical":"https:\/\/www.logocrea.com\/store\/producto\/propuesta-adicional-de-logotipo-precio-para-empresa-o-autonomo\/","og_locale":"es_ES","og_type":"article","og_title":"Propuesta adicional de logotipo. Precio para empresa o aut\u00f3nomo - Logocrea\u00ae Store","og_description":"Entrega adicional de logotipo.","og_url":"https:\/\/www.logocrea.com\/store\/producto\/propuesta-adicional-de-logotipo-precio-para-empresa-o-autonomo\/","og_site_name":"Logocrea\u00ae Store","article_publisher":"https:\/\/www.facebook.com\/logocrea","article_modified_time":"2026-01-14T11:42:40+00:00","og_image":[{"width":570,"height":572,"url":"https:\/\/www.logocrea.com\/store\/wp-content\/uploads\/2024\/10\/propuesta-adicional-store.jpg","type":"image\/jpeg"}],"twitter_card":"summary_large_image","twitter_site":"@logocrea","twitter_misc":{"Tiempo de lectura":"1 minuto"},"schema":{"@context":"https:\/\/schema.org","@graph":[{"@type":"WebPage","@id":"https:\/\/www.logocrea.com\/store\/producto\/propuesta-adicional-de-logotipo-precio-para-empresa-o-autonomo\/","url":"https:\/\/www.logocrea.com\/store\/producto\/propuesta-adicional-de-logotipo-precio-para-empresa-o-autonomo\/","name":"Propuesta adicional de logotipo. Precio para empresa o aut\u00f3nomo - Logocrea\u00ae Store","isPartOf":{"@id":"https:\/\/www.logocrea.com\/store\/#website"},"primaryImageOfPage":{"@id":"https:\/\/www.logocrea.com\/store\/producto\/propuesta-adicional-de-logotipo-precio-para-empresa-o-autonomo\/#primaryimage"},"image":{"@id":"https:\/\/www.logocrea.com\/store\/producto\/propuesta-adicional-de-logotipo-precio-para-empresa-o-autonomo\/#primaryimage"},"thumbnailUrl":"https:\/\/www.logocrea.com\/store\/wp-content\/uploads\/2024\/10\/propuesta-adicional-store.jpg","datePublished":"2024-10-29T10:59:44+00:00","dateModified":"2026-01-14T11:42:40+00:00","description":"Entrega adicional de logotipo.","breadcrumb":{"@id":"https:\/\/www.logocrea.com\/store\/producto\/propuesta-adicional-de-logotipo-precio-para-empresa-o-autonomo\/#breadcrumb"},"inLanguage":"es","potentialAction":[{"@type":"ReadAction","target":["https:\/\/www.logocrea.com\/store\/producto\/propuesta-adicional-de-logotipo-precio-para-empresa-o-autonomo\/"]}]},{"@type":"ImageObject","inLanguage":"es","@id":"https:\/\/www.logocrea.com\/store\/producto\/propuesta-adicional-de-logotipo-precio-para-empresa-o-autonomo\/#primaryimage","url":"https:\/\/www.logocrea.com\/store\/wp-content\/uploads\/2024\/10\/propuesta-adicional-store.jpg","contentUrl":"https:\/\/www.logocrea.com\/store\/wp-content\/uploads\/2024\/10\/propuesta-adicional-store.jpg","width":570,"height":572,"caption":"Dise\u00f1o de propuesta adicional de logo. Dise\u00f1o de Logocrea\u00ae"},{"@type":"BreadcrumbList","@id":"https:\/\/www.logocrea.com\/store\/producto\/propuesta-adicional-de-logotipo-precio-para-empresa-o-autonomo\/#breadcrumb","itemListElement":[{"@type":"ListItem","position":1,"name":"Portada","item":"https:\/\/www.logocrea.com\/store\/"},{"@type":"ListItem","position":2,"name":"Tienda","item":"https:\/\/www.logocrea.com\/store\/tienda\/"},{"@type":"ListItem","position":3,"name":"Propuesta adicional de logotipo. Precio para empresa o aut\u00f3nomo"}]},{"@type":"WebSite","@id":"https:\/\/www.logocrea.com\/store\/#website","url":"https:\/\/www.logocrea.com\/store\/","name":"Logocrea\u00ae | Dise\u00f1o de logotipos, web y gr\u00e1fico | Agencia de Branding","description":"Logocrea\u00ae es una agencia de dise\u00f1o profesional, especializada en imagen corporativa: dise\u00f1amos logos, webs y realizamos todo tipo de dise\u00f1o gr\u00e1fico desde 2003.","publisher":{"@id":"https:\/\/www.logocrea.com\/store\/#organization"},"alternateName":"Logocrea\u00ae | Dise\u00f1o de logotipos, web y gr\u00e1fico | Agencia de Branding","potentialAction":[{"@type":"SearchAction","target":{"@type":"EntryPoint","urlTemplate":"https:\/\/www.logocrea.com\/store\/?s={search_term_string}"},"query-input":{"@type":"PropertyValueSpecification","valueRequired":true,"valueName":"search_term_string"}}],"inLanguage":"es"},{"@type":"Organization","@id":"https:\/\/www.logocrea.com\/store\/#organization","name":"Logocrea\u00ae | Dise\u00f1o de logotipos, web y gr\u00e1fico | Agencia de Branding","url":"https:\/\/www.logocrea.com\/store\/","logo":{"@type":"ImageObject","inLanguage":"es","@id":"https:\/\/www.logocrea.com\/store\/#\/schema\/logo\/image\/","url":"https:\/\/www.logocrea.com\/store\/wp-content\/uploads\/2022\/11\/logocrea-2022-500.jpg","contentUrl":"https:\/\/www.logocrea.com\/store\/wp-content\/uploads\/2022\/11\/logocrea-2022-500.jpg","width":500,"height":163,"caption":"Logocrea\u00ae | Dise\u00f1o de logotipos, web y gr\u00e1fico | Agencia de Branding"},"image":{"@id":"https:\/\/www.logocrea.com\/store\/#\/schema\/logo\/image\/"},"sameAs":["https:\/\/www.facebook.com\/logocrea","https:\/\/x.com\/logocrea","https:\/\/www.tiktok.com\/@logocrea","https:\/\/www.instagram.com\/logocrea.es"]}]}},"_links":{"self":[{"href":"https:\/\/www.logocrea.com\/store\/wp-json\/wp\/v2\/product\/227686","targetHints":{"allow":["GET"]}}],"collection":[{"href":"https:\/\/www.logocrea.com\/store\/wp-json\/wp\/v2\/product"}],"about":[{"href":"https:\/\/www.logocrea.com\/store\/wp-json\/wp\/v2\/types\/product"}],"wp:featuredmedia":[{"embeddable":true,"href":"https:\/\/www.logocrea.com\/store\/wp-json\/wp\/v2\/media\/227688"}],"wp:attachment":[{"href":"https:\/\/www.logocrea.com\/store\/wp-json\/wp\/v2\/media?parent=227686"}],"wp:term":[{"taxonomy":"product_brand","embeddable":true,"href":"https:\/\/www.logocrea.com\/store\/wp-json\/wp\/v2\/product_brand?post=227686"},{"taxonomy":"product_cat","embeddable":true,"href":"https:\/\/www.logocrea.com\/store\/wp-json\/wp\/v2\/product_cat?post=227686"},{"taxonomy":"product_tag","embeddable":true,"href":"https:\/\/www.logocrea.com\/store\/wp-json\/wp\/v2\/product_tag?post=227686"}],"curies":[{"name":"wp","href":"https:\/\/api.w.org\/{rel}","templated":true}]}}