{"id":227693,"date":"2024-10-29T13:20:23","date_gmt":"2024-10-29T12:20:23","guid":{"rendered":"https:\/\/www.logocrea.com\/store\/?post_type=product&#038;p=227693"},"modified":"2024-11-18T13:17:32","modified_gmt":"2024-11-18T12:17:32","slug":"brandingmax-precio-para-particular","status":"publish","type":"product","link":"https:\/\/www.logocrea.com\/store\/producto\/brandingmax-precio-para-particular\/","title":{"rendered":"BrandingMAX\u00a9. Precio para particular"},"content":{"rendered":"<p><strong>Naming<\/strong><br \/>\nCreaci\u00f3n de nombre de marca. Metodolog\u00eda: 2 listados de 10 nombres libres para el registro de marca en Oficina Espa\u00f1ola de Patentes y Marcas y dominio .com.<strong><br \/>\n<\/strong>Plazos: 4 d\u00edas laborables.<\/p>\n<p><strong>Slogan<\/strong><br \/>\nCreaci\u00f3n de frase clave del negocio.<br \/>\nPlazos: 4 d\u00edas laborables.<\/p>\n<p><strong>Dise\u00f1o de logotipo personalizado<\/strong><br \/>\nPropuestas ilimitadas.<br \/>\nJPG\/PNG de 600, 1600 y 4000px de ancho (4k).<br \/>\nSVG vectorial.<br \/>\nInvertido y monocromo incluidos.<br \/>\nPara redes sociales: Isotipo, portada Facebook y favicon<br \/>\nPapeler\u00eda JPG\/PDF\/Word<br \/>\nDise\u00f1o de tarjeta por ambas caras, folio A4, logotipo con datos, carpeta corporativa y sobre americano.<br \/>\nPlazos: 4 d\u00edas laborables.<\/p>\n<p><strong>Manual de identidad corporativa<\/strong><br \/>\nPDF con descripci\u00f3n de logo, colores, tipograf\u00edas, usos y certificado de cesi\u00f3n de derechos.<br \/>\nPlazos: 4 d\u00edas laborables.<\/p>\n<p><strong>LogoMO, animaci\u00f3n de logo<\/strong><br \/>\nV\u00eddeo de 5 segundos con m\u00fasica y fondo. Entrega de MP4 Full HD en vertical y horizontal.<br \/>\nPlazos: 4 d\u00edas laborables.<\/p>\n<p><strong>Patr\u00f3n gr\u00e1fico de logo<\/strong><br \/>\nJPG horizontal, JPG vertical y SVG vectorial.<br \/>\nPlazos: 4 d\u00edas laborables.<\/p>\n<p><strong>Cartel de gran formato o r\u00f3tulo<\/strong><br \/>\nHasta 12m\u00b2. JPG, PDF y SVG.<br \/>\nPlazos: 4 d\u00edas laborables.<\/p>\n<p><strong>Dise\u00f1o de flyer, d\u00edptico o tr\u00edptico (a elegir)<\/strong><br \/>\nIncluye hasta 2 fotos publicitarias libres de copyright. Entrega JPG y PDF con 300ppi.<br \/>\nPlazos: 4 d\u00edas laborables.<\/p>\n<p><strong>Dise\u00f1o de packaging o etiqueta (a elegir)<\/strong><br \/>\nDesarrollado en A3 como m\u00e1ximo. Entrega JPG y PDF.<br \/>\nPlazos: 4 d\u00edas laborables.<\/p>\n<p><strong>Merchandising<\/strong><br \/>\nDise\u00f1o de logo adaptado a 2 objetos (una sola superficie). A elegir entre camisetas, gorras, mecheros, bol\u00edgrafos. Para otros objetos, cons\u00faltanos. Entrega de JPG y PDF.<br \/>\nPlazos: 4 d\u00edas laborables.<\/p>\n<p><strong>Feed de Instagram<\/strong><br \/>\nCreaci\u00f3n de 9 publicaciones con sus respectivas im\u00e1genes adaptadas al formato de publicaci\u00f3n de Instagram.<br \/>\nPlazos: 4 d\u00edas laborables.<\/p>\n<p>Fases de trabajo: Naming y slogan, logotipo, papeler\u00eda, manual de identidad corporativa, LogoMO, aplicaciones de logo (patr\u00f3n, folleto, cartel, Merchandising y packaging), y Feed de Instagram.<\/p>\n<p>El plazo m\u00e1ximo del proyecto es de 75 d\u00edas en total para poder solicitar los cambios oportunos.<\/p>\n<p><strong>Precio PVP exclusivamente particular.<\/strong> Incluye 21% de IVA.<\/p>\n<p style=\"text-align: left;\"><strong>\u00bfNecesitas m\u00e1s informaci\u00f3n sobre este servicio? <a href=\"https:\/\/www.logocrea.com\/agencia-de-branding\/brandingmax\/\" target=\"_blank\" rel=\"noopener\">Haz clic aqu\u00ed<\/a><\/strong><\/p>\n","protected":false},"excerpt":{"rendered":"<p><strong>Naming<\/strong><br \/>\n<strong>Slogan<\/strong><br \/>\n<strong>Dise\u00f1o de logotipo personalizado<\/strong><br \/>\n<strong>Manual de identidad corporativa<\/strong><br \/>\n<strong>LogoMO, animaci\u00f3n de logo<\/strong><br \/>\n<strong>Patr\u00f3n gr\u00e1fico de logo<\/strong><br \/>\n<strong>Cartel de gran formato o r\u00f3tulo<\/strong><br \/>\n<strong>Dise\u00f1o de flyer, d\u00edptico o tr\u00edptico (a elegir)<\/strong><br \/>\n<strong>Dise\u00f1o de packaging o etiqueta (a elegir)<\/strong><br \/>\n<strong>Merchandising<\/strong><br \/>\n<strong>Feed de Instagram<\/strong><\/p>\n","protected":false},"featured_media":227678,"template":"","meta":{"_et_pb_use_builder":"","_et_pb_old_content":"","_et_gb_content_width":""},"product_brand":[],"product_cat":[157],"product_tag":[168,155,162,163,99,159,164,167,166,160,52,165,40,161,158],"class_list":{"0":"post-227693","1":"product","2":"type-product","3":"status-publish","4":"has-post-thumbnail","6":"product_cat-branding","7":"product_tag-12-meses-de-hosting-avanzado","8":"product_tag-animacion-de-logo","9":"product_tag-cartel-de-gran-formato-o-rotulo","10":"product_tag-diptico-o-triptico-a-elegir","11":"product_tag-diseno-de-flyer","12":"product_tag-diseno-de-logotipo-personalizado","13":"product_tag-diseno-de-packaging-o-etiqueta-a-elegir","14":"product_tag-diseno-web-o-tienda-online-avanzada-a-elegir","15":"product_tag-feed-de-instagram","16":"product_tag-logomo","17":"product_tag-manual-de-identidad-corporativa","18":"product_tag-merchandising","19":"product_tag-naming","20":"product_tag-patron-grafico-de-logo","21":"product_tag-slogan","23":"first","24":"instock","25":"downloadable","26":"virtual","27":"purchasable","28":"product-type-simple"},"yoast_head":"<!-- This site is optimized with the Yoast SEO plugin v27.4 - https:\/\/yoast.com\/product\/yoast-seo-wordpress\/ -->\n<title>\u27a4 BrandingMAX\u00a9. Precio para particular - Logocrea\u00ae Store<\/title>\n<meta name=\"description\" content=\"Somos una agencia de Branding especializada en dise\u00f1o de identidad corporativa, desde el naming, logo, patr\u00f3n, packaging hasta el dise\u00f1o web, y mucho m\u00e1s.\" \/>\n<meta name=\"robots\" content=\"index, follow, max-snippet:-1, max-image-preview:large, max-video-preview:-1\" \/>\n<link rel=\"canonical\" href=\"https:\/\/www.logocrea.com\/store\/producto\/brandingmax-precio-para-particular\/\" \/>\n<meta property=\"og:locale\" content=\"es_ES\" \/>\n<meta property=\"og:type\" content=\"article\" \/>\n<meta property=\"og:title\" content=\"\u27a4 BrandingMAX\u00a9. Precio para particular - Logocrea\u00ae Store\" \/>\n<meta property=\"og:description\" content=\"Somos una agencia de Branding especializada en dise\u00f1o de identidad corporativa, desde el naming, logo, patr\u00f3n, packaging hasta el dise\u00f1o web, y mucho m\u00e1s.\" \/>\n<meta property=\"og:url\" content=\"https:\/\/www.logocrea.com\/store\/producto\/brandingmax-precio-para-particular\/\" \/>\n<meta property=\"og:site_name\" content=\"Logocrea\u00ae Store\" \/>\n<meta property=\"article:publisher\" content=\"https:\/\/www.facebook.com\/logocrea\" \/>\n<meta property=\"article:modified_time\" content=\"2024-11-18T12:17:32+00:00\" \/>\n<meta property=\"og:image\" content=\"https:\/\/www.logocrea.com\/store\/wp-content\/uploads\/2024\/10\/branding-max-store.jpg\" \/>\n\t<meta property=\"og:image:width\" content=\"570\" \/>\n\t<meta property=\"og:image:height\" content=\"572\" \/>\n\t<meta property=\"og:image:type\" content=\"image\/jpeg\" \/>\n<meta name=\"twitter:card\" content=\"summary_large_image\" \/>\n<meta name=\"twitter:site\" content=\"@logocrea\" \/>\n<meta name=\"twitter:label1\" content=\"Tiempo de lectura\" \/>\n\t<meta name=\"twitter:data1\" content=\"2 minutos\" \/>\n<script type=\"application\/ld+json\" class=\"yoast-schema-graph\">{\"@context\":\"https:\\\/\\\/schema.org\",\"@graph\":[{\"@type\":\"WebPage\",\"@id\":\"https:\\\/\\\/www.logocrea.com\\\/store\\\/producto\\\/brandingmax-precio-para-particular\\\/\",\"url\":\"https:\\\/\\\/www.logocrea.com\\\/store\\\/producto\\\/brandingmax-precio-para-particular\\\/\",\"name\":\"\u27a4 BrandingMAX\u00a9. Precio para particular - Logocrea\u00ae Store\",\"isPartOf\":{\"@id\":\"https:\\\/\\\/www.logocrea.com\\\/store\\\/#website\"},\"primaryImageOfPage\":{\"@id\":\"https:\\\/\\\/www.logocrea.com\\\/store\\\/producto\\\/brandingmax-precio-para-particular\\\/#primaryimage\"},\"image\":{\"@id\":\"https:\\\/\\\/www.logocrea.com\\\/store\\\/producto\\\/brandingmax-precio-para-particular\\\/#primaryimage\"},\"thumbnailUrl\":\"https:\\\/\\\/www.logocrea.com\\\/store\\\/wp-content\\\/uploads\\\/2024\\\/10\\\/branding-max-store.jpg\",\"datePublished\":\"2024-10-29T12:20:23+00:00\",\"dateModified\":\"2024-11-18T12:17:32+00:00\",\"description\":\"Somos una agencia de Branding especializada en dise\u00f1o de identidad corporativa, desde el naming, logo, patr\u00f3n, packaging hasta el dise\u00f1o web, y mucho m\u00e1s.\",\"breadcrumb\":{\"@id\":\"https:\\\/\\\/www.logocrea.com\\\/store\\\/producto\\\/brandingmax-precio-para-particular\\\/#breadcrumb\"},\"inLanguage\":\"es\",\"potentialAction\":[{\"@type\":\"ReadAction\",\"target\":[\"https:\\\/\\\/www.logocrea.com\\\/store\\\/producto\\\/brandingmax-precio-para-particular\\\/\"]}]},{\"@type\":\"ImageObject\",\"inLanguage\":\"es\",\"@id\":\"https:\\\/\\\/www.logocrea.com\\\/store\\\/producto\\\/brandingmax-precio-para-particular\\\/#primaryimage\",\"url\":\"https:\\\/\\\/www.logocrea.com\\\/store\\\/wp-content\\\/uploads\\\/2024\\\/10\\\/branding-max-store.jpg\",\"contentUrl\":\"https:\\\/\\\/www.logocrea.com\\\/store\\\/wp-content\\\/uploads\\\/2024\\\/10\\\/branding-max-store.jpg\",\"width\":570,\"height\":572,\"caption\":\"Branding MAX de Logocrea\u00ae\"},{\"@type\":\"BreadcrumbList\",\"@id\":\"https:\\\/\\\/www.logocrea.com\\\/store\\\/producto\\\/brandingmax-precio-para-particular\\\/#breadcrumb\",\"itemListElement\":[{\"@type\":\"ListItem\",\"position\":1,\"name\":\"Portada\",\"item\":\"https:\\\/\\\/www.logocrea.com\\\/store\\\/\"},{\"@type\":\"ListItem\",\"position\":2,\"name\":\"Tienda\",\"item\":\"https:\\\/\\\/www.logocrea.com\\\/store\\\/tienda\\\/\"},{\"@type\":\"ListItem\",\"position\":3,\"name\":\"BrandingMAX\u00a9. Precio para particular\"}]},{\"@type\":\"WebSite\",\"@id\":\"https:\\\/\\\/www.logocrea.com\\\/store\\\/#website\",\"url\":\"https:\\\/\\\/www.logocrea.com\\\/store\\\/\",\"name\":\"Logocrea\u00ae | Dise\u00f1o de logotipos, web y gr\u00e1fico | Agencia de Branding\",\"description\":\"Logocrea\u00ae es una agencia de dise\u00f1o profesional, especializada en imagen corporativa: dise\u00f1amos logos, webs y realizamos todo tipo de dise\u00f1o gr\u00e1fico desde 2003.\",\"publisher\":{\"@id\":\"https:\\\/\\\/www.logocrea.com\\\/store\\\/#organization\"},\"alternateName\":\"Logocrea\u00ae | Dise\u00f1o de logotipos, web y gr\u00e1fico | Agencia de Branding\",\"potentialAction\":[{\"@type\":\"SearchAction\",\"target\":{\"@type\":\"EntryPoint\",\"urlTemplate\":\"https:\\\/\\\/www.logocrea.com\\\/store\\\/?s={search_term_string}\"},\"query-input\":{\"@type\":\"PropertyValueSpecification\",\"valueRequired\":true,\"valueName\":\"search_term_string\"}}],\"inLanguage\":\"es\"},{\"@type\":\"Organization\",\"@id\":\"https:\\\/\\\/www.logocrea.com\\\/store\\\/#organization\",\"name\":\"Logocrea\u00ae | Dise\u00f1o de logotipos, web y gr\u00e1fico | Agencia de Branding\",\"url\":\"https:\\\/\\\/www.logocrea.com\\\/store\\\/\",\"logo\":{\"@type\":\"ImageObject\",\"inLanguage\":\"es\",\"@id\":\"https:\\\/\\\/www.logocrea.com\\\/store\\\/#\\\/schema\\\/logo\\\/image\\\/\",\"url\":\"https:\\\/\\\/www.logocrea.com\\\/store\\\/wp-content\\\/uploads\\\/2022\\\/11\\\/logocrea-2022-500.jpg\",\"contentUrl\":\"https:\\\/\\\/www.logocrea.com\\\/store\\\/wp-content\\\/uploads\\\/2022\\\/11\\\/logocrea-2022-500.jpg\",\"width\":500,\"height\":163,\"caption\":\"Logocrea\u00ae | Dise\u00f1o de logotipos, web y gr\u00e1fico | Agencia de Branding\"},\"image\":{\"@id\":\"https:\\\/\\\/www.logocrea.com\\\/store\\\/#\\\/schema\\\/logo\\\/image\\\/\"},\"sameAs\":[\"https:\\\/\\\/www.facebook.com\\\/logocrea\",\"https:\\\/\\\/x.com\\\/logocrea\",\"https:\\\/\\\/www.tiktok.com\\\/@logocrea\",\"https:\\\/\\\/www.instagram.com\\\/logocrea.es\"]}]}<\/script>\n<!-- \/ Yoast SEO plugin. -->","yoast_head_json":{"title":"\u27a4 BrandingMAX\u00a9. Precio para particular - Logocrea\u00ae Store","description":"Somos una agencia de Branding especializada en dise\u00f1o de identidad corporativa, desde el naming, logo, patr\u00f3n, packaging hasta el dise\u00f1o web, y mucho m\u00e1s.","robots":{"index":"index","follow":"follow","max-snippet":"max-snippet:-1","max-image-preview":"max-image-preview:large","max-video-preview":"max-video-preview:-1"},"canonical":"https:\/\/www.logocrea.com\/store\/producto\/brandingmax-precio-para-particular\/","og_locale":"es_ES","og_type":"article","og_title":"\u27a4 BrandingMAX\u00a9. Precio para particular - Logocrea\u00ae Store","og_description":"Somos una agencia de Branding especializada en dise\u00f1o de identidad corporativa, desde el naming, logo, patr\u00f3n, packaging hasta el dise\u00f1o web, y mucho m\u00e1s.","og_url":"https:\/\/www.logocrea.com\/store\/producto\/brandingmax-precio-para-particular\/","og_site_name":"Logocrea\u00ae Store","article_publisher":"https:\/\/www.facebook.com\/logocrea","article_modified_time":"2024-11-18T12:17:32+00:00","og_image":[{"width":570,"height":572,"url":"https:\/\/www.logocrea.com\/store\/wp-content\/uploads\/2024\/10\/branding-max-store.jpg","type":"image\/jpeg"}],"twitter_card":"summary_large_image","twitter_site":"@logocrea","twitter_misc":{"Tiempo de lectura":"2 minutos"},"schema":{"@context":"https:\/\/schema.org","@graph":[{"@type":"WebPage","@id":"https:\/\/www.logocrea.com\/store\/producto\/brandingmax-precio-para-particular\/","url":"https:\/\/www.logocrea.com\/store\/producto\/brandingmax-precio-para-particular\/","name":"\u27a4 BrandingMAX\u00a9. Precio para particular - Logocrea\u00ae Store","isPartOf":{"@id":"https:\/\/www.logocrea.com\/store\/#website"},"primaryImageOfPage":{"@id":"https:\/\/www.logocrea.com\/store\/producto\/brandingmax-precio-para-particular\/#primaryimage"},"image":{"@id":"https:\/\/www.logocrea.com\/store\/producto\/brandingmax-precio-para-particular\/#primaryimage"},"thumbnailUrl":"https:\/\/www.logocrea.com\/store\/wp-content\/uploads\/2024\/10\/branding-max-store.jpg","datePublished":"2024-10-29T12:20:23+00:00","dateModified":"2024-11-18T12:17:32+00:00","description":"Somos una agencia de Branding especializada en dise\u00f1o de identidad corporativa, desde el naming, logo, patr\u00f3n, packaging hasta el dise\u00f1o web, y mucho m\u00e1s.","breadcrumb":{"@id":"https:\/\/www.logocrea.com\/store\/producto\/brandingmax-precio-para-particular\/#breadcrumb"},"inLanguage":"es","potentialAction":[{"@type":"ReadAction","target":["https:\/\/www.logocrea.com\/store\/producto\/brandingmax-precio-para-particular\/"]}]},{"@type":"ImageObject","inLanguage":"es","@id":"https:\/\/www.logocrea.com\/store\/producto\/brandingmax-precio-para-particular\/#primaryimage","url":"https:\/\/www.logocrea.com\/store\/wp-content\/uploads\/2024\/10\/branding-max-store.jpg","contentUrl":"https:\/\/www.logocrea.com\/store\/wp-content\/uploads\/2024\/10\/branding-max-store.jpg","width":570,"height":572,"caption":"Branding MAX de Logocrea\u00ae"},{"@type":"BreadcrumbList","@id":"https:\/\/www.logocrea.com\/store\/producto\/brandingmax-precio-para-particular\/#breadcrumb","itemListElement":[{"@type":"ListItem","position":1,"name":"Portada","item":"https:\/\/www.logocrea.com\/store\/"},{"@type":"ListItem","position":2,"name":"Tienda","item":"https:\/\/www.logocrea.com\/store\/tienda\/"},{"@type":"ListItem","position":3,"name":"BrandingMAX\u00a9. Precio para particular"}]},{"@type":"WebSite","@id":"https:\/\/www.logocrea.com\/store\/#website","url":"https:\/\/www.logocrea.com\/store\/","name":"Logocrea\u00ae | Dise\u00f1o de logotipos, web y gr\u00e1fico | Agencia de Branding","description":"Logocrea\u00ae es una agencia de dise\u00f1o profesional, especializada en imagen corporativa: dise\u00f1amos logos, webs y realizamos todo tipo de dise\u00f1o gr\u00e1fico desde 2003.","publisher":{"@id":"https:\/\/www.logocrea.com\/store\/#organization"},"alternateName":"Logocrea\u00ae | Dise\u00f1o de logotipos, web y gr\u00e1fico | Agencia de Branding","potentialAction":[{"@type":"SearchAction","target":{"@type":"EntryPoint","urlTemplate":"https:\/\/www.logocrea.com\/store\/?s={search_term_string}"},"query-input":{"@type":"PropertyValueSpecification","valueRequired":true,"valueName":"search_term_string"}}],"inLanguage":"es"},{"@type":"Organization","@id":"https:\/\/www.logocrea.com\/store\/#organization","name":"Logocrea\u00ae | Dise\u00f1o de logotipos, web y gr\u00e1fico | Agencia de Branding","url":"https:\/\/www.logocrea.com\/store\/","logo":{"@type":"ImageObject","inLanguage":"es","@id":"https:\/\/www.logocrea.com\/store\/#\/schema\/logo\/image\/","url":"https:\/\/www.logocrea.com\/store\/wp-content\/uploads\/2022\/11\/logocrea-2022-500.jpg","contentUrl":"https:\/\/www.logocrea.com\/store\/wp-content\/uploads\/2022\/11\/logocrea-2022-500.jpg","width":500,"height":163,"caption":"Logocrea\u00ae | Dise\u00f1o de logotipos, web y gr\u00e1fico | Agencia de Branding"},"image":{"@id":"https:\/\/www.logocrea.com\/store\/#\/schema\/logo\/image\/"},"sameAs":["https:\/\/www.facebook.com\/logocrea","https:\/\/x.com\/logocrea","https:\/\/www.tiktok.com\/@logocrea","https:\/\/www.instagram.com\/logocrea.es"]}]}},"_links":{"self":[{"href":"https:\/\/www.logocrea.com\/store\/wp-json\/wp\/v2\/product\/227693","targetHints":{"allow":["GET"]}}],"collection":[{"href":"https:\/\/www.logocrea.com\/store\/wp-json\/wp\/v2\/product"}],"about":[{"href":"https:\/\/www.logocrea.com\/store\/wp-json\/wp\/v2\/types\/product"}],"wp:featuredmedia":[{"embeddable":true,"href":"https:\/\/www.logocrea.com\/store\/wp-json\/wp\/v2\/media\/227678"}],"wp:attachment":[{"href":"https:\/\/www.logocrea.com\/store\/wp-json\/wp\/v2\/media?parent=227693"}],"wp:term":[{"taxonomy":"product_brand","embeddable":true,"href":"https:\/\/www.logocrea.com\/store\/wp-json\/wp\/v2\/product_brand?post=227693"},{"taxonomy":"product_cat","embeddable":true,"href":"https:\/\/www.logocrea.com\/store\/wp-json\/wp\/v2\/product_cat?post=227693"},{"taxonomy":"product_tag","embeddable":true,"href":"https:\/\/www.logocrea.com\/store\/wp-json\/wp\/v2\/product_tag?post=227693"}],"curies":[{"name":"wp","href":"https:\/\/api.w.org\/{rel}","templated":true}]}}