{"id":228032,"date":"2025-10-25T12:19:53","date_gmt":"2025-10-25T10:19:53","guid":{"rendered":"https:\/\/www.logocrea.com\/store\/?post_type=product&#038;p=228032"},"modified":"2026-01-14T12:35:27","modified_gmt":"2026-01-14T11:35:27","slug":"reactivacion-hosting-dominio-y-cuentas-de-email-precio-para-empresa-o-autonomo","status":"publish","type":"product","link":"https:\/\/www.logocrea.com\/store\/producto\/reactivacion-hosting-dominio-y-cuentas-de-email-precio-para-empresa-o-autonomo\/","title":{"rendered":"Reactivaci\u00f3n hosting, dominio y cuentas de email. Precio para empresa o aut\u00f3nomo"},"content":{"rendered":"<p>Reactivaci\u00f3n de hosting, dominio y cuentas de email para la renovaci\u00f3n dichos servicios de web dise\u00f1ada por Logocrea fuera del periodo de renovaci\u00f3n.<br \/>\nPlazos: La web y las cuentas asociadas de email se reactivar\u00e1n en un plazo de 2 d\u00edas laborables.<br \/>\nFecha m\u00e1xima: Una vez caducado el servicio de hosting y dominio, dispone de 7 d\u00edas naturales para solicitar esta reactivaci\u00f3n. M\u00e1s all\u00e1 de este periodo no podemos asegurar que se pueda llevar la reactivaci\u00f3n con \u00e9xito.<br \/>\nImportante: Este servicio es \u00fanicamente para la reactivaci\u00f3n del plan de hosting que ha caducado. La contrataci\u00f3n debe realizarse conjuntamente a la renovaci\u00f3n de dicho plan. Por si solo, este servicio no es suficiente para reactivar su web.<\/p>\n<p><strong>Precio exclusivamente para empresas o aut\u00f3nomos.<\/strong> Incluye 21% de IVA y se aplica el 15% de IRPF.<\/p>\n","protected":false},"excerpt":{"rendered":"<p>Reactivaci\u00f3n de hosting, dominio y cuentas de email para la renovaci\u00f3n dichos servicios de web dise\u00f1ada por Logocrea fuera del periodo de renovaci\u00f3n.<\/p>\n<p>Plazos: La web y las cuentas asociadas de email se reactivar\u00e1n en un plazo de 2 d\u00edas laborables.<\/p>\n<p>Fecha m\u00e1xima: Una vez caducado el servicio de hosting y dominio, dispone de 7 d\u00edas naturales para solicitar esta reactivaci\u00f3n. M\u00e1s all\u00e1 de este periodo no podemos asegurar que se pueda llevar la reactivaci\u00f3n con \u00e9xito.<\/p>\n<p>Importante: Este servicio es \u00fanicamente para la reactivaci\u00f3n del plan de hosting que ha caducado. La contrataci\u00f3n debe realizarse conjuntamente a la renovaci\u00f3n de dicho plan. Por si solo, este servicio no es suficiente para reactivar su web.<\/p>\n","protected":false},"featured_media":228033,"template":"","meta":{"_et_pb_use_builder":"","_et_pb_old_content":"","_et_gb_content_width":""},"product_brand":[],"product_cat":[145],"product_tag":[126,125,174],"class_list":{"0":"post-228032","1":"product","2":"type-product","3":"status-publish","4":"has-post-thumbnail","6":"product_cat-hosting-y-mantenimiento","7":"product_tag-dominio","8":"product_tag-hosting","9":"product_tag-reactivacion","11":"first","12":"instock","13":"virtual","14":"purchasable","15":"product-type-simple"},"yoast_head":"<!-- This site is optimized with the Yoast SEO plugin v27.4 - https:\/\/yoast.com\/product\/yoast-seo-wordpress\/ -->\n<title>Reactivaci\u00f3n hosting, dominio y cuentas de email. Precio para empresa o aut\u00f3nomo - Logocrea\u00ae Store<\/title>\n<meta name=\"description\" content=\"Reactivaci\u00f3n de hosting, dominio y cuentas de email para la renovaci\u00f3n dichos servicios de web dise\u00f1ada por Logocrea fuera del periodo de renovaci\u00f3n.\" \/>\n<meta name=\"robots\" content=\"index, follow, max-snippet:-1, max-image-preview:large, max-video-preview:-1\" \/>\n<link rel=\"canonical\" href=\"https:\/\/www.logocrea.com\/store\/producto\/reactivacion-hosting-dominio-y-cuentas-de-email-precio-para-empresa-o-autonomo\/\" \/>\n<meta property=\"og:locale\" content=\"es_ES\" \/>\n<meta property=\"og:type\" content=\"article\" \/>\n<meta property=\"og:title\" content=\"Reactivaci\u00f3n hosting, dominio y cuentas de email. Precio para empresa o aut\u00f3nomo - Logocrea\u00ae Store\" \/>\n<meta property=\"og:description\" content=\"Reactivaci\u00f3n de hosting, dominio y cuentas de email para la renovaci\u00f3n dichos servicios de web dise\u00f1ada por Logocrea fuera del periodo de renovaci\u00f3n.\" \/>\n<meta property=\"og:url\" content=\"https:\/\/www.logocrea.com\/store\/producto\/reactivacion-hosting-dominio-y-cuentas-de-email-precio-para-empresa-o-autonomo\/\" \/>\n<meta property=\"og:site_name\" content=\"Logocrea\u00ae Store\" \/>\n<meta property=\"article:publisher\" content=\"https:\/\/www.facebook.com\/logocrea\" \/>\n<meta property=\"article:modified_time\" content=\"2026-01-14T11:35:27+00:00\" \/>\n<meta property=\"og:image\" content=\"https:\/\/www.logocrea.com\/store\/wp-content\/uploads\/2025\/10\/reactivacion-hosting.jpg\" \/>\n\t<meta property=\"og:image:width\" content=\"570\" \/>\n\t<meta property=\"og:image:height\" content=\"572\" \/>\n\t<meta property=\"og:image:type\" content=\"image\/jpeg\" \/>\n<meta name=\"twitter:card\" content=\"summary_large_image\" \/>\n<meta name=\"twitter:site\" content=\"@logocrea\" \/>\n<meta name=\"twitter:label1\" content=\"Tiempo de lectura\" \/>\n\t<meta name=\"twitter:data1\" content=\"1 minuto\" \/>\n<script type=\"application\/ld+json\" class=\"yoast-schema-graph\">{\"@context\":\"https:\\\/\\\/schema.org\",\"@graph\":[{\"@type\":\"WebPage\",\"@id\":\"https:\\\/\\\/www.logocrea.com\\\/store\\\/producto\\\/reactivacion-hosting-dominio-y-cuentas-de-email-precio-para-empresa-o-autonomo\\\/\",\"url\":\"https:\\\/\\\/www.logocrea.com\\\/store\\\/producto\\\/reactivacion-hosting-dominio-y-cuentas-de-email-precio-para-empresa-o-autonomo\\\/\",\"name\":\"Reactivaci\u00f3n hosting, dominio y cuentas de email. Precio para empresa o aut\u00f3nomo - Logocrea\u00ae Store\",\"isPartOf\":{\"@id\":\"https:\\\/\\\/www.logocrea.com\\\/store\\\/#website\"},\"primaryImageOfPage\":{\"@id\":\"https:\\\/\\\/www.logocrea.com\\\/store\\\/producto\\\/reactivacion-hosting-dominio-y-cuentas-de-email-precio-para-empresa-o-autonomo\\\/#primaryimage\"},\"image\":{\"@id\":\"https:\\\/\\\/www.logocrea.com\\\/store\\\/producto\\\/reactivacion-hosting-dominio-y-cuentas-de-email-precio-para-empresa-o-autonomo\\\/#primaryimage\"},\"thumbnailUrl\":\"https:\\\/\\\/www.logocrea.com\\\/store\\\/wp-content\\\/uploads\\\/2025\\\/10\\\/reactivacion-hosting.jpg\",\"datePublished\":\"2025-10-25T10:19:53+00:00\",\"dateModified\":\"2026-01-14T11:35:27+00:00\",\"description\":\"Reactivaci\u00f3n de hosting, dominio y cuentas de email para la renovaci\u00f3n dichos servicios de web dise\u00f1ada por Logocrea fuera del periodo de renovaci\u00f3n.\",\"breadcrumb\":{\"@id\":\"https:\\\/\\\/www.logocrea.com\\\/store\\\/producto\\\/reactivacion-hosting-dominio-y-cuentas-de-email-precio-para-empresa-o-autonomo\\\/#breadcrumb\"},\"inLanguage\":\"es\",\"potentialAction\":[{\"@type\":\"ReadAction\",\"target\":[\"https:\\\/\\\/www.logocrea.com\\\/store\\\/producto\\\/reactivacion-hosting-dominio-y-cuentas-de-email-precio-para-empresa-o-autonomo\\\/\"]}]},{\"@type\":\"ImageObject\",\"inLanguage\":\"es\",\"@id\":\"https:\\\/\\\/www.logocrea.com\\\/store\\\/producto\\\/reactivacion-hosting-dominio-y-cuentas-de-email-precio-para-empresa-o-autonomo\\\/#primaryimage\",\"url\":\"https:\\\/\\\/www.logocrea.com\\\/store\\\/wp-content\\\/uploads\\\/2025\\\/10\\\/reactivacion-hosting.jpg\",\"contentUrl\":\"https:\\\/\\\/www.logocrea.com\\\/store\\\/wp-content\\\/uploads\\\/2025\\\/10\\\/reactivacion-hosting.jpg\",\"width\":570,\"height\":572,\"caption\":\"Reactivaci\u00f3n de hosting. Logocrea\u00ae\"},{\"@type\":\"BreadcrumbList\",\"@id\":\"https:\\\/\\\/www.logocrea.com\\\/store\\\/producto\\\/reactivacion-hosting-dominio-y-cuentas-de-email-precio-para-empresa-o-autonomo\\\/#breadcrumb\",\"itemListElement\":[{\"@type\":\"ListItem\",\"position\":1,\"name\":\"Portada\",\"item\":\"https:\\\/\\\/www.logocrea.com\\\/store\\\/\"},{\"@type\":\"ListItem\",\"position\":2,\"name\":\"Tienda\",\"item\":\"https:\\\/\\\/www.logocrea.com\\\/store\\\/tienda\\\/\"},{\"@type\":\"ListItem\",\"position\":3,\"name\":\"Reactivaci\u00f3n hosting, dominio y cuentas de email. Precio para empresa o aut\u00f3nomo\"}]},{\"@type\":\"WebSite\",\"@id\":\"https:\\\/\\\/www.logocrea.com\\\/store\\\/#website\",\"url\":\"https:\\\/\\\/www.logocrea.com\\\/store\\\/\",\"name\":\"Logocrea\u00ae | Dise\u00f1o de logotipos, web y gr\u00e1fico | Agencia de Branding\",\"description\":\"Logocrea\u00ae es una agencia de dise\u00f1o profesional, especializada en imagen corporativa: dise\u00f1amos logos, webs y realizamos todo tipo de dise\u00f1o gr\u00e1fico desde 2003.\",\"publisher\":{\"@id\":\"https:\\\/\\\/www.logocrea.com\\\/store\\\/#organization\"},\"alternateName\":\"Logocrea\u00ae | Dise\u00f1o de logotipos, web y gr\u00e1fico | Agencia de Branding\",\"potentialAction\":[{\"@type\":\"SearchAction\",\"target\":{\"@type\":\"EntryPoint\",\"urlTemplate\":\"https:\\\/\\\/www.logocrea.com\\\/store\\\/?s={search_term_string}\"},\"query-input\":{\"@type\":\"PropertyValueSpecification\",\"valueRequired\":true,\"valueName\":\"search_term_string\"}}],\"inLanguage\":\"es\"},{\"@type\":\"Organization\",\"@id\":\"https:\\\/\\\/www.logocrea.com\\\/store\\\/#organization\",\"name\":\"Logocrea\u00ae | Dise\u00f1o de logotipos, web y gr\u00e1fico | Agencia de Branding\",\"url\":\"https:\\\/\\\/www.logocrea.com\\\/store\\\/\",\"logo\":{\"@type\":\"ImageObject\",\"inLanguage\":\"es\",\"@id\":\"https:\\\/\\\/www.logocrea.com\\\/store\\\/#\\\/schema\\\/logo\\\/image\\\/\",\"url\":\"https:\\\/\\\/www.logocrea.com\\\/store\\\/wp-content\\\/uploads\\\/2022\\\/11\\\/logocrea-2022-500.jpg\",\"contentUrl\":\"https:\\\/\\\/www.logocrea.com\\\/store\\\/wp-content\\\/uploads\\\/2022\\\/11\\\/logocrea-2022-500.jpg\",\"width\":500,\"height\":163,\"caption\":\"Logocrea\u00ae | Dise\u00f1o de logotipos, web y gr\u00e1fico | Agencia de Branding\"},\"image\":{\"@id\":\"https:\\\/\\\/www.logocrea.com\\\/store\\\/#\\\/schema\\\/logo\\\/image\\\/\"},\"sameAs\":[\"https:\\\/\\\/www.facebook.com\\\/logocrea\",\"https:\\\/\\\/x.com\\\/logocrea\",\"https:\\\/\\\/www.tiktok.com\\\/@logocrea\",\"https:\\\/\\\/www.instagram.com\\\/logocrea.es\"]}]}<\/script>\n<!-- \/ Yoast SEO plugin. -->","yoast_head_json":{"title":"Reactivaci\u00f3n hosting, dominio y cuentas de email. Precio para empresa o aut\u00f3nomo - Logocrea\u00ae Store","description":"Reactivaci\u00f3n de hosting, dominio y cuentas de email para la renovaci\u00f3n dichos servicios de web dise\u00f1ada por Logocrea fuera del periodo de renovaci\u00f3n.","robots":{"index":"index","follow":"follow","max-snippet":"max-snippet:-1","max-image-preview":"max-image-preview:large","max-video-preview":"max-video-preview:-1"},"canonical":"https:\/\/www.logocrea.com\/store\/producto\/reactivacion-hosting-dominio-y-cuentas-de-email-precio-para-empresa-o-autonomo\/","og_locale":"es_ES","og_type":"article","og_title":"Reactivaci\u00f3n hosting, dominio y cuentas de email. Precio para empresa o aut\u00f3nomo - Logocrea\u00ae Store","og_description":"Reactivaci\u00f3n de hosting, dominio y cuentas de email para la renovaci\u00f3n dichos servicios de web dise\u00f1ada por Logocrea fuera del periodo de renovaci\u00f3n.","og_url":"https:\/\/www.logocrea.com\/store\/producto\/reactivacion-hosting-dominio-y-cuentas-de-email-precio-para-empresa-o-autonomo\/","og_site_name":"Logocrea\u00ae Store","article_publisher":"https:\/\/www.facebook.com\/logocrea","article_modified_time":"2026-01-14T11:35:27+00:00","og_image":[{"width":570,"height":572,"url":"https:\/\/www.logocrea.com\/store\/wp-content\/uploads\/2025\/10\/reactivacion-hosting.jpg","type":"image\/jpeg"}],"twitter_card":"summary_large_image","twitter_site":"@logocrea","twitter_misc":{"Tiempo de lectura":"1 minuto"},"schema":{"@context":"https:\/\/schema.org","@graph":[{"@type":"WebPage","@id":"https:\/\/www.logocrea.com\/store\/producto\/reactivacion-hosting-dominio-y-cuentas-de-email-precio-para-empresa-o-autonomo\/","url":"https:\/\/www.logocrea.com\/store\/producto\/reactivacion-hosting-dominio-y-cuentas-de-email-precio-para-empresa-o-autonomo\/","name":"Reactivaci\u00f3n hosting, dominio y cuentas de email. Precio para empresa o aut\u00f3nomo - Logocrea\u00ae Store","isPartOf":{"@id":"https:\/\/www.logocrea.com\/store\/#website"},"primaryImageOfPage":{"@id":"https:\/\/www.logocrea.com\/store\/producto\/reactivacion-hosting-dominio-y-cuentas-de-email-precio-para-empresa-o-autonomo\/#primaryimage"},"image":{"@id":"https:\/\/www.logocrea.com\/store\/producto\/reactivacion-hosting-dominio-y-cuentas-de-email-precio-para-empresa-o-autonomo\/#primaryimage"},"thumbnailUrl":"https:\/\/www.logocrea.com\/store\/wp-content\/uploads\/2025\/10\/reactivacion-hosting.jpg","datePublished":"2025-10-25T10:19:53+00:00","dateModified":"2026-01-14T11:35:27+00:00","description":"Reactivaci\u00f3n de hosting, dominio y cuentas de email para la renovaci\u00f3n dichos servicios de web dise\u00f1ada por Logocrea fuera del periodo de renovaci\u00f3n.","breadcrumb":{"@id":"https:\/\/www.logocrea.com\/store\/producto\/reactivacion-hosting-dominio-y-cuentas-de-email-precio-para-empresa-o-autonomo\/#breadcrumb"},"inLanguage":"es","potentialAction":[{"@type":"ReadAction","target":["https:\/\/www.logocrea.com\/store\/producto\/reactivacion-hosting-dominio-y-cuentas-de-email-precio-para-empresa-o-autonomo\/"]}]},{"@type":"ImageObject","inLanguage":"es","@id":"https:\/\/www.logocrea.com\/store\/producto\/reactivacion-hosting-dominio-y-cuentas-de-email-precio-para-empresa-o-autonomo\/#primaryimage","url":"https:\/\/www.logocrea.com\/store\/wp-content\/uploads\/2025\/10\/reactivacion-hosting.jpg","contentUrl":"https:\/\/www.logocrea.com\/store\/wp-content\/uploads\/2025\/10\/reactivacion-hosting.jpg","width":570,"height":572,"caption":"Reactivaci\u00f3n de hosting. Logocrea\u00ae"},{"@type":"BreadcrumbList","@id":"https:\/\/www.logocrea.com\/store\/producto\/reactivacion-hosting-dominio-y-cuentas-de-email-precio-para-empresa-o-autonomo\/#breadcrumb","itemListElement":[{"@type":"ListItem","position":1,"name":"Portada","item":"https:\/\/www.logocrea.com\/store\/"},{"@type":"ListItem","position":2,"name":"Tienda","item":"https:\/\/www.logocrea.com\/store\/tienda\/"},{"@type":"ListItem","position":3,"name":"Reactivaci\u00f3n hosting, dominio y cuentas de email. Precio para empresa o aut\u00f3nomo"}]},{"@type":"WebSite","@id":"https:\/\/www.logocrea.com\/store\/#website","url":"https:\/\/www.logocrea.com\/store\/","name":"Logocrea\u00ae | Dise\u00f1o de logotipos, web y gr\u00e1fico | Agencia de Branding","description":"Logocrea\u00ae es una agencia de dise\u00f1o profesional, especializada en imagen corporativa: dise\u00f1amos logos, webs y realizamos todo tipo de dise\u00f1o gr\u00e1fico desde 2003.","publisher":{"@id":"https:\/\/www.logocrea.com\/store\/#organization"},"alternateName":"Logocrea\u00ae | Dise\u00f1o de logotipos, web y gr\u00e1fico | Agencia de Branding","potentialAction":[{"@type":"SearchAction","target":{"@type":"EntryPoint","urlTemplate":"https:\/\/www.logocrea.com\/store\/?s={search_term_string}"},"query-input":{"@type":"PropertyValueSpecification","valueRequired":true,"valueName":"search_term_string"}}],"inLanguage":"es"},{"@type":"Organization","@id":"https:\/\/www.logocrea.com\/store\/#organization","name":"Logocrea\u00ae | Dise\u00f1o de logotipos, web y gr\u00e1fico | Agencia de Branding","url":"https:\/\/www.logocrea.com\/store\/","logo":{"@type":"ImageObject","inLanguage":"es","@id":"https:\/\/www.logocrea.com\/store\/#\/schema\/logo\/image\/","url":"https:\/\/www.logocrea.com\/store\/wp-content\/uploads\/2022\/11\/logocrea-2022-500.jpg","contentUrl":"https:\/\/www.logocrea.com\/store\/wp-content\/uploads\/2022\/11\/logocrea-2022-500.jpg","width":500,"height":163,"caption":"Logocrea\u00ae | Dise\u00f1o de logotipos, web y gr\u00e1fico | Agencia de Branding"},"image":{"@id":"https:\/\/www.logocrea.com\/store\/#\/schema\/logo\/image\/"},"sameAs":["https:\/\/www.facebook.com\/logocrea","https:\/\/x.com\/logocrea","https:\/\/www.tiktok.com\/@logocrea","https:\/\/www.instagram.com\/logocrea.es"]}]}},"_links":{"self":[{"href":"https:\/\/www.logocrea.com\/store\/wp-json\/wp\/v2\/product\/228032","targetHints":{"allow":["GET"]}}],"collection":[{"href":"https:\/\/www.logocrea.com\/store\/wp-json\/wp\/v2\/product"}],"about":[{"href":"https:\/\/www.logocrea.com\/store\/wp-json\/wp\/v2\/types\/product"}],"wp:featuredmedia":[{"embeddable":true,"href":"https:\/\/www.logocrea.com\/store\/wp-json\/wp\/v2\/media\/228033"}],"wp:attachment":[{"href":"https:\/\/www.logocrea.com\/store\/wp-json\/wp\/v2\/media?parent=228032"}],"wp:term":[{"taxonomy":"product_brand","embeddable":true,"href":"https:\/\/www.logocrea.com\/store\/wp-json\/wp\/v2\/product_brand?post=228032"},{"taxonomy":"product_cat","embeddable":true,"href":"https:\/\/www.logocrea.com\/store\/wp-json\/wp\/v2\/product_cat?post=228032"},{"taxonomy":"product_tag","embeddable":true,"href":"https:\/\/www.logocrea.com\/store\/wp-json\/wp\/v2\/product_tag?post=228032"}],"curies":[{"name":"wp","href":"https:\/\/api.w.org\/{rel}","templated":true}]}}